{"id":72460,"date":"2026-02-10T08:10:22","date_gmt":"2026-02-10T07:10:22","guid":{"rendered":"https:\/\/www.fleurop-home.ch\/de-ch\/p\/baby-erinnerungsbox-beige-baer-weiss"},"modified":"2026-02-17T08:21:53","modified_gmt":"2026-02-17T07:21:53","slug":"boite-a-souvenirs-bebe-beige-ours-blanc","status":"publish","type":"product","link":"https:\/\/www.fleurop-home.ch\/fr-ch\/p\/baby-erinnerungsbox-beige-baer-weiss","title":{"rendered":"Bo\u00eete \u00e0 souvenirs pour b\u00e9b\u00e9 Beige - Ours Blanc"},"content":{"rendered":"<p>Un tr\u00e9sor de souvenirs des premiers miracles de la vie. Les plus beaux moments de la vie de b\u00e9b\u00e9 peuvent \u00eatre conserv\u00e9s avec style dans cette bo\u00eete m\u00e9moire en lin, con\u00e7ue avec amour. Qu'il s'agisse de la premi\u00e8re tenue, d'une petite touffe de cheveux ou de la toute premi\u00e8re t\u00e9tine, chaque d\u00e9tail trouve ici une place particuli\u00e8re.<\/p>\n<p>La bo\u00eete contient<br \/>\n- un livret de souvenirs<br \/>\n- Tags &amp; fil de jute<br \/>\n- Enveloppes kraft &amp; feuilles d'autocollants<br \/>\n- Coins photo<br \/>\n- une bo\u00eete \u00e0 cheveux en \u00e9tain &amp; une bo\u00eete \u00e0 dents en \u00e9tain<br \/>\n- un \u00abpetit tr\u00e9sor\u00bb<br \/>\n- Bo\u00eete de rangement<br \/>\n- un m\u00e8tre ruban<br \/>\n- Deux sacs en tissu pour la premi\u00e8re tenue et la t\u00e9tine<\/p>\n<p>Sur le devant de la bo\u00eete, on peut lire la citation : \u201eLittle moments, big memories\u201c - une promesse qui rend chaque regard sur la bo\u00eete tr\u00e8s sp\u00e9cial.<\/p>\n<p>Couleur : Beige<br \/>\nMat\u00e9riel : carton, papier, coton<br \/>\nTaille : 30 x 30 x 6 cm<br \/>\nContenu : 1 bo\u00eete \u00e0 souvenirs avec de nombreux accessoires<br \/>\nNorme de s\u00e9curit\u00e9 : conforme \u00e0 la norme EN-71-1-2-3<br \/>\nMarque bo\u00eete : Little Dutch<\/p>","protected":false},"excerpt":{"rendered":"<p>Un tr\u00e9sor de souvenirs des premiers miracles de la vie. Les plus beaux moments de la vie de b\u00e9b\u00e9 peuvent \u00eatre conserv\u00e9s avec style dans cette bo\u00eete m\u00e9moire en lin, con\u00e7ue avec amour. Qu'il s'agisse de la premi\u00e8re tenue, d'une petite touffe de cheveux ou de la toute premi\u00e8re t\u00e9tine, chaque d\u00e9tail trouve ici une place particuli\u00e8re.<\/p>","protected":false},"featured_media":72459,"template":"","meta":[],"product_brand":[],"product_cat":[1233,59,1228,1227,52,53],"product_tag":[1222],"woo-feed-brand":[],"class_list":{"0":"post-72460","1":"product","2":"type-product","3":"status-publish","4":"has-post-thumbnail","6":"product_cat-neutral","7":"product_cat-kids","8":"product_cat-babys","9":"product_cat-geschenkboxen","10":"product_cat-geschenke","11":"product_cat-geschenksets","12":"product_tag-oykami-in-a-box","14":"first","15":"instock","16":"taxable","17":"shipping-taxable","18":"purchasable","19":"product-type-simple"},"_links":{"self":[{"href":"https:\/\/www.fleurop-home.ch\/fr-ch\/wp-json\/wp\/v2\/product\/72460","targetHints":{"allow":["GET"]}}],"collection":[{"href":"https:\/\/www.fleurop-home.ch\/fr-ch\/wp-json\/wp\/v2\/product"}],"about":[{"href":"https:\/\/www.fleurop-home.ch\/fr-ch\/wp-json\/wp\/v2\/types\/product"}],"wp:featuredmedia":[{"embeddable":true,"href":"https:\/\/www.fleurop-home.ch\/fr-ch\/wp-json\/wp\/v2\/media\/72459"}],"wp:attachment":[{"href":"https:\/\/www.fleurop-home.ch\/fr-ch\/wp-json\/wp\/v2\/media?parent=72460"}],"wp:term":[{"taxonomy":"product_brand","embeddable":true,"href":"https:\/\/www.fleurop-home.ch\/fr-ch\/wp-json\/wp\/v2\/product_brand?post=72460"},{"taxonomy":"product_cat","embeddable":true,"href":"https:\/\/www.fleurop-home.ch\/fr-ch\/wp-json\/wp\/v2\/product_cat?post=72460"},{"taxonomy":"product_tag","embeddable":true,"href":"https:\/\/www.fleurop-home.ch\/fr-ch\/wp-json\/wp\/v2\/product_tag?post=72460"},{"taxonomy":"woo-feed-brand","embeddable":true,"href":"https:\/\/www.fleurop-home.ch\/fr-ch\/wp-json\/wp\/v2\/woo-feed-brand?post=72460"}],"curies":[{"name":"wp","href":"https:\/\/api.w.org\/{rel}","templated":true}]}}