{"id":72447,"date":"2026-02-10T08:10:23","date_gmt":"2026-02-10T07:10:23","guid":{"rendered":"https:\/\/www.fleurop-home.ch\/de-ch\/p\/baby-erinnerungsbox-rosa-miffy"},"modified":"2026-02-17T08:30:20","modified_gmt":"2026-02-17T07:30:20","slug":"boite-a-souvenirs-de-bebe-rose-miffy","status":"publish","type":"product","link":"https:\/\/www.fleurop-home.ch\/fr-ch\/p\/baby-erinnerungsbox-rosa-miffy","title":{"rendered":"Bo\u00eete \u00e0 souvenirs de b\u00e9b\u00e9 rose - Miffy"},"content":{"rendered":"<p>Bo\u00eete \u00e0 m\u00e9moire Little Dutch - Version allemande limit\u00e9e<\/p>\n<p>Les premi\u00e8res ann\u00e9es passent \u00e0 une vitesse folle - mais les souvenirs restent. Les moments les plus pr\u00e9cieux de la vie de b\u00e9b\u00e9 peuvent \u00eatre conserv\u00e9s avec style dans cette bo\u00eete \u00e0 souvenirs joliment con\u00e7ue de Little Dutch. Elle offre de nombreuses possibilit\u00e9s d'immortaliser les \u00e9tapes importantes du d\u00e9veloppement de l'enfant de mani\u00e8re cr\u00e9ative et personnelle.<\/p>\n<p>Qu'il s'agisse des premiers mots, du ruban de pr\u00e9nom de l'h\u00f4pital ou de la t\u00e9tine pr\u00e9f\u00e9r\u00e9e, tous ces petits grands souvenirs trouveront leur place dans cette bo\u00eete de qualit\u00e9.<\/p>\n<p>Qu'y a-t-il de plus beau que de feuilleter plus tard, avec son enfant, les souvenirs recueillis avec amour ?<\/p>\n<p>\u2661 \u00c9dition limit\u00e9e - enti\u00e8rement en allemand.<\/p>\n<p>Couleur : rose<br \/>\nMat\u00e9riel : carton, papier, coton<br \/>\nTaille : 30 x 30 x 6 cm<br \/>\nContenu : 1 bo\u00eete \u00e0 souvenirs avec de nombreux accessoires<br \/>\nNorme de s\u00e9curit\u00e9 : conforme \u00e0 la norme EN-71-1-2-3<br \/>\nMarque bo\u00eete : Little Dutch<\/p>","protected":false},"excerpt":{"rendered":"<p>Bo\u00eete \u00e0 m\u00e9moire Little Dutch - Version allemande limit\u00e9e<\/p>","protected":false},"featured_media":72446,"template":"","meta":[],"product_brand":[],"product_cat":[1234,59,1228,1227,52,53],"product_tag":[1222],"woo-feed-brand":[],"class_list":{"0":"post-72447","1":"product","2":"type-product","3":"status-publish","4":"has-post-thumbnail","6":"product_cat-baby-girls","7":"product_cat-kids","8":"product_cat-babys","9":"product_cat-geschenkboxen","10":"product_cat-geschenke","11":"product_cat-geschenksets","12":"product_tag-oykami-in-a-box","14":"first","15":"instock","16":"taxable","17":"shipping-taxable","18":"purchasable","19":"product-type-simple"},"_links":{"self":[{"href":"https:\/\/www.fleurop-home.ch\/fr-ch\/wp-json\/wp\/v2\/product\/72447","targetHints":{"allow":["GET"]}}],"collection":[{"href":"https:\/\/www.fleurop-home.ch\/fr-ch\/wp-json\/wp\/v2\/product"}],"about":[{"href":"https:\/\/www.fleurop-home.ch\/fr-ch\/wp-json\/wp\/v2\/types\/product"}],"wp:featuredmedia":[{"embeddable":true,"href":"https:\/\/www.fleurop-home.ch\/fr-ch\/wp-json\/wp\/v2\/media\/72446"}],"wp:attachment":[{"href":"https:\/\/www.fleurop-home.ch\/fr-ch\/wp-json\/wp\/v2\/media?parent=72447"}],"wp:term":[{"taxonomy":"product_brand","embeddable":true,"href":"https:\/\/www.fleurop-home.ch\/fr-ch\/wp-json\/wp\/v2\/product_brand?post=72447"},{"taxonomy":"product_cat","embeddable":true,"href":"https:\/\/www.fleurop-home.ch\/fr-ch\/wp-json\/wp\/v2\/product_cat?post=72447"},{"taxonomy":"product_tag","embeddable":true,"href":"https:\/\/www.fleurop-home.ch\/fr-ch\/wp-json\/wp\/v2\/product_tag?post=72447"},{"taxonomy":"woo-feed-brand","embeddable":true,"href":"https:\/\/www.fleurop-home.ch\/fr-ch\/wp-json\/wp\/v2\/woo-feed-brand?post=72447"}],"curies":[{"name":"wp","href":"https:\/\/api.w.org\/{rel}","templated":true}]}}