{"id":72407,"date":"2026-02-10T08:10:25","date_gmt":"2026-02-10T07:10:25","guid":{"rendered":"https:\/\/www.fleurop-home.ch\/de-ch\/p\/baby-geschenkbox-fashion-2-miffy-rosa"},"modified":"2026-02-17T08:34:48","modified_gmt":"2026-02-17T07:34:48","slug":"coffret-cadeau-bebe-fashion-2-miffy-rose","status":"publish","type":"product","link":"https:\/\/www.fleurop-home.ch\/fr-ch\/p\/baby-geschenkbox-fashion-2-miffy-rosa","title":{"rendered":"Bo\u00eete cadeau pour b\u00e9b\u00e9 \u00abFashion 2\u00bb - Miffy Rose"},"content":{"rendered":"<p>Nos bo\u00eetes OYKAMI sont plus que des cadeaux - elles r\u00e9unissent de beaux tr\u00e9sors de qualit\u00e9 qui apportent s\u00e9curit\u00e9 et moments de bonheur dans la maison \u2661.<\/p>\n<p>L'adorable coffret cadeau pour b\u00e9b\u00e9 de 4 pi\u00e8ces contient les produits suivants :<br \/>\n- Miffy en peluche (25 cm)<br \/>\n- T-shirt b\u00e9b\u00e9 manches longues (taille 62)<br \/>\n- Pantalon pour b\u00e9b\u00e9 (taille 62)<br \/>\n- Bonnet pour b\u00e9b\u00e9 (3 - 6 mois)<br \/>\n- Carte postale surprise<\/p>\n<p>Tous nos coffrets cadeaux ont \u00e9t\u00e9 cr\u00e9\u00e9s avec beaucoup d'amour et le plus grand soin afin de r\u00e9pondre aux besoins de l'enfant et de donner beaucoup de joie aux parents. Ils sont parfaits pour une naissance, une f\u00eate de b\u00e9b\u00e9 ou simplement pour montrer aux nouveaux parents que l'on pense \u00e0 eux \u2661.<\/p>\n<p>Emball\u00e9e dans une bo\u00eete magn\u00e9tique solide de haute qualit\u00e9 avec un joli n\u0153ud, elle est imm\u00e9diatement pr\u00eate \u00e0 \u00eatre offerte et restera longtemps comme bo\u00eete \u00e0 souvenirs \u2661.<\/p>\n<p>Informations suppl\u00e9mentaires :<br \/>\n- Dimensions de la bo\u00eete cadeau : P : 26cm \/ L : 17cm \/ H : 11cm<br \/>\n- Convient aux b\u00e9b\u00e9s \u00e0 partir de 0+.<\/p>","protected":false},"excerpt":{"rendered":"<p>Nos bo\u00eetes OYKAMI sont plus que des cadeaux - elles r\u00e9unissent de beaux tr\u00e9sors de qualit\u00e9 qui apportent s\u00e9curit\u00e9 et moments de bonheur dans la maison.<\/p>","protected":false},"featured_media":72406,"template":"","meta":[],"product_brand":[],"product_cat":[1234,59,1228,1227,52,53],"product_tag":[1222],"woo-feed-brand":[],"class_list":{"0":"post-72407","1":"product","2":"type-product","3":"status-publish","4":"has-post-thumbnail","6":"product_cat-baby-girls","7":"product_cat-kids","8":"product_cat-babys","9":"product_cat-geschenkboxen","10":"product_cat-geschenke","11":"product_cat-geschenksets","12":"product_tag-oykami-in-a-box","14":"first","15":"instock","16":"taxable","17":"shipping-taxable","18":"purchasable","19":"product-type-simple"},"_links":{"self":[{"href":"https:\/\/www.fleurop-home.ch\/fr-ch\/wp-json\/wp\/v2\/product\/72407","targetHints":{"allow":["GET"]}}],"collection":[{"href":"https:\/\/www.fleurop-home.ch\/fr-ch\/wp-json\/wp\/v2\/product"}],"about":[{"href":"https:\/\/www.fleurop-home.ch\/fr-ch\/wp-json\/wp\/v2\/types\/product"}],"wp:featuredmedia":[{"embeddable":true,"href":"https:\/\/www.fleurop-home.ch\/fr-ch\/wp-json\/wp\/v2\/media\/72406"}],"wp:attachment":[{"href":"https:\/\/www.fleurop-home.ch\/fr-ch\/wp-json\/wp\/v2\/media?parent=72407"}],"wp:term":[{"taxonomy":"product_brand","embeddable":true,"href":"https:\/\/www.fleurop-home.ch\/fr-ch\/wp-json\/wp\/v2\/product_brand?post=72407"},{"taxonomy":"product_cat","embeddable":true,"href":"https:\/\/www.fleurop-home.ch\/fr-ch\/wp-json\/wp\/v2\/product_cat?post=72407"},{"taxonomy":"product_tag","embeddable":true,"href":"https:\/\/www.fleurop-home.ch\/fr-ch\/wp-json\/wp\/v2\/product_tag?post=72407"},{"taxonomy":"woo-feed-brand","embeddable":true,"href":"https:\/\/www.fleurop-home.ch\/fr-ch\/wp-json\/wp\/v2\/woo-feed-brand?post=72407"}],"curies":[{"name":"wp","href":"https:\/\/api.w.org\/{rel}","templated":true}]}}