{"id":72392,"date":"2026-02-10T08:10:25","date_gmt":"2026-02-10T07:10:25","guid":{"rendered":"https:\/\/www.fleurop-home.ch\/de-ch\/p\/baby-geschenkbox-blau-chelsea"},"modified":"2026-02-17T10:44:20","modified_gmt":"2026-02-17T09:44:20","slug":"coffret-cadeau-bebe-bleu-chelsea","status":"publish","type":"product","link":"https:\/\/www.fleurop-home.ch\/fr-ch\/p\/baby-geschenkbox-blau-chelsea","title":{"rendered":"Bo\u00eete cadeau bleue pour b\u00e9b\u00e9 - \u00abChelsea\u00bb"},"content":{"rendered":"<p>Nos bo\u00eetes OYKAMI sont plus que des cadeaux - elles r\u00e9unissent de beaux tr\u00e9sors de qualit\u00e9 qui apportent s\u00e9curit\u00e9 et moments de bonheur dans la maison \u2661.<\/p>\n<p>Notre coffret cadeau pour b\u00e9b\u00e9 contient<br \/>\n- Bo\u00eete \u00e0 musique crochet\u00e9e \u00e9toile avec belle musique<br \/>\n- Set de 2 brosses \u00e0 cheveux en mat\u00e9riaux naturels<br \/>\n- Linge de bain bleu en coton 100%<br \/>\n- Carte postale surprise<\/p>\n<p>Tous nos coffrets cadeaux ont \u00e9t\u00e9 cr\u00e9\u00e9s avec beaucoup d'amour et le plus grand soin afin de r\u00e9pondre aux besoins de l'enfant et de donner beaucoup de joie aux parents. Ils sont parfaits pour une naissance, une f\u00eate de b\u00e9b\u00e9 ou simplement pour montrer aux nouveaux parents que l'on pense \u00e0 eux \u2661.<\/p>\n<p>Emball\u00e9e dans une bo\u00eete magn\u00e9tique solide de haute qualit\u00e9 avec un joli n\u0153ud, elle est imm\u00e9diatement pr\u00eate \u00e0 \u00eatre offerte et restera longtemps comme bo\u00eete \u00e0 souvenirs \u2661.<\/p>","protected":false},"excerpt":{"rendered":"<p>Nos bo\u00eetes OYKAMI sont plus que des cadeaux - elles r\u00e9unissent de beaux tr\u00e9sors de qualit\u00e9 qui apportent s\u00e9curit\u00e9 et moments de bonheur dans la maison.<\/p>","protected":false},"featured_media":72391,"template":"","meta":[],"product_brand":[],"product_cat":[1235,59,1228,1227,52,53],"product_tag":[1222],"woo-feed-brand":[],"class_list":{"0":"post-72392","1":"product","2":"type-product","3":"status-publish","4":"has-post-thumbnail","6":"product_cat-baby-boys","7":"product_cat-kids","8":"product_cat-babys","9":"product_cat-geschenkboxen","10":"product_cat-geschenke","11":"product_cat-geschenksets","12":"product_tag-oykami-in-a-box","14":"first","15":"instock","16":"taxable","17":"shipping-taxable","18":"purchasable","19":"product-type-simple"},"_links":{"self":[{"href":"https:\/\/www.fleurop-home.ch\/fr-ch\/wp-json\/wp\/v2\/product\/72392","targetHints":{"allow":["GET"]}}],"collection":[{"href":"https:\/\/www.fleurop-home.ch\/fr-ch\/wp-json\/wp\/v2\/product"}],"about":[{"href":"https:\/\/www.fleurop-home.ch\/fr-ch\/wp-json\/wp\/v2\/types\/product"}],"wp:featuredmedia":[{"embeddable":true,"href":"https:\/\/www.fleurop-home.ch\/fr-ch\/wp-json\/wp\/v2\/media\/72391"}],"wp:attachment":[{"href":"https:\/\/www.fleurop-home.ch\/fr-ch\/wp-json\/wp\/v2\/media?parent=72392"}],"wp:term":[{"taxonomy":"product_brand","embeddable":true,"href":"https:\/\/www.fleurop-home.ch\/fr-ch\/wp-json\/wp\/v2\/product_brand?post=72392"},{"taxonomy":"product_cat","embeddable":true,"href":"https:\/\/www.fleurop-home.ch\/fr-ch\/wp-json\/wp\/v2\/product_cat?post=72392"},{"taxonomy":"product_tag","embeddable":true,"href":"https:\/\/www.fleurop-home.ch\/fr-ch\/wp-json\/wp\/v2\/product_tag?post=72392"},{"taxonomy":"woo-feed-brand","embeddable":true,"href":"https:\/\/www.fleurop-home.ch\/fr-ch\/wp-json\/wp\/v2\/woo-feed-brand?post=72392"}],"curies":[{"name":"wp","href":"https:\/\/api.w.org\/{rel}","templated":true}]}}