{"id":72382,"date":"2026-02-10T08:10:26","date_gmt":"2026-02-10T07:10:26","guid":{"rendered":"https:\/\/www.fleurop-home.ch\/de-ch\/p\/silikon-laetzchen-grau"},"modified":"2026-02-10T08:10:26","modified_gmt":"2026-02-10T07:10:26","slug":"chaussons-en-silicone-gris","status":"publish","type":"product","link":"https:\/\/www.fleurop-home.ch\/fr-ch\/p\/silikon-laetzchen-grau","title":{"rendered":"Bavoir en silicone gris"},"content":{"rendered":"<p>Nos bavoirs en silicone de haute qualit\u00e9 sont doux, flexibles et dot\u00e9s d'une poche de r\u00e9cup\u00e9ration pratique. Elles sont fabriqu\u00e9es en silicone de qualit\u00e9 alimentaire, sans BPA, et sont faciles \u00e0 nettoyer avec un chiffon humide ou \u00e0 laver au lave-vaisselle. Gr\u00e2ce \u00e0 la fermeture r\u00e9glable, ils grandissent avec le b\u00e9b\u00e9 et offrent un confort maximal lors des repas.<\/p>","protected":false},"excerpt":{"rendered":"<p>Nos bavoirs en silicone de haute qualit\u00e9 sont doux, flexibles et dot\u00e9s d'une poche de r\u00e9cup\u00e9ration pratique. Elles sont fabriqu\u00e9es en silicone de qualit\u00e9 alimentaire, sans BPA, et sont faciles \u00e0 nettoyer avec un chiffon humide ou \u00e0 laver au lave-vaisselle.<\/p>","protected":false},"featured_media":72381,"template":"","meta":[],"product_brand":[],"product_cat":[61,59],"product_tag":[1222],"woo-feed-brand":[],"class_list":{"0":"post-72382","1":"product","2":"type-product","3":"status-publish","4":"has-post-thumbnail","6":"product_cat-kindergeschirr","7":"product_cat-kids","8":"product_tag-oykami-in-a-box","10":"first","11":"instock","12":"taxable","13":"shipping-taxable","14":"purchasable","15":"product-type-simple"},"_links":{"self":[{"href":"https:\/\/www.fleurop-home.ch\/fr-ch\/wp-json\/wp\/v2\/product\/72382","targetHints":{"allow":["GET"]}}],"collection":[{"href":"https:\/\/www.fleurop-home.ch\/fr-ch\/wp-json\/wp\/v2\/product"}],"about":[{"href":"https:\/\/www.fleurop-home.ch\/fr-ch\/wp-json\/wp\/v2\/types\/product"}],"wp:featuredmedia":[{"embeddable":true,"href":"https:\/\/www.fleurop-home.ch\/fr-ch\/wp-json\/wp\/v2\/media\/72381"}],"wp:attachment":[{"href":"https:\/\/www.fleurop-home.ch\/fr-ch\/wp-json\/wp\/v2\/media?parent=72382"}],"wp:term":[{"taxonomy":"product_brand","embeddable":true,"href":"https:\/\/www.fleurop-home.ch\/fr-ch\/wp-json\/wp\/v2\/product_brand?post=72382"},{"taxonomy":"product_cat","embeddable":true,"href":"https:\/\/www.fleurop-home.ch\/fr-ch\/wp-json\/wp\/v2\/product_cat?post=72382"},{"taxonomy":"product_tag","embeddable":true,"href":"https:\/\/www.fleurop-home.ch\/fr-ch\/wp-json\/wp\/v2\/product_tag?post=72382"},{"taxonomy":"woo-feed-brand","embeddable":true,"href":"https:\/\/www.fleurop-home.ch\/fr-ch\/wp-json\/wp\/v2\/woo-feed-brand?post=72382"}],"curies":[{"name":"wp","href":"https:\/\/api.w.org\/{rel}","templated":true}]}}