{"id":72376,"date":"2026-02-10T08:10:26","date_gmt":"2026-02-10T07:10:26","guid":{"rendered":"https:\/\/www.fleurop-home.ch\/de-ch\/p\/silikon-essteller-mit-unterteilung-mit-gabel-und-loeffel-rosa"},"modified":"2026-02-10T08:10:27","modified_gmt":"2026-02-10T07:10:27","slug":"assiette-a-compartiments-en-silicone-avec-fourchette-et-cuillere-rose","status":"publish","type":"product","link":"https:\/\/www.fleurop-home.ch\/fr-ch\/p\/silikon-essteller-mit-unterteilung-mit-gabel-und-loeffel-rosa","title":{"rendered":"Assiette \u00e0 compartiments en silicone avec fourchette et cuill\u00e8re rose"},"content":{"rendered":"<p>L'assiette en silicone antid\u00e9rapante \u00e0 trois compartiments est id\u00e9ale pour servir diff\u00e9rents aliments de mani\u00e8re adapt\u00e9e aux enfants. Fabriqu\u00e9e en silicone sans BPA et de qualit\u00e9 alimentaire, elle adh\u00e8re fermement \u00e0 la table et emp\u00eache ainsi les glissements involontaires. Parfait pour les petites mains d'explorateurs qui veulent apprendre \u00e0 manger tout seuls.<\/p>","protected":false},"excerpt":{"rendered":"<p>L'assiette en silicone antid\u00e9rapante \u00e0 trois compartiments est id\u00e9ale pour servir diff\u00e9rents aliments de mani\u00e8re adapt\u00e9e aux enfants. Fabriqu\u00e9e en silicone sans BPA et de qualit\u00e9 alimentaire, elle adh\u00e8re fermement \u00e0 la table et emp\u00eache ainsi les glissements involontaires.<\/p>","protected":false},"featured_media":72375,"template":"","meta":[],"product_brand":[],"product_cat":[61,59],"product_tag":[1222],"woo-feed-brand":[],"class_list":{"0":"post-72376","1":"product","2":"type-product","3":"status-publish","4":"has-post-thumbnail","6":"product_cat-kindergeschirr","7":"product_cat-kids","8":"product_tag-oykami-in-a-box","10":"first","11":"instock","12":"taxable","13":"shipping-taxable","14":"purchasable","15":"product-type-simple"},"_links":{"self":[{"href":"https:\/\/www.fleurop-home.ch\/fr-ch\/wp-json\/wp\/v2\/product\/72376","targetHints":{"allow":["GET"]}}],"collection":[{"href":"https:\/\/www.fleurop-home.ch\/fr-ch\/wp-json\/wp\/v2\/product"}],"about":[{"href":"https:\/\/www.fleurop-home.ch\/fr-ch\/wp-json\/wp\/v2\/types\/product"}],"wp:featuredmedia":[{"embeddable":true,"href":"https:\/\/www.fleurop-home.ch\/fr-ch\/wp-json\/wp\/v2\/media\/72375"}],"wp:attachment":[{"href":"https:\/\/www.fleurop-home.ch\/fr-ch\/wp-json\/wp\/v2\/media?parent=72376"}],"wp:term":[{"taxonomy":"product_brand","embeddable":true,"href":"https:\/\/www.fleurop-home.ch\/fr-ch\/wp-json\/wp\/v2\/product_brand?post=72376"},{"taxonomy":"product_cat","embeddable":true,"href":"https:\/\/www.fleurop-home.ch\/fr-ch\/wp-json\/wp\/v2\/product_cat?post=72376"},{"taxonomy":"product_tag","embeddable":true,"href":"https:\/\/www.fleurop-home.ch\/fr-ch\/wp-json\/wp\/v2\/product_tag?post=72376"},{"taxonomy":"woo-feed-brand","embeddable":true,"href":"https:\/\/www.fleurop-home.ch\/fr-ch\/wp-json\/wp\/v2\/woo-feed-brand?post=72376"}],"curies":[{"name":"wp","href":"https:\/\/api.w.org\/{rel}","templated":true}]}}