{"id":72367,"date":"2026-02-10T08:10:27","date_gmt":"2026-02-10T07:10:27","guid":{"rendered":"https:\/\/www.fleurop-home.ch\/de-ch\/p\/silikon-schalen-mit-loeffel-und-gabel-blau"},"modified":"2026-02-10T08:10:27","modified_gmt":"2026-02-10T07:10:27","slug":"bols-en-silicone-avec-cuillere-et-fourchette-bleu","status":"publish","type":"product","link":"https:\/\/www.fleurop-home.ch\/fr-ch\/p\/silikon-schalen-mit-loeffel-und-gabel-blau","title":{"rendered":"Bols en silicone avec cuill\u00e8re et fourchette bleu"},"content":{"rendered":"<p>Nos bols en silicone sont un v\u00e9ritable must-have pour la p\u00e9riode d'alimentation compl\u00e9mentaire. Ils sont r\u00e9sistants \u00e0 la chaleur et ne basculent pas gr\u00e2ce \u00e0 la ventouse en dessous. Le set comprend une cuill\u00e8re et une fourchette assorties en silicone souple - douces pour le palais de b\u00e9b\u00e9.<\/p>","protected":false},"excerpt":{"rendered":"<p>Nos bols en silicone sont un v\u00e9ritable must-have pour la p\u00e9riode d'alimentation compl\u00e9mentaire. Ils sont r\u00e9sistants \u00e0 la chaleur et ne se renversent pas gr\u00e2ce \u00e0 la ventouse situ\u00e9e en dessous.<\/p>","protected":false},"featured_media":72366,"template":"","meta":[],"product_brand":[],"product_cat":[61,59],"product_tag":[1222],"woo-feed-brand":[],"class_list":{"0":"post-72367","1":"product","2":"type-product","3":"status-publish","4":"has-post-thumbnail","6":"product_cat-kindergeschirr","7":"product_cat-kids","8":"product_tag-oykami-in-a-box","10":"first","11":"instock","12":"taxable","13":"shipping-taxable","14":"purchasable","15":"product-type-simple"},"_links":{"self":[{"href":"https:\/\/www.fleurop-home.ch\/fr-ch\/wp-json\/wp\/v2\/product\/72367","targetHints":{"allow":["GET"]}}],"collection":[{"href":"https:\/\/www.fleurop-home.ch\/fr-ch\/wp-json\/wp\/v2\/product"}],"about":[{"href":"https:\/\/www.fleurop-home.ch\/fr-ch\/wp-json\/wp\/v2\/types\/product"}],"wp:featuredmedia":[{"embeddable":true,"href":"https:\/\/www.fleurop-home.ch\/fr-ch\/wp-json\/wp\/v2\/media\/72366"}],"wp:attachment":[{"href":"https:\/\/www.fleurop-home.ch\/fr-ch\/wp-json\/wp\/v2\/media?parent=72367"}],"wp:term":[{"taxonomy":"product_brand","embeddable":true,"href":"https:\/\/www.fleurop-home.ch\/fr-ch\/wp-json\/wp\/v2\/product_brand?post=72367"},{"taxonomy":"product_cat","embeddable":true,"href":"https:\/\/www.fleurop-home.ch\/fr-ch\/wp-json\/wp\/v2\/product_cat?post=72367"},{"taxonomy":"product_tag","embeddable":true,"href":"https:\/\/www.fleurop-home.ch\/fr-ch\/wp-json\/wp\/v2\/product_tag?post=72367"},{"taxonomy":"woo-feed-brand","embeddable":true,"href":"https:\/\/www.fleurop-home.ch\/fr-ch\/wp-json\/wp\/v2\/woo-feed-brand?post=72367"}],"curies":[{"name":"wp","href":"https:\/\/api.w.org\/{rel}","templated":true}]}}