{"id":72361,"date":"2026-02-10T08:10:28","date_gmt":"2026-02-10T07:10:28","guid":{"rendered":"https:\/\/www.fleurop-home.ch\/de-ch\/p\/trink-und-snackbecher-mit-deckeln-rosa"},"modified":"2026-02-10T08:10:28","modified_gmt":"2026-02-10T07:10:28","slug":"gobelets-a-boire-et-a-grignoter-avec-couvercles-roses","status":"publish","type":"product","link":"https:\/\/www.fleurop-home.ch\/fr-ch\/p\/trink-und-snackbecher-mit-deckeln-rosa","title":{"rendered":"Gobelet \u00e0 boire et \u00e0 grignoter avec couvercles roses"},"content":{"rendered":"<p>Ce gobelet en silicone multifonctionnel est livr\u00e9 avec deux couvercles pratiques : un couvercle avec paille et un couvercle pour les snacks \u00e0 emporter. Le gobelet est fabriqu\u00e9 en silicone de qualit\u00e9 alimentaire, il est incassable, passe au lave-vaisselle et est parfait pour les petites mains des enfants.<\/p>","protected":false},"excerpt":{"rendered":"<p>Ce gobelet en silicone multifonctionnel est livr\u00e9 avec deux couvercles pratiques : un couvercle avec une paille et un couvercle pour les snacks \u00e0 emporter.<\/p>","protected":false},"featured_media":72360,"template":"","meta":[],"product_brand":[],"product_cat":[61,59],"product_tag":[1222],"woo-feed-brand":[],"class_list":{"0":"post-72361","1":"product","2":"type-product","3":"status-publish","4":"has-post-thumbnail","6":"product_cat-kindergeschirr","7":"product_cat-kids","8":"product_tag-oykami-in-a-box","10":"first","11":"instock","12":"taxable","13":"shipping-taxable","14":"purchasable","15":"product-type-simple"},"_links":{"self":[{"href":"https:\/\/www.fleurop-home.ch\/fr-ch\/wp-json\/wp\/v2\/product\/72361","targetHints":{"allow":["GET"]}}],"collection":[{"href":"https:\/\/www.fleurop-home.ch\/fr-ch\/wp-json\/wp\/v2\/product"}],"about":[{"href":"https:\/\/www.fleurop-home.ch\/fr-ch\/wp-json\/wp\/v2\/types\/product"}],"wp:featuredmedia":[{"embeddable":true,"href":"https:\/\/www.fleurop-home.ch\/fr-ch\/wp-json\/wp\/v2\/media\/72360"}],"wp:attachment":[{"href":"https:\/\/www.fleurop-home.ch\/fr-ch\/wp-json\/wp\/v2\/media?parent=72361"}],"wp:term":[{"taxonomy":"product_brand","embeddable":true,"href":"https:\/\/www.fleurop-home.ch\/fr-ch\/wp-json\/wp\/v2\/product_brand?post=72361"},{"taxonomy":"product_cat","embeddable":true,"href":"https:\/\/www.fleurop-home.ch\/fr-ch\/wp-json\/wp\/v2\/product_cat?post=72361"},{"taxonomy":"product_tag","embeddable":true,"href":"https:\/\/www.fleurop-home.ch\/fr-ch\/wp-json\/wp\/v2\/product_tag?post=72361"},{"taxonomy":"woo-feed-brand","embeddable":true,"href":"https:\/\/www.fleurop-home.ch\/fr-ch\/wp-json\/wp\/v2\/woo-feed-brand?post=72361"}],"curies":[{"name":"wp","href":"https:\/\/api.w.org\/{rel}","templated":true}]}}