{"id":72349,"date":"2026-02-10T08:10:28","date_gmt":"2026-02-10T07:10:28","guid":{"rendered":"https:\/\/www.fleurop-home.ch\/de-ch\/p\/baby-geschenkbox-kapstadt-hase"},"modified":"2026-02-17T08:35:48","modified_gmt":"2026-02-17T07:35:48","slug":"coffret-cadeau-bebe-lapin-du-cap","status":"publish","type":"product","link":"https:\/\/www.fleurop-home.ch\/fr-ch\/p\/baby-geschenkbox-kapstadt-hase","title":{"rendered":"Bo\u00eete cadeau pour b\u00e9b\u00e9 \u00abCape Town\u00bb lapin"},"content":{"rendered":"<p>La douce bo\u00eete cadeau pour b\u00e9b\u00e9 r\u00e9unit des produits de qualit\u00e9 aux couleurs d\u00e9licates qui s'accordent parfaitement. Elle apporte tout ce que les nouveaux parents et leur b\u00e9b\u00e9 appr\u00e9cient particuli\u00e8rement au cours des premi\u00e8res semaines. Emball\u00e9 avec amour et pr\u00eat \u00e0 \u00eatre offert - une id\u00e9e de cadeau qui apporte s\u00e9curit\u00e9 et joie.<\/p>\n<p>Notre coffret cadeau pour b\u00e9b\u00e9 contient<br \/>\n- Linge \u00e0 baver pour b\u00e9b\u00e9 Rose<br \/>\n- Tableau en bois \u00abHello World<br \/>\n- Hochet pour b\u00e9b\u00e9 \u00ablapin\u00bb avec clochette<br \/>\n- Etui \u00e0 t\u00e9tine pour les d\u00e9placements<br \/>\n- Brosse douce pour b\u00e9b\u00e9<br \/>\n- Bavoir pour b\u00e9b\u00e9 en rose<\/p>\n<p>Tous nos coffrets cadeaux ont \u00e9t\u00e9 cr\u00e9\u00e9s avec beaucoup d'amour et le plus grand soin afin de r\u00e9pondre aux besoins de l'enfant et de donner beaucoup de joie aux parents. Ils sont parfaits pour une naissance, une f\u00eate de b\u00e9b\u00e9 ou simplement pour montrer aux nouveaux parents que l'on pense \u00e0 eux \u2661.<\/p>\n<p>Emball\u00e9e dans une bo\u00eete magn\u00e9tique solide de haute qualit\u00e9 avec un joli n\u0153ud, elle est imm\u00e9diatement pr\u00eate \u00e0 \u00eatre offerte et restera longtemps comme bo\u00eete \u00e0 souvenirs \u2661.<\/p>\n<p>Informations suppl\u00e9mentaires :<br \/>\n- Essence : bois de h\u00eatre de qualit\u00e9 A<br \/>\n- Convient aux b\u00e9b\u00e9s \u00e0 partir de 0+.<\/p>","protected":false},"excerpt":{"rendered":"<p>La douce bo\u00eete cadeau pour b\u00e9b\u00e9 r\u00e9unit des produits de qualit\u00e9 aux couleurs d\u00e9licates qui s'accordent parfaitement. Elle apporte tout ce que les nouveaux parents et leur b\u00e9b\u00e9 appr\u00e9cient particuli\u00e8rement au cours des premi\u00e8res semaines.<\/p>","protected":false},"featured_media":72348,"template":"","meta":[],"product_brand":[],"product_cat":[1234,59,1228,1227,52,53],"product_tag":[1222],"woo-feed-brand":[],"class_list":{"0":"post-72349","1":"product","2":"type-product","3":"status-publish","4":"has-post-thumbnail","6":"product_cat-baby-girls","7":"product_cat-kids","8":"product_cat-babys","9":"product_cat-geschenkboxen","10":"product_cat-geschenke","11":"product_cat-geschenksets","12":"product_tag-oykami-in-a-box","14":"first","15":"instock","16":"taxable","17":"shipping-taxable","18":"purchasable","19":"product-type-simple"},"_links":{"self":[{"href":"https:\/\/www.fleurop-home.ch\/fr-ch\/wp-json\/wp\/v2\/product\/72349","targetHints":{"allow":["GET"]}}],"collection":[{"href":"https:\/\/www.fleurop-home.ch\/fr-ch\/wp-json\/wp\/v2\/product"}],"about":[{"href":"https:\/\/www.fleurop-home.ch\/fr-ch\/wp-json\/wp\/v2\/types\/product"}],"wp:featuredmedia":[{"embeddable":true,"href":"https:\/\/www.fleurop-home.ch\/fr-ch\/wp-json\/wp\/v2\/media\/72348"}],"wp:attachment":[{"href":"https:\/\/www.fleurop-home.ch\/fr-ch\/wp-json\/wp\/v2\/media?parent=72349"}],"wp:term":[{"taxonomy":"product_brand","embeddable":true,"href":"https:\/\/www.fleurop-home.ch\/fr-ch\/wp-json\/wp\/v2\/product_brand?post=72349"},{"taxonomy":"product_cat","embeddable":true,"href":"https:\/\/www.fleurop-home.ch\/fr-ch\/wp-json\/wp\/v2\/product_cat?post=72349"},{"taxonomy":"product_tag","embeddable":true,"href":"https:\/\/www.fleurop-home.ch\/fr-ch\/wp-json\/wp\/v2\/product_tag?post=72349"},{"taxonomy":"woo-feed-brand","embeddable":true,"href":"https:\/\/www.fleurop-home.ch\/fr-ch\/wp-json\/wp\/v2\/woo-feed-brand?post=72349"}],"curies":[{"name":"wp","href":"https:\/\/api.w.org\/{rel}","templated":true}]}}