{"id":72342,"date":"2026-02-10T08:10:29","date_gmt":"2026-02-10T07:10:29","guid":{"rendered":"https:\/\/www.fleurop-home.ch\/de-ch\/p\/baby-geschenkbox-baby-fuchs-und-eule"},"modified":"2026-02-17T10:52:33","modified_gmt":"2026-02-17T09:52:33","slug":"coffret-cadeau-bebe-renard-et-hibou","status":"publish","type":"product","link":"https:\/\/www.fleurop-home.ch\/fr-ch\/p\/baby-geschenkbox-baby-fuchs-und-eule","title":{"rendered":"Coffret cadeau b\u00e9b\u00e9 renard et hibou"},"content":{"rendered":"<p>L'adorable coffret cadeau pour b\u00e9b\u00e9 Fox de Little Dutch r\u00e9unit des produits de qualit\u00e9 aux couleurs douces qui s'accordent parfaitement. Elle apporte tout ce que les nouveaux parents et leur b\u00e9b\u00e9 appr\u00e9cient particuli\u00e8rement au cours des premi\u00e8res semaines. Emball\u00e9e avec amour et pr\u00eate \u00e0 \u00eatre offerte - une id\u00e9e de cadeau qui apporte s\u00e9curit\u00e9 et joie.<\/p>\n<p>L'adorable coffret cadeau pour b\u00e9b\u00e9 Fox de Little Dutch contient les produits suivants :<br \/>\n- Hochet renard<br \/>\n- Doudou renard<br \/>\n- Hibou avec son doudou<br \/>\n- Tissu mousseline bleu pour b\u00e9b\u00e9 en coton 100%<br \/>\n- 2 chaussures tricot\u00e9es pour b\u00e9b\u00e9<br \/>\n- Brosse douce pour b\u00e9b\u00e9<br \/>\n- Cha\u00eene pour t\u00e9tines en blanc<br \/>\n- Carte postale surprise<\/p>\n<p>Tous nos coffrets cadeaux ont \u00e9t\u00e9 cr\u00e9\u00e9s avec beaucoup d'amour et le plus grand soin afin de r\u00e9pondre aux besoins de l'enfant et de donner beaucoup de joie aux parents. Ils sont parfaits pour une naissance, une f\u00eate de b\u00e9b\u00e9 ou simplement pour montrer aux nouveaux parents que l'on pense \u00e0 eux \u2661.<\/p>\n<p>Emball\u00e9e dans une bo\u00eete magn\u00e9tique solide de haute qualit\u00e9 avec un joli n\u0153ud, elle est imm\u00e9diatement pr\u00eate \u00e0 \u00eatre offerte et restera longtemps comme bo\u00eete \u00e0 souvenirs \u2661.<\/p>","protected":false},"excerpt":{"rendered":"<p>L'adorable coffret cadeau pour b\u00e9b\u00e9 Fox de Little Dutch r\u00e9unit des produits de qualit\u00e9 aux couleurs douces qui s'accordent parfaitement. Elle apporte tout ce que les nouveaux parents et leur b\u00e9b\u00e9 appr\u00e9cient particuli\u00e8rement au cours des premi\u00e8res semaines.<\/p>","protected":false},"featured_media":72341,"template":"","meta":[],"product_brand":[],"product_cat":[1235,59,1228,1227,52,53],"product_tag":[1222],"woo-feed-brand":[],"class_list":{"0":"post-72342","1":"product","2":"type-product","3":"status-publish","4":"has-post-thumbnail","6":"product_cat-baby-boys","7":"product_cat-kids","8":"product_cat-babys","9":"product_cat-geschenkboxen","10":"product_cat-geschenke","11":"product_cat-geschenksets","12":"product_tag-oykami-in-a-box","14":"first","15":"instock","16":"taxable","17":"shipping-taxable","18":"purchasable","19":"product-type-simple"},"_links":{"self":[{"href":"https:\/\/www.fleurop-home.ch\/fr-ch\/wp-json\/wp\/v2\/product\/72342","targetHints":{"allow":["GET"]}}],"collection":[{"href":"https:\/\/www.fleurop-home.ch\/fr-ch\/wp-json\/wp\/v2\/product"}],"about":[{"href":"https:\/\/www.fleurop-home.ch\/fr-ch\/wp-json\/wp\/v2\/types\/product"}],"wp:featuredmedia":[{"embeddable":true,"href":"https:\/\/www.fleurop-home.ch\/fr-ch\/wp-json\/wp\/v2\/media\/72341"}],"wp:attachment":[{"href":"https:\/\/www.fleurop-home.ch\/fr-ch\/wp-json\/wp\/v2\/media?parent=72342"}],"wp:term":[{"taxonomy":"product_brand","embeddable":true,"href":"https:\/\/www.fleurop-home.ch\/fr-ch\/wp-json\/wp\/v2\/product_brand?post=72342"},{"taxonomy":"product_cat","embeddable":true,"href":"https:\/\/www.fleurop-home.ch\/fr-ch\/wp-json\/wp\/v2\/product_cat?post=72342"},{"taxonomy":"product_tag","embeddable":true,"href":"https:\/\/www.fleurop-home.ch\/fr-ch\/wp-json\/wp\/v2\/product_tag?post=72342"},{"taxonomy":"woo-feed-brand","embeddable":true,"href":"https:\/\/www.fleurop-home.ch\/fr-ch\/wp-json\/wp\/v2\/woo-feed-brand?post=72342"}],"curies":[{"name":"wp","href":"https:\/\/api.w.org\/{rel}","templated":true}]}}