{"id":72339,"date":"2026-02-10T08:10:29","date_gmt":"2026-02-10T07:10:29","guid":{"rendered":"https:\/\/www.fleurop-home.ch\/de-ch\/p\/baby-geschenkbox-miffy-little-flowers-beige"},"modified":"2026-02-17T10:39:28","modified_gmt":"2026-02-17T09:39:28","slug":"coffret-cadeau-pour-bebe-miffy-little-flowers-beige","status":"publish","type":"product","link":"https:\/\/www.fleurop-home.ch\/fr-ch\/p\/baby-geschenkbox-miffy-little-flowers-beige","title":{"rendered":"Bo\u00eete cadeau pour b\u00e9b\u00e9 Miffy little Flowers Beige"},"content":{"rendered":"<p>Bienvenue dans le monde, petit tr\u00e9sor !<\/p>\n<p>Une bo\u00eete cadeau pour b\u00e9b\u00e9 est sp\u00e9ciale car elle exprime la joie de l'arriv\u00e9e d'une nouvelle vie et cr\u00e9e un lien profond entre la famille, les amis et le b\u00e9b\u00e9. Ils expriment l'amour, les soins et l'affection qui accompagneront le b\u00e9b\u00e9 tout au long de sa vie. La naissance d'un b\u00e9b\u00e9 est quelque chose de tr\u00e8s sp\u00e9cial et nous t'aidons \u00e0 choisir et \u00e0 offrir un beau cadeau pour b\u00e9b\u00e9.<\/p>\n<p>La jolie bo\u00eete cadeau pour b\u00e9b\u00e9 de 5 pi\u00e8ces Vintage Little Flowers de Little Dutch contient les produits suivants :<br \/>\n- Hochet Miffy<br \/>\n- Doudou Miffy 25cm<br \/>\n- Miffy avec son doudou<br \/>\n- Linge \u00e0 t\u00e9ter beige en coton organique 100% de la marque danoise \u00abFilibabba\u00bb.\u00bb<br \/>\n- Brosse douce pour b\u00e9b\u00e9<br \/>\n- Carte postale surprise<\/p>\n<p>La bo\u00eete cadeau pour b\u00e9b\u00e9 de Little Dutch est livr\u00e9e dans une jolie bo\u00eete avec un ruban et peut \u00eatre offerte imm\u00e9diatement.<\/p>","protected":false},"excerpt":{"rendered":"<p>Bienvenue au monde petit tr\u00e9sor ! Une bo\u00eete cadeau pour les b\u00e9b\u00e9s est sp\u00e9ciale car elle exprime la joie de l'arriv\u00e9e d'une nouvelle vie et cr\u00e9e un lien profond entre la famille et les amis et le b\u00e9b\u00e9.<\/p>","protected":false},"featured_media":72338,"template":"","meta":[],"product_brand":[],"product_cat":[1233,59,1228,1227,52,53],"product_tag":[1222],"woo-feed-brand":[],"class_list":{"0":"post-72339","1":"product","2":"type-product","3":"status-publish","4":"has-post-thumbnail","6":"product_cat-neutral","7":"product_cat-kids","8":"product_cat-babys","9":"product_cat-geschenkboxen","10":"product_cat-geschenke","11":"product_cat-geschenksets","12":"product_tag-oykami-in-a-box","14":"first","15":"instock","16":"taxable","17":"shipping-taxable","18":"purchasable","19":"product-type-simple"},"_links":{"self":[{"href":"https:\/\/www.fleurop-home.ch\/fr-ch\/wp-json\/wp\/v2\/product\/72339","targetHints":{"allow":["GET"]}}],"collection":[{"href":"https:\/\/www.fleurop-home.ch\/fr-ch\/wp-json\/wp\/v2\/product"}],"about":[{"href":"https:\/\/www.fleurop-home.ch\/fr-ch\/wp-json\/wp\/v2\/types\/product"}],"wp:featuredmedia":[{"embeddable":true,"href":"https:\/\/www.fleurop-home.ch\/fr-ch\/wp-json\/wp\/v2\/media\/72338"}],"wp:attachment":[{"href":"https:\/\/www.fleurop-home.ch\/fr-ch\/wp-json\/wp\/v2\/media?parent=72339"}],"wp:term":[{"taxonomy":"product_brand","embeddable":true,"href":"https:\/\/www.fleurop-home.ch\/fr-ch\/wp-json\/wp\/v2\/product_brand?post=72339"},{"taxonomy":"product_cat","embeddable":true,"href":"https:\/\/www.fleurop-home.ch\/fr-ch\/wp-json\/wp\/v2\/product_cat?post=72339"},{"taxonomy":"product_tag","embeddable":true,"href":"https:\/\/www.fleurop-home.ch\/fr-ch\/wp-json\/wp\/v2\/product_tag?post=72339"},{"taxonomy":"woo-feed-brand","embeddable":true,"href":"https:\/\/www.fleurop-home.ch\/fr-ch\/wp-json\/wp\/v2\/woo-feed-brand?post=72339"}],"curies":[{"name":"wp","href":"https:\/\/api.w.org\/{rel}","templated":true}]}}