{"id":72334,"date":"2026-02-10T08:10:29","date_gmt":"2026-02-10T07:10:29","guid":{"rendered":"https:\/\/www.fleurop-home.ch\/de-ch\/p\/badebox-baer-blau"},"modified":"2026-02-17T09:14:05","modified_gmt":"2026-02-17T08:14:05","slug":"coffre-de-bain-ours-bleu","status":"publish","type":"product","link":"https:\/\/www.fleurop-home.ch\/fr-ch\/p\/badebox-baer-blau","title":{"rendered":"Bo\u00eete de bain Ours - Bleu"},"content":{"rendered":"<p>Notre bo\u00eete de bain bleue, compos\u00e9e avec amour, est le cadeau parfait pour les nouveaux parents et leur b\u00e9b\u00e9. Elle contient une serviette \u00e0 capuche moelleuse au design d'ourson, un adorable set de jouets en forme de loutre, une \u00e9ponge de bain douce et un thermom\u00e8tre de bain en forme de lapin - tout ce qu'il faut pour des moments de bain relaxants et s\u00fbrs. Les produits sont pratiques, de grande qualit\u00e9 et apportent en m\u00eame temps de la joie dans la salle de bain. \u00c9l\u00e9gamment emball\u00e9 dans une bo\u00eete cadeau OYKAMI, ce set deviendra un cadeau inoubliable pour une naissance, un bapt\u00eame ou une f\u00eate de b\u00e9b\u00e9. Un point fort plein d'amour pour les petits amis de l'eau.<\/p>\n<p>Notre bo\u00eete de bain pour b\u00e9b\u00e9 contient<br \/>\n- Linge de bain avec visage d'ours<br \/>\n- Thermom\u00e8tre de bain en forme de lapin<br \/>\n- Famille de loutres avec 3 petits b\u00e9b\u00e9s pour le bain<br \/>\n- \u00c9ponge de bain bleue<\/p>\n<p>Tous nos coffrets cadeaux ont \u00e9t\u00e9 cr\u00e9\u00e9s avec beaucoup d'amour et le plus grand soin afin de r\u00e9pondre aux besoins de l'enfant et de donner beaucoup de joie aux parents. Ils sont parfaits pour une naissance, une f\u00eate de b\u00e9b\u00e9 ou simplement pour montrer aux nouveaux parents que l'on pense \u00e0 eux \u2661.<\/p>\n<p>Emball\u00e9e dans une bo\u00eete magn\u00e9tique solide de haute qualit\u00e9 avec un joli n\u0153ud, elle est imm\u00e9diatement pr\u00eate \u00e0 \u00eatre offerte et restera longtemps comme bo\u00eete \u00e0 souvenirs \u2661.<\/p>","protected":false},"excerpt":{"rendered":"<p>Notre bo\u00eete de bain bleue, compos\u00e9e avec amour, est le cadeau parfait pour les nouveaux parents et leur b\u00e9b\u00e9. Elle contient une serviette \u00e0 capuche moelleuse au design d'ourson, un adorable set de jouets en forme de loutre, une \u00e9ponge de bain douce et un thermom\u00e8tre de bain en forme de lapin - tout ce qu'il faut pour des moments de bain relaxants et s\u00fbrs.<\/p>","protected":false},"featured_media":72333,"template":"","meta":[],"product_brand":[],"product_cat":[1235,48,50,59,1228,1227,52,53],"product_tag":[1222],"woo-feed-brand":[],"class_list":{"0":"post-72334","1":"product","2":"type-product","3":"status-publish","4":"has-post-thumbnail","6":"product_cat-baby-boys","7":"product_cat-bad-wellness","8":"product_cat-badezubehoer","9":"product_cat-kids","10":"product_cat-babys","11":"product_cat-geschenkboxen","12":"product_cat-geschenke","13":"product_cat-geschenksets","14":"product_tag-oykami-in-a-box","16":"first","17":"instock","18":"taxable","19":"shipping-taxable","20":"purchasable","21":"product-type-simple"},"_links":{"self":[{"href":"https:\/\/www.fleurop-home.ch\/fr-ch\/wp-json\/wp\/v2\/product\/72334","targetHints":{"allow":["GET"]}}],"collection":[{"href":"https:\/\/www.fleurop-home.ch\/fr-ch\/wp-json\/wp\/v2\/product"}],"about":[{"href":"https:\/\/www.fleurop-home.ch\/fr-ch\/wp-json\/wp\/v2\/types\/product"}],"wp:featuredmedia":[{"embeddable":true,"href":"https:\/\/www.fleurop-home.ch\/fr-ch\/wp-json\/wp\/v2\/media\/72333"}],"wp:attachment":[{"href":"https:\/\/www.fleurop-home.ch\/fr-ch\/wp-json\/wp\/v2\/media?parent=72334"}],"wp:term":[{"taxonomy":"product_brand","embeddable":true,"href":"https:\/\/www.fleurop-home.ch\/fr-ch\/wp-json\/wp\/v2\/product_brand?post=72334"},{"taxonomy":"product_cat","embeddable":true,"href":"https:\/\/www.fleurop-home.ch\/fr-ch\/wp-json\/wp\/v2\/product_cat?post=72334"},{"taxonomy":"product_tag","embeddable":true,"href":"https:\/\/www.fleurop-home.ch\/fr-ch\/wp-json\/wp\/v2\/product_tag?post=72334"},{"taxonomy":"woo-feed-brand","embeddable":true,"href":"https:\/\/www.fleurop-home.ch\/fr-ch\/wp-json\/wp\/v2\/woo-feed-brand?post=72334"}],"curies":[{"name":"wp","href":"https:\/\/api.w.org\/{rel}","templated":true}]}}