{"id":72326,"date":"2026-02-10T08:10:30","date_gmt":"2026-02-10T07:10:30","guid":{"rendered":"https:\/\/www.fleurop-home.ch\/de-ch\/p\/badebox-rosa-baer"},"modified":"2026-02-17T09:14:49","modified_gmt":"2026-02-17T08:14:49","slug":"boite-de-bain-rose-ours","status":"publish","type":"product","link":"https:\/\/www.fleurop-home.ch\/fr-ch\/p\/badebox-rosa-baer","title":{"rendered":"Bo\u00eete de bain ourson rose"},"content":{"rendered":"<p>La bo\u00eete de bain rose est le cadeau parfait pour les petites princesses et leurs parents. Elle contient une serviette \u00e0 capuche douce au design adorable d'ourson, un ensemble de jouets en forme de loutre, une \u00e9ponge de bain rose et un adorable thermom\u00e8tre de bain en forme de lapin. Avec ce coffret compos\u00e9 avec amour, le bain n'est pas seulement s\u00fbr, il devient aussi une exp\u00e9rience sp\u00e9ciale. Les mat\u00e9riaux de haute qualit\u00e9 garantissent le confort, le plaisir et la s\u00e9curit\u00e9. Emball\u00e9 dans notre \u00e9l\u00e9gante bo\u00eete cadeau OYKAMI, il deviendra un cadeau inoubliable pour une naissance, un bapt\u00eame ou une f\u00eate de b\u00e9b\u00e9.<\/p>\n<p>Notre bo\u00eete de bain pour b\u00e9b\u00e9 contient<br \/>\n- Linge de bain avec visage d'ours<br \/>\n- Thermom\u00e8tre de bain en forme de lapin<br \/>\n- Famille de loutres avec 3 petits b\u00e9b\u00e9s pour le bain<br \/>\n- \u00c9ponge de bain rose<\/p>\n<p>Tous nos coffrets cadeaux ont \u00e9t\u00e9 cr\u00e9\u00e9s avec beaucoup d'amour et le plus grand soin afin de r\u00e9pondre aux besoins de l'enfant et de donner beaucoup de joie aux parents. Ils sont parfaits pour une naissance, une f\u00eate de b\u00e9b\u00e9 ou simplement pour montrer aux nouveaux parents que l'on pense \u00e0 eux \u2661.<\/p>\n<p>Emball\u00e9e dans une bo\u00eete magn\u00e9tique solide de haute qualit\u00e9 avec un joli n\u0153ud, elle est imm\u00e9diatement pr\u00eate \u00e0 \u00eatre offerte et restera longtemps comme bo\u00eete \u00e0 souvenirs \u2661.<\/p>","protected":false},"excerpt":{"rendered":"<p>La bo\u00eete de bain rose est le cadeau parfait pour les petites princesses et leurs parents. Elle contient une serviette \u00e0 capuche douce au design adorable d'ourson, un ensemble de jouets en forme de loutre, une \u00e9ponge de bain rose et un adorable thermom\u00e8tre de bain en forme de lapin.<\/p>","protected":false},"featured_media":72325,"template":"","meta":[],"product_brand":[],"product_cat":[1234,48,50,59,1228,1227,52,53],"product_tag":[1222],"woo-feed-brand":[],"class_list":{"0":"post-72326","1":"product","2":"type-product","3":"status-publish","4":"has-post-thumbnail","6":"product_cat-baby-girls","7":"product_cat-bad-wellness","8":"product_cat-badezubehoer","9":"product_cat-kids","10":"product_cat-babys","11":"product_cat-geschenkboxen","12":"product_cat-geschenke","13":"product_cat-geschenksets","14":"product_tag-oykami-in-a-box","16":"first","17":"instock","18":"taxable","19":"shipping-taxable","20":"purchasable","21":"product-type-simple"},"_links":{"self":[{"href":"https:\/\/www.fleurop-home.ch\/fr-ch\/wp-json\/wp\/v2\/product\/72326","targetHints":{"allow":["GET"]}}],"collection":[{"href":"https:\/\/www.fleurop-home.ch\/fr-ch\/wp-json\/wp\/v2\/product"}],"about":[{"href":"https:\/\/www.fleurop-home.ch\/fr-ch\/wp-json\/wp\/v2\/types\/product"}],"wp:featuredmedia":[{"embeddable":true,"href":"https:\/\/www.fleurop-home.ch\/fr-ch\/wp-json\/wp\/v2\/media\/72325"}],"wp:attachment":[{"href":"https:\/\/www.fleurop-home.ch\/fr-ch\/wp-json\/wp\/v2\/media?parent=72326"}],"wp:term":[{"taxonomy":"product_brand","embeddable":true,"href":"https:\/\/www.fleurop-home.ch\/fr-ch\/wp-json\/wp\/v2\/product_brand?post=72326"},{"taxonomy":"product_cat","embeddable":true,"href":"https:\/\/www.fleurop-home.ch\/fr-ch\/wp-json\/wp\/v2\/product_cat?post=72326"},{"taxonomy":"product_tag","embeddable":true,"href":"https:\/\/www.fleurop-home.ch\/fr-ch\/wp-json\/wp\/v2\/product_tag?post=72326"},{"taxonomy":"woo-feed-brand","embeddable":true,"href":"https:\/\/www.fleurop-home.ch\/fr-ch\/wp-json\/wp\/v2\/woo-feed-brand?post=72326"}],"curies":[{"name":"wp","href":"https:\/\/api.w.org\/{rel}","templated":true}]}}