{"id":72321,"date":"2026-02-10T08:10:30","date_gmt":"2026-02-10T07:10:30","guid":{"rendered":"https:\/\/www.fleurop-home.ch\/de-ch\/p\/badebox-klein"},"modified":"2026-03-05T11:36:39","modified_gmt":"2026-03-05T10:36:39","slug":"petite-boite-de-bain","status":"publish","type":"product","link":"https:\/\/www.fleurop-home.ch\/fr-ch\/p\/badebox-klein","title":{"rendered":"Petite bo\u00eete de bain"},"content":{"rendered":"<p>Notre petite bo\u00eete de bain est un cadeau affectueux pour les premi\u00e8res aventures dans le bain. Elle contient un joli set de jouets en forme de loutre, un adorable thermom\u00e8tre de bain en forme de lapin et une brosse douce pour b\u00e9b\u00e9 en poils naturels. Cette combinaison garantit le plaisir dans l'eau, la s\u00e9curit\u00e9 pendant le bain et les soins doux apr\u00e8s. Gr\u00e2ce \u00e0 la s\u00e9lection de qualit\u00e9, cette bo\u00eete est \u00e0 la fois pratique et \u00e9l\u00e9gante - parfaite pour les nouveaux parents. Emball\u00e9e dans une \u00e9l\u00e9gante bo\u00eete cadeau OYKAMI, elle devient un cadeau sp\u00e9cial pour une naissance, un bapt\u00eame ou une baby shower.<\/p>\n<p>Notre bo\u00eete de bain pour b\u00e9b\u00e9 contient<br \/>\n- Linge de bain avec visage d'ours<br \/>\n- Thermom\u00e8tre de bain en forme de lapin<br \/>\n- Famille de loutres avec 3 petits b\u00e9b\u00e9s pour le bain<br \/>\n- \u00c9ponge de bain rose<\/p>\n<p>Tous nos coffrets cadeaux ont \u00e9t\u00e9 cr\u00e9\u00e9s avec beaucoup d'amour et le plus grand soin pour r\u00e9pondre aux besoins de l'enfant et offrir beaucoup de joie aux parents. Elles sont id\u00e9ales pour une naissance, une f\u00eate de b\u00e9b\u00e9 ou simplement pour montrer aux nouveaux parents que l'on pense \u00e0 eux \u2661 Emball\u00e9e dans un carton magn\u00e9tique solide de haute qualit\u00e9 avec un joli n\u0153ud, elle est imm\u00e9diatement pr\u00eate \u00e0 \u00eatre offerte et restera longtemps une bo\u00eete souvenir \u2661.<\/p>","protected":false},"excerpt":{"rendered":"<p>Notre petite bo\u00eete de bain est un cadeau affectueux pour les premi\u00e8res aventures dans le bain. Elle contient un adorable set de jouets en forme de loutre, un adorable thermom\u00e8tre de bain en forme de lapin et une brosse douce pour b\u00e9b\u00e9 en poils naturels.<\/p>","protected":false},"featured_media":72320,"template":"","meta":[],"product_brand":[],"product_cat":[1233,59,1228,1227],"product_tag":[1222],"woo-feed-brand":[],"class_list":{"0":"post-72321","1":"product","2":"type-product","3":"status-publish","4":"has-post-thumbnail","6":"product_cat-neutral","7":"product_cat-kids","8":"product_cat-babys","9":"product_cat-geschenkboxen","10":"product_tag-oykami-in-a-box","12":"first","13":"instock","14":"taxable","15":"shipping-taxable","16":"purchasable","17":"product-type-simple"},"_links":{"self":[{"href":"https:\/\/www.fleurop-home.ch\/fr-ch\/wp-json\/wp\/v2\/product\/72321","targetHints":{"allow":["GET"]}}],"collection":[{"href":"https:\/\/www.fleurop-home.ch\/fr-ch\/wp-json\/wp\/v2\/product"}],"about":[{"href":"https:\/\/www.fleurop-home.ch\/fr-ch\/wp-json\/wp\/v2\/types\/product"}],"wp:featuredmedia":[{"embeddable":true,"href":"https:\/\/www.fleurop-home.ch\/fr-ch\/wp-json\/wp\/v2\/media\/72320"}],"wp:attachment":[{"href":"https:\/\/www.fleurop-home.ch\/fr-ch\/wp-json\/wp\/v2\/media?parent=72321"}],"wp:term":[{"taxonomy":"product_brand","embeddable":true,"href":"https:\/\/www.fleurop-home.ch\/fr-ch\/wp-json\/wp\/v2\/product_brand?post=72321"},{"taxonomy":"product_cat","embeddable":true,"href":"https:\/\/www.fleurop-home.ch\/fr-ch\/wp-json\/wp\/v2\/product_cat?post=72321"},{"taxonomy":"product_tag","embeddable":true,"href":"https:\/\/www.fleurop-home.ch\/fr-ch\/wp-json\/wp\/v2\/product_tag?post=72321"},{"taxonomy":"woo-feed-brand","embeddable":true,"href":"https:\/\/www.fleurop-home.ch\/fr-ch\/wp-json\/wp\/v2\/woo-feed-brand?post=72321"}],"curies":[{"name":"wp","href":"https:\/\/api.w.org\/{rel}","templated":true}]}}