{"id":72280,"date":"2026-02-10T08:11:48","date_gmt":"2026-02-10T07:11:48","guid":{"rendered":"https:\/\/www.fleurop-home.ch\/de-ch\/p\/geschenkbox-sweet-moments"},"modified":"2026-02-10T08:11:48","modified_gmt":"2026-02-10T07:11:48","slug":"coffret-cadeau-sweet-moments","status":"publish","type":"product","link":"https:\/\/www.fleurop-home.ch\/fr-ch\/p\/geschenkbox-sweet-moments","title":{"rendered":"Bo\u00eete cadeau \u201eSweet Moments\u201c"},"content":{"rendered":"<p>Des moments de douceur pour le c\u0153ur et l'\u00e2me - la bo\u00eete \u201eSweet Moments\u201c invite \u00e0 faire des pauses agr\u00e9ables au quotidien. Avec un d\u00e9licieux th\u00e9 aux fruits, des c\u0153urs moelleux \u00e0 la guimauve et une \u00e9l\u00e9gante tasse en c\u00e9ramique, chaque pause devient un plaisir particulier. Des chaussettes moelleuses et une couverture douce apportent en plus chaleur et s\u00e9curit\u00e9. La pince \u00e0 th\u00e9 dor\u00e9e compl\u00e8te l'exp\u00e9rience et rend le moment du th\u00e9 parfait. Une id\u00e9e de cadeau pleine d'amour qui allie plaisir, confort et petits moments de bonheur.<\/p>\n<p>Contenu de la bo\u00eete :<br \/>\n- \u00c9charpe en tricot marron<br \/>\n- Chaussettes douces blanches avec noeud en satin<br \/>\n- Tasse en c\u00e9ramique tricolore<br \/>\n- Pince \u00e0 th\u00e9 dor\u00e9e \u201ec\u0153ur\u201c<br \/>\n- Infusion de fruits \u201eSois insolente, sauvage &amp; merveilleuse\u201c.\u201c<br \/>\n- C\u0153urs de guimauve dans un emballage cadeau<br \/>\n- Carte postale surprise<\/p>\n<p>Tous nos coffrets cadeaux ont \u00e9t\u00e9 cr\u00e9\u00e9s avec beaucoup d'amour et le plus grand soin pour offrir des moments de g\u00e2terie, de d\u00e9tente et de petits moments de bonheur. Ils sont parfaits pour remercier, pour un anniversaire, pour un ami, un collaborateur ou simplement pour faire plaisir \u00e0 quelqu'un de sp\u00e9cial \u2661.<\/p>\n<p>Emball\u00e9e dans un carton magn\u00e9tique solide de haute qualit\u00e9 avec un joli n\u0153ud, elle est imm\u00e9diatement pr\u00eate \u00e0 \u00eatre offerte et reste longtemps une bo\u00eete de rangement \u00e9l\u00e9gante \u2661.<\/p>","protected":false},"excerpt":{"rendered":"<p>Des moments de douceur pour le c\u0153ur et l'\u00e2me - la bo\u00eete \u201eSweet Moments\u201c invite \u00e0 faire des pauses agr\u00e9ables au quotidien. Avec un d\u00e9licieux th\u00e9 aux fruits, des c\u0153urs moelleux \u00e0 la guimauve et une \u00e9l\u00e9gante tasse en c\u00e9ramique, chaque pause devient un plaisir particulier.<\/p>","protected":false},"featured_media":72279,"template":"","meta":[],"product_brand":[],"product_cat":[53,42,114,885,52,1225],"product_tag":[1222],"woo-feed-brand":[],"class_list":{"0":"post-72280","1":"product","2":"type-product","3":"status-publish","4":"has-post-thumbnail","6":"product_cat-geschenksets","7":"product_cat-kueche","8":"product_cat-schokolade-sweets","9":"product_cat-koestlichkeiten","10":"product_cat-geschenke","11":"product_cat-genuss","12":"product_tag-oykami-in-a-box","14":"first","15":"instock","16":"taxable","17":"shipping-taxable","18":"purchasable","19":"product-type-simple"},"_links":{"self":[{"href":"https:\/\/www.fleurop-home.ch\/fr-ch\/wp-json\/wp\/v2\/product\/72280","targetHints":{"allow":["GET"]}}],"collection":[{"href":"https:\/\/www.fleurop-home.ch\/fr-ch\/wp-json\/wp\/v2\/product"}],"about":[{"href":"https:\/\/www.fleurop-home.ch\/fr-ch\/wp-json\/wp\/v2\/types\/product"}],"wp:featuredmedia":[{"embeddable":true,"href":"https:\/\/www.fleurop-home.ch\/fr-ch\/wp-json\/wp\/v2\/media\/72279"}],"wp:attachment":[{"href":"https:\/\/www.fleurop-home.ch\/fr-ch\/wp-json\/wp\/v2\/media?parent=72280"}],"wp:term":[{"taxonomy":"product_brand","embeddable":true,"href":"https:\/\/www.fleurop-home.ch\/fr-ch\/wp-json\/wp\/v2\/product_brand?post=72280"},{"taxonomy":"product_cat","embeddable":true,"href":"https:\/\/www.fleurop-home.ch\/fr-ch\/wp-json\/wp\/v2\/product_cat?post=72280"},{"taxonomy":"product_tag","embeddable":true,"href":"https:\/\/www.fleurop-home.ch\/fr-ch\/wp-json\/wp\/v2\/product_tag?post=72280"},{"taxonomy":"woo-feed-brand","embeddable":true,"href":"https:\/\/www.fleurop-home.ch\/fr-ch\/wp-json\/wp\/v2\/woo-feed-brand?post=72280"}],"curies":[{"name":"wp","href":"https:\/\/api.w.org\/{rel}","templated":true}]}}