{"id":7228,"date":"2020-12-08T16:00:33","date_gmt":"2020-12-08T15:00:33","guid":{"rendered":"https:\/\/www.fleurop-home.ch\/?product=lavendel-lavandula-angustifolia-1709029939"},"modified":"2026-05-12T09:47:55","modified_gmt":"2026-05-12T07:47:55","slug":"lavande-lavandula-angustifolia-3","status":"publish","type":"product","link":"https:\/\/www.fleurop-home.ch\/fr-ch\/p\/lavendel-lavandula-angustifolia-3","title":{"rendered":"Lavande - Lavandula angustifolia"},"content":{"rendered":"<p>Der blaue Lavendel pr\u00e4sentiert sich als besonders aromatische und kompakte Staude, welche nicht nur optisch, sondern auch durch ihren mediterranen Duft begeistert. Die zahlreichen violett-blauen Bl\u00fcten erscheinen von Juni bis November und machen ihn zu einem beliebten Rosenbegleiter sowie zu einer wertvollen Erg\u00e4nzung f\u00fcr Mischrabatten und Kr\u00e4uterg\u00e4rten. Dieser Lavendel gedeiht am besten an sonnigen Standorten, bevorzugt einen durchl\u00e4ssigen Boden und kommt mit wenig Wasser aus. Dank 100 % Schweizer Produktion profitierst du von einer robusten, winterharten Pflanze, die sowohl in Pflanzgef\u00e4ssen als auch im Garten langlebige Freude schenkt. Besonders hervorzuheben ist der Nutzen f\u00fcr Bienen und Insekten, welche die duftenden Bl\u00fcten als willkommene Nahrungsquelle sch\u00e4tzen. So unterst\u00fctzt du mit dieser Lavendelstaude nicht nur die lokale Blumenpracht, sondern auch die Biodiversit\u00e4t.<\/p>\n<p>Hauteur : 40 cm<br \/>\nTaille du pot : pot de 25<br \/>\nR\u00e9sistance au froid : r\u00e9sistant au froid<br \/>\nLumi\u00e8re : ensoleill\u00e9e<br \/>\nP\u00e9riode de floraison : juin \u00e0 novembre<br \/>\nSol : perm\u00e9able<br \/>\nBon pour les insectes<\/p>","protected":false},"excerpt":{"rendered":"<p>Blauer Lavendel im 25er Topf \u2013 Duftende, insektenfreundliche Staude aus Schweizer Produktion<\/p>","protected":false},"featured_media":41682,"template":"","meta":[],"product_brand":[],"product_cat":[109,34,41],"product_tag":[299],"woo-feed-brand":[],"class_list":{"0":"post-7228","1":"product","2":"type-product","3":"status-publish","4":"has-post-thumbnail","6":"product_cat-saisonale-pflanzen","7":"product_cat-garten-balkon","8":"product_cat-outdoorpflanzen","9":"product_tag-santispracht","11":"first","12":"instock","13":"taxable","14":"shipping-taxable","15":"purchasable","16":"product-type-simple"},"_links":{"self":[{"href":"https:\/\/www.fleurop-home.ch\/fr-ch\/wp-json\/wp\/v2\/product\/7228","targetHints":{"allow":["GET"]}}],"collection":[{"href":"https:\/\/www.fleurop-home.ch\/fr-ch\/wp-json\/wp\/v2\/product"}],"about":[{"href":"https:\/\/www.fleurop-home.ch\/fr-ch\/wp-json\/wp\/v2\/types\/product"}],"wp:featuredmedia":[{"embeddable":true,"href":"https:\/\/www.fleurop-home.ch\/fr-ch\/wp-json\/wp\/v2\/media\/41682"}],"wp:attachment":[{"href":"https:\/\/www.fleurop-home.ch\/fr-ch\/wp-json\/wp\/v2\/media?parent=7228"}],"wp:term":[{"taxonomy":"product_brand","embeddable":true,"href":"https:\/\/www.fleurop-home.ch\/fr-ch\/wp-json\/wp\/v2\/product_brand?post=7228"},{"taxonomy":"product_cat","embeddable":true,"href":"https:\/\/www.fleurop-home.ch\/fr-ch\/wp-json\/wp\/v2\/product_cat?post=7228"},{"taxonomy":"product_tag","embeddable":true,"href":"https:\/\/www.fleurop-home.ch\/fr-ch\/wp-json\/wp\/v2\/product_tag?post=7228"},{"taxonomy":"woo-feed-brand","embeddable":true,"href":"https:\/\/www.fleurop-home.ch\/fr-ch\/wp-json\/wp\/v2\/woo-feed-brand?post=7228"}],"curies":[{"name":"wp","href":"https:\/\/api.w.org\/{rel}","templated":true}]}}