{"id":72277,"date":"2026-02-10T08:11:48","date_gmt":"2026-02-10T07:11:48","guid":{"rendered":"https:\/\/www.fleurop-home.ch\/de-ch\/p\/geschenkbox-lotus-balance"},"modified":"2026-02-10T08:11:48","modified_gmt":"2026-02-10T07:11:48","slug":"coffret-cadeau-lotus-balance","status":"publish","type":"product","link":"https:\/\/www.fleurop-home.ch\/fr-ch\/p\/geschenkbox-lotus-balance","title":{"rendered":"Coffret cadeau \u201eLotus Balance\u201c"},"content":{"rendered":"<p>La bo\u00eete \u201eLotus Balance\u201c combine calme, plaisir et attention dans un cadeau \u00e9l\u00e9gant. La bouteille de th\u00e9 en verre de haute qualit\u00e9 avec un imprim\u00e9 de lotus permet de d\u00e9guster du th\u00e9 m\u00eame en d\u00e9placement - id\u00e9al pour ceux qui souhaitent int\u00e9grer le bien-\u00eatre et l'\u00e9quilibre dans leur quotidien. \u00c0 la maison, des c\u0153urs en guimauve, du th\u00e9 aux fruits et une \u00e9l\u00e9gante tasse en c\u00e9ramique permettent de passer des moments agr\u00e9ables. Des chaussettes moelleuses apportent un sentiment de s\u00e9curit\u00e9, tandis que la cr\u00e8me pour les mains nourrissante offre de petits moments de selfcare. Une bo\u00eete cadeau pleine de l\u00e9g\u00e8ret\u00e9 et d'harmonie - parfaite pour les amis, les collaborateurs ou simplement pour une surprise pleine d'amour.<\/p>\n<p>Contenu de la bo\u00eete cadeau :<br \/>\n- Bouteille de th\u00e9 en verre avec couvercle en bambou &amp; imprim\u00e9 lotus<br \/>\n- Tasse en fa\u00efence tricolore<br \/>\n- Chaussettes douces blanches avec noeud en satin<br \/>\n- Cr\u00e8me pour les mains Altum<br \/>\n- Infusion de fruits \u201eSois insolente, sauvage &amp; merveilleuse\u201c.\u201c<br \/>\n- C\u0153urs de guimauve dans un emballage cadeau<br \/>\n- Pince \u00e0 th\u00e9 dor\u00e9e \u201ec\u0153ur\u201c<br \/>\n- Allumettes OYKAMI<\/p>\n<p>Tous nos coffrets cadeaux ont \u00e9t\u00e9 cr\u00e9\u00e9s avec beaucoup d'amour et le plus grand soin pour offrir des moments de g\u00e2terie, de d\u00e9tente et de petits moments de bonheur. Ils sont parfaits pour remercier, pour un anniversaire, pour un ami, un collaborateur ou simplement pour faire plaisir \u00e0 quelqu'un de sp\u00e9cial \u2661.<\/p>\n<p>Emball\u00e9e dans un carton magn\u00e9tique solide de haute qualit\u00e9 avec un joli n\u0153ud, elle est imm\u00e9diatement pr\u00eate \u00e0 \u00eatre offerte et reste longtemps une bo\u00eete de rangement \u00e9l\u00e9gante \u2661.<\/p>","protected":false},"excerpt":{"rendered":"<p>La bo\u00eete \u201eLotus Balance\u201c combine calme, plaisir et attention dans un cadeau \u00e9l\u00e9gant. La bouteille de th\u00e9 en verre de haute qualit\u00e9 avec un imprim\u00e9 lotus permet de d\u00e9guster du th\u00e9 m\u00eame en d\u00e9placement - id\u00e9al pour tous ceux qui souhaitent int\u00e9grer le bien-\u00eatre et l'\u00e9quilibre dans leur quotidien.<\/p>","protected":false},"featured_media":72276,"template":"","meta":[],"product_brand":[],"product_cat":[53,42,956,885,52,1225],"product_tag":[1222],"woo-feed-brand":[],"class_list":{"0":"post-72277","1":"product","2":"type-product","3":"status-publish","4":"has-post-thumbnail","6":"product_cat-geschenksets","7":"product_cat-kueche","8":"product_cat-tee","9":"product_cat-koestlichkeiten","10":"product_cat-geschenke","11":"product_cat-genuss","12":"product_tag-oykami-in-a-box","14":"first","15":"instock","16":"taxable","17":"shipping-taxable","18":"purchasable","19":"product-type-simple"},"_links":{"self":[{"href":"https:\/\/www.fleurop-home.ch\/fr-ch\/wp-json\/wp\/v2\/product\/72277","targetHints":{"allow":["GET"]}}],"collection":[{"href":"https:\/\/www.fleurop-home.ch\/fr-ch\/wp-json\/wp\/v2\/product"}],"about":[{"href":"https:\/\/www.fleurop-home.ch\/fr-ch\/wp-json\/wp\/v2\/types\/product"}],"wp:featuredmedia":[{"embeddable":true,"href":"https:\/\/www.fleurop-home.ch\/fr-ch\/wp-json\/wp\/v2\/media\/72276"}],"wp:attachment":[{"href":"https:\/\/www.fleurop-home.ch\/fr-ch\/wp-json\/wp\/v2\/media?parent=72277"}],"wp:term":[{"taxonomy":"product_brand","embeddable":true,"href":"https:\/\/www.fleurop-home.ch\/fr-ch\/wp-json\/wp\/v2\/product_brand?post=72277"},{"taxonomy":"product_cat","embeddable":true,"href":"https:\/\/www.fleurop-home.ch\/fr-ch\/wp-json\/wp\/v2\/product_cat?post=72277"},{"taxonomy":"product_tag","embeddable":true,"href":"https:\/\/www.fleurop-home.ch\/fr-ch\/wp-json\/wp\/v2\/product_tag?post=72277"},{"taxonomy":"woo-feed-brand","embeddable":true,"href":"https:\/\/www.fleurop-home.ch\/fr-ch\/wp-json\/wp\/v2\/woo-feed-brand?post=72277"}],"curies":[{"name":"wp","href":"https:\/\/api.w.org\/{rel}","templated":true}]}}