{"id":72271,"date":"2026-02-10T08:11:49","date_gmt":"2026-02-10T07:11:49","guid":{"rendered":"https:\/\/www.fleurop-home.ch\/de-ch\/p\/geschenkbox-for-you"},"modified":"2026-02-10T08:11:49","modified_gmt":"2026-02-10T07:11:49","slug":"coffret-cadeau-pour-toi","status":"publish","type":"product","link":"https:\/\/www.fleurop-home.ch\/fr-ch\/p\/geschenkbox-for-you","title":{"rendered":"Bo\u00eete cadeau \u201eFor You\u201c"},"content":{"rendered":"<p>La bo\u00eete \u201eFor You\u201c est un remerciement chaleureux, un signe affectueux d'appr\u00e9ciation ou simplement une petite surprise de temps en temps. Elle combine des produits de bien-\u00eatre de haute qualit\u00e9 avec des d\u00e9tails douillets et des petites choses mignonnes qui font plaisir. La bougie cr\u00e9e une atmosph\u00e8re chaleureuse, tandis que la cr\u00e8me pour les mains offre de petits moments de selfcare. Avec des snacks, une couverture et des chaussettes douces, la pause sera parfaite. Une id\u00e9e de cadeau qui vient du c\u0153ur et qui donne le sourire \u00e0 toutes les personnes pr\u00e9f\u00e9r\u00e9es.<\/p>\n<p>Contenu de la bo\u00eete cadeau :<br \/>\n- \u00c9charpe en tricot marron<br \/>\n- Chaussettes douillettes blanches avec noeud en satin<br \/>\n- Scrunchie<br \/>\n- Brosse de massage ronde en bois<br \/>\n- Cr\u00e8me pour les mains Altum<br \/>\n- Bougie parfum\u00e9e OYKAMI<br \/>\n- Allumettes OYKAMI<br \/>\n- Sac \u00e0 merveilles avec des surprises<br \/>\n- Carte postale surprise<\/p>\n<p>Tous nos coffrets cadeaux ont \u00e9t\u00e9 cr\u00e9\u00e9s avec beaucoup d'amour et le plus grand soin pour offrir des moments de g\u00e2terie, de d\u00e9tente et de petits moments de bonheur. Ils sont parfaits pour remercier, pour un anniversaire, pour un ami, un collaborateur ou simplement pour faire plaisir \u00e0 quelqu'un de sp\u00e9cial \u2661.<\/p>\n<p>Emball\u00e9e dans un carton magn\u00e9tique solide de haute qualit\u00e9 avec un joli n\u0153ud, elle est imm\u00e9diatement pr\u00eate \u00e0 \u00eatre offerte et reste longtemps une bo\u00eete de rangement \u00e9l\u00e9gante \u2661.<\/p>","protected":false},"excerpt":{"rendered":"<p>La bo\u00eete \u201eFor You\u201c est un remerciement chaleureux, un signe affectueux d'appr\u00e9ciation ou simplement une petite surprise de temps en temps. Elle combine des produits de bien-\u00eatre de haute qualit\u00e9 avec des d\u00e9tails douillets et des petites choses mignonnes qui font plaisir.<\/p>","protected":false},"featured_media":72270,"template":"","meta":[],"product_brand":[],"product_cat":[53,1003,999,48,1176,52,1224],"product_tag":[1222],"woo-feed-brand":[],"class_list":{"0":"post-72271","1":"product","2":"type-product","3":"status-publish","4":"has-post-thumbnail","6":"product_cat-geschenksets","7":"product_cat-fuer-sie","8":"product_cat-valentinstag","9":"product_cat-bad-wellness","10":"product_cat-wohlbefinden","11":"product_cat-geschenke","12":"product_cat-beauty-wellness","13":"product_tag-oykami-in-a-box","15":"first","16":"instock","17":"taxable","18":"shipping-taxable","19":"purchasable","20":"product-type-simple"},"_links":{"self":[{"href":"https:\/\/www.fleurop-home.ch\/fr-ch\/wp-json\/wp\/v2\/product\/72271","targetHints":{"allow":["GET"]}}],"collection":[{"href":"https:\/\/www.fleurop-home.ch\/fr-ch\/wp-json\/wp\/v2\/product"}],"about":[{"href":"https:\/\/www.fleurop-home.ch\/fr-ch\/wp-json\/wp\/v2\/types\/product"}],"wp:featuredmedia":[{"embeddable":true,"href":"https:\/\/www.fleurop-home.ch\/fr-ch\/wp-json\/wp\/v2\/media\/72270"}],"wp:attachment":[{"href":"https:\/\/www.fleurop-home.ch\/fr-ch\/wp-json\/wp\/v2\/media?parent=72271"}],"wp:term":[{"taxonomy":"product_brand","embeddable":true,"href":"https:\/\/www.fleurop-home.ch\/fr-ch\/wp-json\/wp\/v2\/product_brand?post=72271"},{"taxonomy":"product_cat","embeddable":true,"href":"https:\/\/www.fleurop-home.ch\/fr-ch\/wp-json\/wp\/v2\/product_cat?post=72271"},{"taxonomy":"product_tag","embeddable":true,"href":"https:\/\/www.fleurop-home.ch\/fr-ch\/wp-json\/wp\/v2\/product_tag?post=72271"},{"taxonomy":"woo-feed-brand","embeddable":true,"href":"https:\/\/www.fleurop-home.ch\/fr-ch\/wp-json\/wp\/v2\/woo-feed-brand?post=72271"}],"curies":[{"name":"wp","href":"https:\/\/api.w.org\/{rel}","templated":true}]}}