{"id":72265,"date":"2026-02-10T08:11:49","date_gmt":"2026-02-10T07:11:49","guid":{"rendered":"https:\/\/www.fleurop-home.ch\/de-ch\/p\/geschenkbox-golden-hour"},"modified":"2026-02-10T08:11:49","modified_gmt":"2026-02-10T07:11:49","slug":"coffret-cadeau-golden-hour","status":"publish","type":"product","link":"https:\/\/www.fleurop-home.ch\/fr-ch\/p\/geschenkbox-golden-hour","title":{"rendered":"Coffret cadeau \u201eGolden Hour\u201c"},"content":{"rendered":"<p>Aussi chaude et radieuse que la lumi\u00e8re des heures dor\u00e9es du soir - la bo\u00eete \u201eGolden Hour\u201c offre des moments de bien-\u00eatre particuliers. Des bougies parfum\u00e9es, des produits de soin raffin\u00e9s et une \u00e9l\u00e9gante trousse de toilette transforment le quotidien en petites pauses pleines d'harmonie. Le savon pour les mains et la cr\u00e8me pour les mains soignent en douceur, tandis que les bougies en b\u00e2tonnet et la bougie parfum\u00e9e cr\u00e9ent une atmosph\u00e8re chaleureuse. Une bo\u00eete cadeau qui allie chaleur, tranquillit\u00e9 et \u00e9l\u00e9gance scandinave - id\u00e9ale pour offrir ou se faire plaisir.<\/p>\n<p>Contenu de la bo\u00eete cadeau :<br \/>\n- Trousse de toilette beige (velours c\u00f4tel\u00e9)<br \/>\n- Savon pour les mains Altum<br \/>\n- Cr\u00e8me pour les mains Altum<br \/>\n- Porte-bougies<br \/>\n- Set de bougies sur tige en nude<br \/>\n- Allumettes OYKAMI<br \/>\n- Carte postale surprise<\/p>\n<p>Tous nos coffrets cadeaux ont \u00e9t\u00e9 cr\u00e9\u00e9s avec beaucoup d'amour et le plus grand soin pour offrir des moments de g\u00e2terie, de d\u00e9tente et de petits moments de bonheur. Ils sont parfaits pour remercier, pour un anniversaire, pour un ami, un collaborateur ou simplement pour faire plaisir \u00e0 quelqu'un de sp\u00e9cial \u2661.<\/p>\n<p>Emball\u00e9e dans un carton magn\u00e9tique solide de haute qualit\u00e9 avec un joli n\u0153ud, elle est imm\u00e9diatement pr\u00eate \u00e0 \u00eatre offerte et reste longtemps une bo\u00eete de rangement \u00e9l\u00e9gante \u2661.<\/p>","protected":false},"excerpt":{"rendered":"<p>Aussi chaude et radieuse que la lumi\u00e8re des heures dor\u00e9es du soir - la bo\u00eete \u201eGolden Hour\u201c offre des moments de bien-\u00eatre particuliers. Des bougies parfum\u00e9es, des produits de soin raffin\u00e9s et une \u00e9l\u00e9gante trousse de maquillage transforment le quotidien en petites pauses pleines d'harmonie.<\/p>","protected":false},"featured_media":72264,"template":"","meta":[],"product_brand":[],"product_cat":[53,48,1176,52,1224],"product_tag":[1222],"woo-feed-brand":[],"class_list":{"0":"post-72265","1":"product","2":"type-product","3":"status-publish","4":"has-post-thumbnail","6":"product_cat-geschenksets","7":"product_cat-bad-wellness","8":"product_cat-wohlbefinden","9":"product_cat-geschenke","10":"product_cat-beauty-wellness","11":"product_tag-oykami-in-a-box","13":"first","14":"instock","15":"taxable","16":"shipping-taxable","17":"purchasable","18":"product-type-simple"},"_links":{"self":[{"href":"https:\/\/www.fleurop-home.ch\/fr-ch\/wp-json\/wp\/v2\/product\/72265","targetHints":{"allow":["GET"]}}],"collection":[{"href":"https:\/\/www.fleurop-home.ch\/fr-ch\/wp-json\/wp\/v2\/product"}],"about":[{"href":"https:\/\/www.fleurop-home.ch\/fr-ch\/wp-json\/wp\/v2\/types\/product"}],"wp:featuredmedia":[{"embeddable":true,"href":"https:\/\/www.fleurop-home.ch\/fr-ch\/wp-json\/wp\/v2\/media\/72264"}],"wp:attachment":[{"href":"https:\/\/www.fleurop-home.ch\/fr-ch\/wp-json\/wp\/v2\/media?parent=72265"}],"wp:term":[{"taxonomy":"product_brand","embeddable":true,"href":"https:\/\/www.fleurop-home.ch\/fr-ch\/wp-json\/wp\/v2\/product_brand?post=72265"},{"taxonomy":"product_cat","embeddable":true,"href":"https:\/\/www.fleurop-home.ch\/fr-ch\/wp-json\/wp\/v2\/product_cat?post=72265"},{"taxonomy":"product_tag","embeddable":true,"href":"https:\/\/www.fleurop-home.ch\/fr-ch\/wp-json\/wp\/v2\/product_tag?post=72265"},{"taxonomy":"woo-feed-brand","embeddable":true,"href":"https:\/\/www.fleurop-home.ch\/fr-ch\/wp-json\/wp\/v2\/woo-feed-brand?post=72265"}],"curies":[{"name":"wp","href":"https:\/\/api.w.org\/{rel}","templated":true}]}}