{"id":72262,"date":"2026-02-10T08:11:49","date_gmt":"2026-02-10T07:11:49","guid":{"rendered":"https:\/\/www.fleurop-home.ch\/de-ch\/p\/geschenkbox-nordic-calm"},"modified":"2026-02-10T08:11:49","modified_gmt":"2026-02-10T07:11:49","slug":"coffret-cadeau-calme-nordique","status":"publish","type":"product","link":"https:\/\/www.fleurop-home.ch\/fr-ch\/p\/geschenkbox-nordic-calm","title":{"rendered":"Coffret cadeau \u201eNordic Calm\u201c"},"content":{"rendered":"<p>Inspir\u00e9e par le mode de vie scandinave, la bo\u00eete \u201eNordic Calm\u201c allie calme, naturel et bien-\u00eatre. La bougie parfum\u00e9e et les sels de bain transforment la salle de bain en une petite oasis de bien-\u00eatre. Les produits de soin doux offrent des moments de selfcare relaxants, tandis que la brosse de massage procure une sensation revitalisante pour la peau. La bo\u00eete est compl\u00e9t\u00e9e par une \u00e9l\u00e9gante trousse de toilette qui apporte ordre et \u00e9l\u00e9gance dans la vie quotidienne. Un cadeau plein d'amour pour tous ceux qui aspirent \u00e0 la d\u00e9tente et \u00e0 l'attention.<\/p>\n<p>Contenu de la bo\u00eete cadeau :<br \/>\n- Trousse de toilette beige (velours c\u00f4tel\u00e9)<br \/>\n- Savon pour les mains Altum<br \/>\n- Cr\u00e8me pour les mains Altum<br \/>\n- Bougie parfum\u00e9e OYKAMI<br \/>\n- Bath Soak (sels de bain)<br \/>\n- Brosse de massage ronde en bois<br \/>\n- Carte postale surprise<\/p>\n<p>Tous nos coffrets cadeaux ont \u00e9t\u00e9 cr\u00e9\u00e9s avec beaucoup d'amour et le plus grand soin pour offrir des moments de g\u00e2terie, de d\u00e9tente et de petits moments de bonheur. Ils sont parfaits pour remercier, pour un anniversaire, pour un ami, un collaborateur ou simplement pour faire plaisir \u00e0 quelqu'un de sp\u00e9cial \u2661.<\/p>\n<p>Emball\u00e9e dans un carton magn\u00e9tique solide de haute qualit\u00e9 avec un joli n\u0153ud, elle est imm\u00e9diatement pr\u00eate \u00e0 \u00eatre offerte et reste longtemps une bo\u00eete de rangement \u00e9l\u00e9gante \u2661.<\/p>","protected":false},"excerpt":{"rendered":"<p>Inspir\u00e9e par le mode de vie scandinave, la bo\u00eete \u201eNordic Calm\u201c allie calme, naturel et bien-\u00eatre. La bougie parfum\u00e9e et les sels de bain transforment la salle de bain en une petite oasis de bien-\u00eatre.<\/p>","protected":false},"featured_media":72261,"template":"","meta":[],"product_brand":[],"product_cat":[53,48,50,52,1224],"product_tag":[1222],"woo-feed-brand":[],"class_list":{"0":"post-72262","1":"product","2":"type-product","3":"status-publish","4":"has-post-thumbnail","6":"product_cat-geschenksets","7":"product_cat-bad-wellness","8":"product_cat-badezubehoer","9":"product_cat-geschenke","10":"product_cat-beauty-wellness","11":"product_tag-oykami-in-a-box","13":"first","14":"instock","15":"taxable","16":"shipping-taxable","17":"purchasable","18":"product-type-simple"},"_links":{"self":[{"href":"https:\/\/www.fleurop-home.ch\/fr-ch\/wp-json\/wp\/v2\/product\/72262","targetHints":{"allow":["GET"]}}],"collection":[{"href":"https:\/\/www.fleurop-home.ch\/fr-ch\/wp-json\/wp\/v2\/product"}],"about":[{"href":"https:\/\/www.fleurop-home.ch\/fr-ch\/wp-json\/wp\/v2\/types\/product"}],"wp:featuredmedia":[{"embeddable":true,"href":"https:\/\/www.fleurop-home.ch\/fr-ch\/wp-json\/wp\/v2\/media\/72261"}],"wp:attachment":[{"href":"https:\/\/www.fleurop-home.ch\/fr-ch\/wp-json\/wp\/v2\/media?parent=72262"}],"wp:term":[{"taxonomy":"product_brand","embeddable":true,"href":"https:\/\/www.fleurop-home.ch\/fr-ch\/wp-json\/wp\/v2\/product_brand?post=72262"},{"taxonomy":"product_cat","embeddable":true,"href":"https:\/\/www.fleurop-home.ch\/fr-ch\/wp-json\/wp\/v2\/product_cat?post=72262"},{"taxonomy":"product_tag","embeddable":true,"href":"https:\/\/www.fleurop-home.ch\/fr-ch\/wp-json\/wp\/v2\/product_tag?post=72262"},{"taxonomy":"woo-feed-brand","embeddable":true,"href":"https:\/\/www.fleurop-home.ch\/fr-ch\/wp-json\/wp\/v2\/woo-feed-brand?post=72262"}],"curies":[{"name":"wp","href":"https:\/\/api.w.org\/{rel}","templated":true}]}}