{"id":72256,"date":"2026-02-10T08:11:50","date_gmt":"2026-02-10T07:11:50","guid":{"rendered":"https:\/\/www.fleurop-home.ch\/de-ch\/p\/geschenkbox-cozy-moments"},"modified":"2026-02-24T08:31:36","modified_gmt":"2026-02-24T07:31:36","slug":"coffret-cadeau-cozy-moments","status":"publish","type":"product","link":"https:\/\/www.fleurop-home.ch\/fr-ch\/p\/geschenkbox-cozy-moments","title":{"rendered":"Bo\u00eete cadeau \u201eCozy Moments\u201c"},"content":{"rendered":"<p>La bo\u00eete \u201eCozy Moments\u201c allie chaleur, calme et convivialit\u00e9 scandinave. Avec une couverture en tricot douce, des bougies raffin\u00e9es et des parfums d\u00e9licats, elle transforme chaque pi\u00e8ce en une oasis de bien-\u00eatre. Le diffuseur de parfum cr\u00e9e une atmosph\u00e8re relaxante de longue dur\u00e9e, tandis que la bougie parfum\u00e9e offre une douce lumi\u00e8re. Le produit de bain et les bougies font de cette bo\u00eete un compagnon parfait pour les soir\u00e9es de d\u00e9tente. Un cadeau plein de s\u00e9curit\u00e9, id\u00e9al pour se d\u00e9tendre, profiter et se faire plaisir.<\/p>\n<p>Contenu de la bo\u00eete cadeau :<br \/>\n- \u00c9charpe en tricot marron<br \/>\n- Diffuseur d'ambiance OYKAMI<br \/>\n- OYKAMI Bougie parfum\u00e9e dans un verre<br \/>\n- Set de bougies sur tige en nude<br \/>\n- Allumettes OYKAMI<br \/>\n- Bath Soak (sels de bain)<br \/>\n- Carte postale surprise<\/p>\n<p>Tous nos coffrets cadeaux ont \u00e9t\u00e9 cr\u00e9\u00e9s avec beaucoup d'amour et le plus grand soin pour offrir des moments de g\u00e2terie, de d\u00e9tente et de petits moments de bonheur. Ils sont parfaits pour remercier, pour un anniversaire, pour un ami, un collaborateur ou simplement pour faire plaisir \u00e0 quelqu'un de sp\u00e9cial \u2661.<\/p>\n<p>Emball\u00e9e dans un carton magn\u00e9tique solide de haute qualit\u00e9 avec un joli n\u0153ud, elle est imm\u00e9diatement pr\u00eate \u00e0 \u00eatre offerte et reste longtemps une bo\u00eete de rangement \u00e9l\u00e9gante \u2661.<\/p>","protected":false},"excerpt":{"rendered":"<p>La bo\u00eete \u201eCozy Moments\u201c allie chaleur, calme et convivialit\u00e9 scandinave. Avec une couverture en tricot douce, des bougies raffin\u00e9es et des parfums d\u00e9licats, elle transforme chaque pi\u00e8ce en une oasis de bien-\u00eatre.<\/p>","protected":false},"featured_media":72255,"template":"","meta":[],"product_brand":[],"product_cat":[53,48,50,52,1224],"product_tag":[1222],"woo-feed-brand":[],"class_list":{"0":"post-72256","1":"product","2":"type-product","3":"status-publish","4":"has-post-thumbnail","6":"product_cat-geschenksets","7":"product_cat-bad-wellness","8":"product_cat-badezubehoer","9":"product_cat-geschenke","10":"product_cat-beauty-wellness","11":"product_tag-oykami-in-a-box","13":"first","14":"instock","15":"taxable","16":"shipping-taxable","17":"purchasable","18":"product-type-simple"},"_links":{"self":[{"href":"https:\/\/www.fleurop-home.ch\/fr-ch\/wp-json\/wp\/v2\/product\/72256","targetHints":{"allow":["GET"]}}],"collection":[{"href":"https:\/\/www.fleurop-home.ch\/fr-ch\/wp-json\/wp\/v2\/product"}],"about":[{"href":"https:\/\/www.fleurop-home.ch\/fr-ch\/wp-json\/wp\/v2\/types\/product"}],"wp:featuredmedia":[{"embeddable":true,"href":"https:\/\/www.fleurop-home.ch\/fr-ch\/wp-json\/wp\/v2\/media\/72255"}],"wp:attachment":[{"href":"https:\/\/www.fleurop-home.ch\/fr-ch\/wp-json\/wp\/v2\/media?parent=72256"}],"wp:term":[{"taxonomy":"product_brand","embeddable":true,"href":"https:\/\/www.fleurop-home.ch\/fr-ch\/wp-json\/wp\/v2\/product_brand?post=72256"},{"taxonomy":"product_cat","embeddable":true,"href":"https:\/\/www.fleurop-home.ch\/fr-ch\/wp-json\/wp\/v2\/product_cat?post=72256"},{"taxonomy":"product_tag","embeddable":true,"href":"https:\/\/www.fleurop-home.ch\/fr-ch\/wp-json\/wp\/v2\/product_tag?post=72256"},{"taxonomy":"woo-feed-brand","embeddable":true,"href":"https:\/\/www.fleurop-home.ch\/fr-ch\/wp-json\/wp\/v2\/woo-feed-brand?post=72256"}],"curies":[{"name":"wp","href":"https:\/\/api.w.org\/{rel}","templated":true}]}}