{"id":72250,"date":"2026-02-10T08:11:50","date_gmt":"2026-02-10T07:11:50","guid":{"rendered":"https:\/\/www.fleurop-home.ch\/de-ch\/p\/geschenkbox-spa-retreat"},"modified":"2026-02-10T08:11:50","modified_gmt":"2026-02-10T07:11:50","slug":"coffret-cadeau-spa-retreat","status":"publish","type":"product","link":"https:\/\/www.fleurop-home.ch\/fr-ch\/p\/geschenkbox-spa-retreat","title":{"rendered":"Coffret cadeau \u201eRetraite Spa\u201c"},"content":{"rendered":"<p>La bo\u00eete \u201eSpa Retreat\u201c apporte la sensation d'une visite de spa de luxe directement \u00e0 la maison. Des parfums doux, des produits de soin et des accessoires naturels garantissent une pure d\u00e9tente et relaxation. La combinaison du diffuseur de parfum, des sels de bain et de l'\u00e9ponge Loofah cr\u00e9e un rituel bienfaisant pour le corps et l'\u00e2me. Des accessoires douillets comme la couverture tricot\u00e9e et les scrunchies compl\u00e8tent l'exp\u00e9rience de bien-\u00eatre avec style. Un cadeau plein d'attention et de calme, parfait pour se d\u00e9tendre et profiter.<\/p>\n<p>Contenu de la bo\u00eete cadeau :<br \/>\n- \u00c9charpe en tricot marron<br \/>\n- Diffuseur d'ambiance OYKAMI<br \/>\n- Altum Loofah \u00e9ponge<br \/>\n- Gant exfoliant marron<br \/>\n- Bath Soak (sels de bain)<br \/>\n- Scrunchie blanc<br \/>\n- Scrunchie marron<br \/>\n- Carte postale surprise<\/p>\n<p>Tous nos coffrets cadeaux ont \u00e9t\u00e9 cr\u00e9\u00e9s avec beaucoup d'amour et le plus grand soin pour offrir des moments de g\u00e2terie, de d\u00e9tente et de petits moments de bonheur. Ils sont parfaits pour remercier, pour un anniversaire, pour un ami, un collaborateur ou simplement pour faire plaisir \u00e0 quelqu'un de sp\u00e9cial \u2661.<\/p>\n<p>Emball\u00e9e dans un carton magn\u00e9tique solide de haute qualit\u00e9 avec un joli n\u0153ud, elle est imm\u00e9diatement pr\u00eate \u00e0 \u00eatre offerte et reste longtemps une bo\u00eete de rangement \u00e9l\u00e9gante \u2661.<\/p>","protected":false},"excerpt":{"rendered":"<p>La bo\u00eete \u201eSpa Retreat\u201c apporte la sensation d'une visite de spa de luxe directement \u00e0 la maison. Des parfums doux, des produits de soin et des accessoires naturels garantissent une pure d\u00e9tente et relaxation.<\/p>","protected":false},"featured_media":72249,"template":"","meta":[],"product_brand":[],"product_cat":[53,48,50,52,1224],"product_tag":[1222],"woo-feed-brand":[],"class_list":{"0":"post-72250","1":"product","2":"type-product","3":"status-publish","4":"has-post-thumbnail","6":"product_cat-geschenksets","7":"product_cat-bad-wellness","8":"product_cat-badezubehoer","9":"product_cat-geschenke","10":"product_cat-beauty-wellness","11":"product_tag-oykami-in-a-box","13":"first","14":"instock","15":"taxable","16":"shipping-taxable","17":"purchasable","18":"product-type-simple"},"_links":{"self":[{"href":"https:\/\/www.fleurop-home.ch\/fr-ch\/wp-json\/wp\/v2\/product\/72250","targetHints":{"allow":["GET"]}}],"collection":[{"href":"https:\/\/www.fleurop-home.ch\/fr-ch\/wp-json\/wp\/v2\/product"}],"about":[{"href":"https:\/\/www.fleurop-home.ch\/fr-ch\/wp-json\/wp\/v2\/types\/product"}],"wp:featuredmedia":[{"embeddable":true,"href":"https:\/\/www.fleurop-home.ch\/fr-ch\/wp-json\/wp\/v2\/media\/72249"}],"wp:attachment":[{"href":"https:\/\/www.fleurop-home.ch\/fr-ch\/wp-json\/wp\/v2\/media?parent=72250"}],"wp:term":[{"taxonomy":"product_brand","embeddable":true,"href":"https:\/\/www.fleurop-home.ch\/fr-ch\/wp-json\/wp\/v2\/product_brand?post=72250"},{"taxonomy":"product_cat","embeddable":true,"href":"https:\/\/www.fleurop-home.ch\/fr-ch\/wp-json\/wp\/v2\/product_cat?post=72250"},{"taxonomy":"product_tag","embeddable":true,"href":"https:\/\/www.fleurop-home.ch\/fr-ch\/wp-json\/wp\/v2\/product_tag?post=72250"},{"taxonomy":"woo-feed-brand","embeddable":true,"href":"https:\/\/www.fleurop-home.ch\/fr-ch\/wp-json\/wp\/v2\/woo-feed-brand?post=72250"}],"curies":[{"name":"wp","href":"https:\/\/api.w.org\/{rel}","templated":true}]}}