{"id":72244,"date":"2026-02-10T08:11:51","date_gmt":"2026-02-10T07:11:51","guid":{"rendered":"https:\/\/www.fleurop-home.ch\/de-ch\/p\/geschenkbox-cozy-tea-time"},"modified":"2026-02-10T08:11:51","modified_gmt":"2026-02-10T07:11:51","slug":"coffret-cadeau-cozy-tea-time","status":"publish","type":"product","link":"https:\/\/www.fleurop-home.ch\/fr-ch\/p\/geschenkbox-cozy-tea-time","title":{"rendered":"Coffret cadeau \u201eCozy Tea Time\u201c"},"content":{"rendered":"<p>La bo\u00eete \u201eCozy Tea Time\u201c invite \u00e0 une pause sp\u00e9ciale pleine de chaleur et de plaisir. Avec une tasse \u00e9l\u00e9gante, des friandises sucr\u00e9es et un th\u00e9 d\u00e9licieux, chaque moment devient un petit moment fort. Des d\u00e9tails adorables comme la passoire \u00e0 th\u00e9 en forme de c\u0153ur et les serviettes d\u00e9licates rendent la pause th\u00e9 encore plus agr\u00e9able. Que ce soit pour un apr\u00e8s-midi agr\u00e9able ou comme cadeau affectueux, cette bo\u00eete est un vrai moment de c\u0153ur.<\/p>\n<p>Contenu de la bo\u00eete cadeau :<br \/>\n- Tasse en fa\u00efence tricolore<br \/>\n- Tamis \u00e0 th\u00e9 en forme de c\u0153ur or<br \/>\n- Th\u00e9 \u201eSois insolent, sauvage &amp; merveilleux\u201c.\u201c<br \/>\n- Guimauves en forme de c\u0153ur<br \/>\n- Bougie \u00e0 r\u00e9chaud en forme de c\u0153ur<br \/>\n- Serviettes avec un c\u0153ur en relief<br \/>\n- Carte postale surprise<\/p>\n<p>Tous nos coffrets cadeaux ont \u00e9t\u00e9 cr\u00e9\u00e9s avec beaucoup d'amour et le plus grand soin pour offrir des moments de g\u00e2terie, de d\u00e9tente et de petits moments de bonheur. Ils sont parfaits pour remercier, pour un anniversaire, pour un ami, un collaborateur ou simplement pour faire plaisir \u00e0 quelqu'un de sp\u00e9cial \u2661.<\/p>\n<p>Emball\u00e9e dans un carton magn\u00e9tique solide de haute qualit\u00e9 avec un joli n\u0153ud, elle est imm\u00e9diatement pr\u00eate \u00e0 \u00eatre offerte et reste longtemps une bo\u00eete de rangement \u00e9l\u00e9gante \u2661.<\/p>","protected":false},"excerpt":{"rendered":"<p>La bo\u00eete \u201eCozy Tea Time\u201c invite \u00e0 une pause sp\u00e9ciale pleine de chaleur et de plaisir. Avec une tasse \u00e9l\u00e9gante, des friandises sucr\u00e9es et un th\u00e9 d\u00e9licieux, chaque moment devient un petit moment fort.<\/p>","protected":false},"featured_media":72243,"template":"","meta":[],"product_brand":[],"product_cat":[53,42,114,885,52,1225],"product_tag":[1222],"woo-feed-brand":[],"class_list":{"0":"post-72244","1":"product","2":"type-product","3":"status-publish","4":"has-post-thumbnail","6":"product_cat-geschenksets","7":"product_cat-kueche","8":"product_cat-schokolade-sweets","9":"product_cat-koestlichkeiten","10":"product_cat-geschenke","11":"product_cat-genuss","12":"product_tag-oykami-in-a-box","14":"first","15":"instock","16":"taxable","17":"shipping-taxable","18":"purchasable","19":"product-type-simple"},"_links":{"self":[{"href":"https:\/\/www.fleurop-home.ch\/fr-ch\/wp-json\/wp\/v2\/product\/72244","targetHints":{"allow":["GET"]}}],"collection":[{"href":"https:\/\/www.fleurop-home.ch\/fr-ch\/wp-json\/wp\/v2\/product"}],"about":[{"href":"https:\/\/www.fleurop-home.ch\/fr-ch\/wp-json\/wp\/v2\/types\/product"}],"wp:featuredmedia":[{"embeddable":true,"href":"https:\/\/www.fleurop-home.ch\/fr-ch\/wp-json\/wp\/v2\/media\/72243"}],"wp:attachment":[{"href":"https:\/\/www.fleurop-home.ch\/fr-ch\/wp-json\/wp\/v2\/media?parent=72244"}],"wp:term":[{"taxonomy":"product_brand","embeddable":true,"href":"https:\/\/www.fleurop-home.ch\/fr-ch\/wp-json\/wp\/v2\/product_brand?post=72244"},{"taxonomy":"product_cat","embeddable":true,"href":"https:\/\/www.fleurop-home.ch\/fr-ch\/wp-json\/wp\/v2\/product_cat?post=72244"},{"taxonomy":"product_tag","embeddable":true,"href":"https:\/\/www.fleurop-home.ch\/fr-ch\/wp-json\/wp\/v2\/product_tag?post=72244"},{"taxonomy":"woo-feed-brand","embeddable":true,"href":"https:\/\/www.fleurop-home.ch\/fr-ch\/wp-json\/wp\/v2\/woo-feed-brand?post=72244"}],"curies":[{"name":"wp","href":"https:\/\/api.w.org\/{rel}","templated":true}]}}