{"id":72226,"date":"2026-02-10T08:11:52","date_gmt":"2026-02-10T07:11:52","guid":{"rendered":"https:\/\/www.fleurop-home.ch\/de-ch\/p\/geschenkbox-peachy-tea-time"},"modified":"2026-02-10T08:11:52","modified_gmt":"2026-02-10T07:11:52","slug":"coffret-cadeau-peachy-tea-time","status":"publish","type":"product","link":"https:\/\/www.fleurop-home.ch\/fr-ch\/p\/geschenkbox-peachy-tea-time","title":{"rendered":"Bo\u00eete cadeau \u201ePeachy Tea Time\u201c"},"content":{"rendered":"<p>La bo\u00eete \u201ePeachy Tea Time\u201c est un moment de plaisir frais et fruit\u00e9 pour les pauses d\u00e9tente. Avec un d\u00e9licieux th\u00e9 \u00e0 la p\u00eache bio, une tasse \u00e9l\u00e9gante et une cr\u00e8me pour les mains traitante, la pause th\u00e9 devient un v\u00e9ritable rituel de bien-\u00eatre. La passoire \u00e0 th\u00e9 dor\u00e9e en forme de c\u0153ur et les serviettes d\u00e9licates apportent une touche de style et font de la bo\u00eete un cadeau plein d'amour. Parfait pour tous ceux qui appr\u00e9cient le th\u00e9 fruit\u00e9 et les petits moments de selfcare.<\/p>\n<p>Contenu de la bo\u00eete cadeau :<br \/>\n- Tasse tricolore<br \/>\n- Tamis \u00e0 th\u00e9 en forme de c\u0153ur or<br \/>\n- Th\u00e9 \u00e0 la p\u00eache bio<br \/>\n- Cr\u00e8me pour les mains Altum<br \/>\n- Serviettes avec un c\u0153ur en relief<br \/>\n- Carte postale surprise<\/p>\n<p>Tous nos coffrets cadeaux ont \u00e9t\u00e9 cr\u00e9\u00e9s avec beaucoup d'amour et le plus grand soin pour offrir des moments de g\u00e2terie, de d\u00e9tente et de petits moments de bonheur. Ils sont parfaits pour remercier, pour un anniversaire, pour un ami, un collaborateur ou simplement pour faire plaisir \u00e0 quelqu'un de sp\u00e9cial \u2661.<\/p>\n<p>Emball\u00e9e dans un carton magn\u00e9tique solide de haute qualit\u00e9 avec un joli n\u0153ud, elle est imm\u00e9diatement pr\u00eate \u00e0 \u00eatre offerte et reste longtemps une bo\u00eete de rangement \u00e9l\u00e9gante \u2661.<\/p>","protected":false},"excerpt":{"rendered":"<p>La bo\u00eete \u201ePeachy Tea Time\u201c est un moment de plaisir frais et fruit\u00e9 pour les pauses d\u00e9tente. Avec un d\u00e9licieux th\u00e9 \u00e0 la p\u00eache bio, une tasse \u00e9l\u00e9gante et une cr\u00e8me pour les mains nourrissante, la pause th\u00e9 devient un v\u00e9ritable rituel de bien-\u00eatre.<\/p>","protected":false},"featured_media":72225,"template":"","meta":[],"product_brand":[],"product_cat":[53,42,956,885,52,1225],"product_tag":[1222],"woo-feed-brand":[],"class_list":{"0":"post-72226","1":"product","2":"type-product","3":"status-publish","4":"has-post-thumbnail","6":"product_cat-geschenksets","7":"product_cat-kueche","8":"product_cat-tee","9":"product_cat-koestlichkeiten","10":"product_cat-geschenke","11":"product_cat-genuss","12":"product_tag-oykami-in-a-box","14":"first","15":"instock","16":"taxable","17":"shipping-taxable","18":"purchasable","19":"product-type-simple"},"_links":{"self":[{"href":"https:\/\/www.fleurop-home.ch\/fr-ch\/wp-json\/wp\/v2\/product\/72226","targetHints":{"allow":["GET"]}}],"collection":[{"href":"https:\/\/www.fleurop-home.ch\/fr-ch\/wp-json\/wp\/v2\/product"}],"about":[{"href":"https:\/\/www.fleurop-home.ch\/fr-ch\/wp-json\/wp\/v2\/types\/product"}],"wp:featuredmedia":[{"embeddable":true,"href":"https:\/\/www.fleurop-home.ch\/fr-ch\/wp-json\/wp\/v2\/media\/72225"}],"wp:attachment":[{"href":"https:\/\/www.fleurop-home.ch\/fr-ch\/wp-json\/wp\/v2\/media?parent=72226"}],"wp:term":[{"taxonomy":"product_brand","embeddable":true,"href":"https:\/\/www.fleurop-home.ch\/fr-ch\/wp-json\/wp\/v2\/product_brand?post=72226"},{"taxonomy":"product_cat","embeddable":true,"href":"https:\/\/www.fleurop-home.ch\/fr-ch\/wp-json\/wp\/v2\/product_cat?post=72226"},{"taxonomy":"product_tag","embeddable":true,"href":"https:\/\/www.fleurop-home.ch\/fr-ch\/wp-json\/wp\/v2\/product_tag?post=72226"},{"taxonomy":"woo-feed-brand","embeddable":true,"href":"https:\/\/www.fleurop-home.ch\/fr-ch\/wp-json\/wp\/v2\/woo-feed-brand?post=72226"}],"curies":[{"name":"wp","href":"https:\/\/api.w.org\/{rel}","templated":true}]}}