{"id":72223,"date":"2026-02-10T08:11:52","date_gmt":"2026-02-10T07:11:52","guid":{"rendered":"https:\/\/www.fleurop-home.ch\/de-ch\/p\/geschenkbox-cosy-choco-tea"},"modified":"2026-02-10T08:11:53","modified_gmt":"2026-02-10T07:11:53","slug":"coffret-cadeau-cosy-choco-tea","status":"publish","type":"product","link":"https:\/\/www.fleurop-home.ch\/fr-ch\/p\/geschenkbox-cosy-choco-tea","title":{"rendered":"Bo\u00eete cadeau \u201eCosy Choco Tea\u201c"},"content":{"rendered":"<p>La bo\u00eete \u201eCosy Choco Tea\u201c combine des moments de plaisirs sucr\u00e9s avec une chaleur agr\u00e9able. Un chocolat fin, un th\u00e9 raffin\u00e9 et des chaussettes douillettes invitent \u00e0 un moment de d\u00e9tente. Le coffret est compl\u00e9t\u00e9 par une \u00e9l\u00e9gante tasse tricolore et une passoire \u00e0 th\u00e9 en forme de c\u0153ur dor\u00e9, qui rendent chaque moment de th\u00e9 sp\u00e9cial. Ce coffret est le cadeau id\u00e9al pour tous ceux qui aspirent \u00e0 la convivialit\u00e9, \u00e0 la chaleur et aux petits plaisirs quotidiens.<\/p>\n<p>Contenu de la bo\u00eete cadeau :<br \/>\n- Tasse en fa\u00efence tricolore<br \/>\n- Tamis \u00e0 th\u00e9 en forme de c\u0153ur or<br \/>\n- Chocolat avec des crispies color\u00e9s<br \/>\n- Th\u00e9 \u201eSois insolent, sauvage &amp; merveilleux\u201c.\u201c<br \/>\n- Chaussettes douces<br \/>\n- Carte postale surprise<\/p>\n<p>Tous nos coffrets cadeaux ont \u00e9t\u00e9 cr\u00e9\u00e9s avec beaucoup d'amour et le plus grand soin pour offrir des moments de g\u00e2terie, de d\u00e9tente et de petits moments de bonheur. Ils sont parfaits pour remercier, pour un anniversaire, pour un ami, un collaborateur ou simplement pour faire plaisir \u00e0 quelqu'un de sp\u00e9cial \u2661.<\/p>\n<p>Emball\u00e9e dans un carton magn\u00e9tique solide de haute qualit\u00e9 avec un joli n\u0153ud, elle est imm\u00e9diatement pr\u00eate \u00e0 \u00eatre offerte et reste longtemps une bo\u00eete de rangement \u00e9l\u00e9gante \u2661.<\/p>","protected":false},"excerpt":{"rendered":"<p>La bo\u00eete \u201eCosy Choco Tea\u201c combine des moments de plaisirs sucr\u00e9s avec une chaleur agr\u00e9able. Un chocolat fin, un th\u00e9 raffin\u00e9 et des chaussettes douillettes invitent \u00e0 une pause d\u00e9tente.<\/p>","protected":false},"featured_media":72222,"template":"","meta":[],"product_brand":[],"product_cat":[53,42,114,885,52,1225],"product_tag":[1222],"woo-feed-brand":[],"class_list":{"0":"post-72223","1":"product","2":"type-product","3":"status-publish","4":"has-post-thumbnail","6":"product_cat-geschenksets","7":"product_cat-kueche","8":"product_cat-schokolade-sweets","9":"product_cat-koestlichkeiten","10":"product_cat-geschenke","11":"product_cat-genuss","12":"product_tag-oykami-in-a-box","14":"first","15":"instock","16":"taxable","17":"shipping-taxable","18":"purchasable","19":"product-type-simple"},"_links":{"self":[{"href":"https:\/\/www.fleurop-home.ch\/fr-ch\/wp-json\/wp\/v2\/product\/72223","targetHints":{"allow":["GET"]}}],"collection":[{"href":"https:\/\/www.fleurop-home.ch\/fr-ch\/wp-json\/wp\/v2\/product"}],"about":[{"href":"https:\/\/www.fleurop-home.ch\/fr-ch\/wp-json\/wp\/v2\/types\/product"}],"wp:featuredmedia":[{"embeddable":true,"href":"https:\/\/www.fleurop-home.ch\/fr-ch\/wp-json\/wp\/v2\/media\/72222"}],"wp:attachment":[{"href":"https:\/\/www.fleurop-home.ch\/fr-ch\/wp-json\/wp\/v2\/media?parent=72223"}],"wp:term":[{"taxonomy":"product_brand","embeddable":true,"href":"https:\/\/www.fleurop-home.ch\/fr-ch\/wp-json\/wp\/v2\/product_brand?post=72223"},{"taxonomy":"product_cat","embeddable":true,"href":"https:\/\/www.fleurop-home.ch\/fr-ch\/wp-json\/wp\/v2\/product_cat?post=72223"},{"taxonomy":"product_tag","embeddable":true,"href":"https:\/\/www.fleurop-home.ch\/fr-ch\/wp-json\/wp\/v2\/product_tag?post=72223"},{"taxonomy":"woo-feed-brand","embeddable":true,"href":"https:\/\/www.fleurop-home.ch\/fr-ch\/wp-json\/wp\/v2\/woo-feed-brand?post=72223"}],"curies":[{"name":"wp","href":"https:\/\/api.w.org\/{rel}","templated":true}]}}