{"id":72211,"date":"2026-02-10T08:11:54","date_gmt":"2026-02-10T07:11:54","guid":{"rendered":"https:\/\/www.fleurop-home.ch\/de-ch\/p\/geschenkbox-sweet-moments-fresh-edition"},"modified":"2026-02-10T08:11:54","modified_gmt":"2026-02-10T07:11:54","slug":"coffret-cadeau-sweet-moments-fresh-edition","status":"publish","type":"product","link":"https:\/\/www.fleurop-home.ch\/fr-ch\/p\/geschenkbox-sweet-moments-fresh-edition","title":{"rendered":"Bo\u00eete cadeau \u201eSweet Moments - Fresh Edition\u201c"},"content":{"rendered":"<p>Sweet Moments - Fresh Edition\u201e apporte l\u00e9g\u00e8ret\u00e9 et d\u00e9tente au quotidien. Avec son th\u00e9 aromatique \u00e0 la m\u00e9lisse citronn\u00e9e bio, ses guimauves de c\u0153ur moelleuses et ses chaussettes douillettes, cette bo\u00eete invite \u00e0 la d\u00e9tente et au plaisir. La tasse en pierre \u00e9l\u00e9gante et la passoire \u00e0 th\u00e9 en forme de c\u0153ur dor\u00e9 font du rituel du th\u00e9 une exp\u00e9rience particuli\u00e8re.<\/p>\n<p>Contenu de la bo\u00eete cadeau :<br \/>\n- Tasse en fa\u00efence<br \/>\n- Tamis \u00e0 th\u00e9 en forme de c\u0153ur or<br \/>\n- Th\u00e9 \u00e0 la m\u00e9lisse citronn\u00e9e bio<br \/>\n- Guimauves en forme de c\u0153ur<br \/>\n- Chaussettes douces<br \/>\n- Carte postale surprise<\/p>\n<p>Chaque bo\u00eete OYKAMI est emball\u00e9e \u00e0 la main avec beaucoup d'amour et d\u00e9cor\u00e9e avec style d'un ruban. Les bo\u00eetes magn\u00e9tiques de haute qualit\u00e9 sont durables et peuvent \u00eatre merveilleusement r\u00e9utilis\u00e9es comme bo\u00eete de rangement.<\/p>","protected":false},"excerpt":{"rendered":"<p>Sweet Moments - Fresh Edition\u201e apporte l\u00e9g\u00e8ret\u00e9 et d\u00e9tente au quotidien. Avec son th\u00e9 aromatique \u00e0 la m\u00e9lisse citronn\u00e9e bio, ses guimauves de c\u0153ur moelleuses et ses chaussettes douillettes, cette bo\u00eete invite \u00e0 la d\u00e9tente et au plaisir.<\/p>","protected":false},"featured_media":72210,"template":"","meta":[],"product_brand":[],"product_cat":[53,42,114,885,52,1225],"product_tag":[1222],"woo-feed-brand":[],"class_list":{"0":"post-72211","1":"product","2":"type-product","3":"status-publish","4":"has-post-thumbnail","6":"product_cat-geschenksets","7":"product_cat-kueche","8":"product_cat-schokolade-sweets","9":"product_cat-koestlichkeiten","10":"product_cat-geschenke","11":"product_cat-genuss","12":"product_tag-oykami-in-a-box","14":"first","15":"instock","16":"taxable","17":"shipping-taxable","18":"purchasable","19":"product-type-simple"},"_links":{"self":[{"href":"https:\/\/www.fleurop-home.ch\/fr-ch\/wp-json\/wp\/v2\/product\/72211","targetHints":{"allow":["GET"]}}],"collection":[{"href":"https:\/\/www.fleurop-home.ch\/fr-ch\/wp-json\/wp\/v2\/product"}],"about":[{"href":"https:\/\/www.fleurop-home.ch\/fr-ch\/wp-json\/wp\/v2\/types\/product"}],"wp:featuredmedia":[{"embeddable":true,"href":"https:\/\/www.fleurop-home.ch\/fr-ch\/wp-json\/wp\/v2\/media\/72210"}],"wp:attachment":[{"href":"https:\/\/www.fleurop-home.ch\/fr-ch\/wp-json\/wp\/v2\/media?parent=72211"}],"wp:term":[{"taxonomy":"product_brand","embeddable":true,"href":"https:\/\/www.fleurop-home.ch\/fr-ch\/wp-json\/wp\/v2\/product_brand?post=72211"},{"taxonomy":"product_cat","embeddable":true,"href":"https:\/\/www.fleurop-home.ch\/fr-ch\/wp-json\/wp\/v2\/product_cat?post=72211"},{"taxonomy":"product_tag","embeddable":true,"href":"https:\/\/www.fleurop-home.ch\/fr-ch\/wp-json\/wp\/v2\/product_tag?post=72211"},{"taxonomy":"woo-feed-brand","embeddable":true,"href":"https:\/\/www.fleurop-home.ch\/fr-ch\/wp-json\/wp\/v2\/woo-feed-brand?post=72211"}],"curies":[{"name":"wp","href":"https:\/\/api.w.org\/{rel}","templated":true}]}}