{"id":72193,"date":"2026-02-10T08:11:55","date_gmt":"2026-02-10T07:11:55","guid":{"rendered":"https:\/\/www.fleurop-home.ch\/de-ch\/p\/geschenkbox-hygge-zuhause"},"modified":"2026-02-10T08:11:55","modified_gmt":"2026-02-10T07:11:55","slug":"coffret-cadeau-hygge-a-la-maison","status":"publish","type":"product","link":"https:\/\/www.fleurop-home.ch\/fr-ch\/p\/geschenkbox-hygge-zuhause","title":{"rendered":"Coffret cadeau \u201eHygge \u00e0 la maison\u201c"},"content":{"rendered":"<p>Cette bo\u00eete cadeau apporte chaleur, confort et ambiance scandinave directement \u00e0 la maison. Le doux drap de hammam invite \u00e0 se blottir, tandis que les bougies et les serviettes cr\u00e9ent une ambiance chaleureuse. A cela s'ajoutent un th\u00e9 fin, une tasse en c\u00e9ramique faite \u00e0 la main ainsi qu'une passoire \u00e0 th\u00e9 dor\u00e9e en forme de c\u0153ur - parfait pour des moments de d\u00e9tente et de plaisir. De petits d\u00e9tails comme le savon affectueux compl\u00e8tent ce paquet bien-\u00eatre et en font un cadeau sp\u00e9cial.<\/p>\n<p>Contenu de la bo\u00eete cadeau :<br \/>\n- Couverture en coton<br \/>\n- 4 bougies tige rose p\u00e2le<br \/>\n- Tasse en fa\u00efence<br \/>\n- Allumettes OYKAMI<br \/>\n- Tisane \u201eSois impertinente, sauvage &amp; merveilleuse\u201c<br \/>\n- Passoire \u00e0 th\u00e9 c\u0153ur dor\u00e9<br \/>\n- Serviettes avec un c\u0153ur<br \/>\n- Bougie en forme de c\u0153ur<br \/>\n- Carte postale surprise<\/p>\n<p>Tous nos coffrets cadeaux ont \u00e9t\u00e9 cr\u00e9\u00e9s avec beaucoup d'amour et le plus grand soin pour offrir des moments de g\u00e2terie, de d\u00e9tente et de petits moments de bonheur. Ils sont parfaits pour remercier, pour un anniversaire, pour un ami, un collaborateur ou simplement pour faire plaisir \u00e0 quelqu'un de sp\u00e9cial \u2661.<\/p>\n<p>Emball\u00e9e dans un carton magn\u00e9tique solide de haute qualit\u00e9 avec un joli n\u0153ud, elle est imm\u00e9diatement pr\u00eate \u00e0 \u00eatre offerte et reste longtemps une bo\u00eete de rangement \u00e9l\u00e9gante \u2661.<\/p>","protected":false},"excerpt":{"rendered":"<p>Cette bo\u00eete cadeau apporte chaleur, confort et ambiance scandinave directement \u00e0 la maison. Le doux drap de hammam invite \u00e0 s'y blottir, tandis que les bougies et les serviettes de table cr\u00e9ent une ambiance chaleureuse.<\/p>","protected":false},"featured_media":72192,"template":"","meta":[],"product_brand":[],"product_cat":[53,42,956,885,52,1225],"product_tag":[1222],"woo-feed-brand":[],"class_list":{"0":"post-72193","1":"product","2":"type-product","3":"status-publish","4":"has-post-thumbnail","6":"product_cat-geschenksets","7":"product_cat-kueche","8":"product_cat-tee","9":"product_cat-koestlichkeiten","10":"product_cat-geschenke","11":"product_cat-genuss","12":"product_tag-oykami-in-a-box","14":"first","15":"instock","16":"taxable","17":"shipping-taxable","18":"purchasable","19":"product-type-simple"},"_links":{"self":[{"href":"https:\/\/www.fleurop-home.ch\/fr-ch\/wp-json\/wp\/v2\/product\/72193","targetHints":{"allow":["GET"]}}],"collection":[{"href":"https:\/\/www.fleurop-home.ch\/fr-ch\/wp-json\/wp\/v2\/product"}],"about":[{"href":"https:\/\/www.fleurop-home.ch\/fr-ch\/wp-json\/wp\/v2\/types\/product"}],"wp:featuredmedia":[{"embeddable":true,"href":"https:\/\/www.fleurop-home.ch\/fr-ch\/wp-json\/wp\/v2\/media\/72192"}],"wp:attachment":[{"href":"https:\/\/www.fleurop-home.ch\/fr-ch\/wp-json\/wp\/v2\/media?parent=72193"}],"wp:term":[{"taxonomy":"product_brand","embeddable":true,"href":"https:\/\/www.fleurop-home.ch\/fr-ch\/wp-json\/wp\/v2\/product_brand?post=72193"},{"taxonomy":"product_cat","embeddable":true,"href":"https:\/\/www.fleurop-home.ch\/fr-ch\/wp-json\/wp\/v2\/product_cat?post=72193"},{"taxonomy":"product_tag","embeddable":true,"href":"https:\/\/www.fleurop-home.ch\/fr-ch\/wp-json\/wp\/v2\/product_tag?post=72193"},{"taxonomy":"woo-feed-brand","embeddable":true,"href":"https:\/\/www.fleurop-home.ch\/fr-ch\/wp-json\/wp\/v2\/woo-feed-brand?post=72193"}],"curies":[{"name":"wp","href":"https:\/\/api.w.org\/{rel}","templated":true}]}}