{"id":72175,"date":"2026-02-10T08:11:56","date_gmt":"2026-02-10T07:11:56","guid":{"rendered":"https:\/\/www.fleurop-home.ch\/de-ch\/p\/geschenkbox-mysa-home"},"modified":"2026-02-10T08:11:56","modified_gmt":"2026-02-10T07:11:56","slug":"coffret-cadeau-mysa-home","status":"publish","type":"product","link":"https:\/\/www.fleurop-home.ch\/fr-ch\/p\/geschenkbox-mysa-home","title":{"rendered":"Coffret cadeau \u00abMysa Home\u00bb"},"content":{"rendered":"<p>Ce coffret cadeau invite \u00e0 des moments de bien-\u00eatre douillets et r\u00e9unit de petites choses d\u00e9licates qui apportent chaleur et s\u00e9curit\u00e9. Un ensemble nordique pour passer des moments agr\u00e9ables avec du th\u00e9, des chaussettes douces et une tasse \u00e9l\u00e9gante - juste ce qu'il faut pour prendre du temps pour soi ou pour une personne sp\u00e9ciale \u2661.<\/p>\n<p>Contenu de la bo\u00eete cadeau :<br \/>\n- Couverture en coton<br \/>\n- Chaussettes douces en blanc avec ruban de satin<br \/>\n- Tisane \u201eSois impertinente, sauvage &amp; merveilleuse\u201c<br \/>\n- Tasse en fa\u00efence<br \/>\n- Passoire \u00e0 th\u00e9 c\u0153ur dor\u00e9<br \/>\n- Carte postale surprise<\/p>\n<p>Tous nos coffrets cadeaux ont \u00e9t\u00e9 cr\u00e9\u00e9s avec beaucoup d'amour et le plus grand soin pour offrir des moments de g\u00e2terie, de d\u00e9tente et de petits moments de bonheur. Ils sont parfaits pour remercier, pour un anniversaire, pour un ami, un collaborateur ou simplement pour faire plaisir \u00e0 quelqu'un de sp\u00e9cial \u2661.<\/p>\n<p>Emball\u00e9e dans un carton magn\u00e9tique solide de haute qualit\u00e9 avec un joli n\u0153ud, elle est imm\u00e9diatement pr\u00eate \u00e0 \u00eatre offerte et reste longtemps une bo\u00eete de rangement \u00e9l\u00e9gante \u2661.<\/p>","protected":false},"excerpt":{"rendered":"<p>Cette bo\u00eete cadeau invite \u00e0 des moments de bien-\u00eatre douillets et r\u00e9unit des petites choses d\u00e9licates qui apportent chaleur et s\u00e9curit\u00e9.<\/p>","protected":false},"featured_media":72174,"template":"","meta":[],"product_brand":[],"product_cat":[53,42,956,885,52,1225],"product_tag":[1222],"woo-feed-brand":[],"class_list":{"0":"post-72175","1":"product","2":"type-product","3":"status-publish","4":"has-post-thumbnail","6":"product_cat-geschenksets","7":"product_cat-kueche","8":"product_cat-tee","9":"product_cat-koestlichkeiten","10":"product_cat-geschenke","11":"product_cat-genuss","12":"product_tag-oykami-in-a-box","14":"first","15":"instock","16":"taxable","17":"shipping-taxable","18":"purchasable","19":"product-type-simple"},"_links":{"self":[{"href":"https:\/\/www.fleurop-home.ch\/fr-ch\/wp-json\/wp\/v2\/product\/72175","targetHints":{"allow":["GET"]}}],"collection":[{"href":"https:\/\/www.fleurop-home.ch\/fr-ch\/wp-json\/wp\/v2\/product"}],"about":[{"href":"https:\/\/www.fleurop-home.ch\/fr-ch\/wp-json\/wp\/v2\/types\/product"}],"wp:featuredmedia":[{"embeddable":true,"href":"https:\/\/www.fleurop-home.ch\/fr-ch\/wp-json\/wp\/v2\/media\/72174"}],"wp:attachment":[{"href":"https:\/\/www.fleurop-home.ch\/fr-ch\/wp-json\/wp\/v2\/media?parent=72175"}],"wp:term":[{"taxonomy":"product_brand","embeddable":true,"href":"https:\/\/www.fleurop-home.ch\/fr-ch\/wp-json\/wp\/v2\/product_brand?post=72175"},{"taxonomy":"product_cat","embeddable":true,"href":"https:\/\/www.fleurop-home.ch\/fr-ch\/wp-json\/wp\/v2\/product_cat?post=72175"},{"taxonomy":"product_tag","embeddable":true,"href":"https:\/\/www.fleurop-home.ch\/fr-ch\/wp-json\/wp\/v2\/product_tag?post=72175"},{"taxonomy":"woo-feed-brand","embeddable":true,"href":"https:\/\/www.fleurop-home.ch\/fr-ch\/wp-json\/wp\/v2\/woo-feed-brand?post=72175"}],"curies":[{"name":"wp","href":"https:\/\/api.w.org\/{rel}","templated":true}]}}