{"id":72167,"date":"2026-02-10T08:11:56","date_gmt":"2026-02-10T07:11:56","guid":{"rendered":"https:\/\/www.fleurop-home.ch\/de-ch\/p\/geschenkbox-nordlys-home"},"modified":"2026-02-10T08:11:57","modified_gmt":"2026-02-10T07:11:57","slug":"coffret-cadeau-nordlys-home","status":"publish","type":"product","link":"https:\/\/www.fleurop-home.ch\/fr-ch\/p\/geschenkbox-nordlys-home","title":{"rendered":"Coffret cadeau \u00abNordlys Home\u00bb"},"content":{"rendered":"<p>Cette bo\u00eete cadeau r\u00e9unit tout ce dont tu as besoin pour un moment de bien-\u00eatre confortable. Des textiles chauds, de d\u00e9licieux moments de th\u00e9 et une \u00e9l\u00e9gante bouteille en verre avec un compartiment pour pierres pr\u00e9cieuses en font un compagnon sp\u00e9cial pour les petits moments de d\u00e9tente. Parfait pour offrir \u00e0 soi-m\u00eame ou \u00e0 un proche un peu de s\u00e9curit\u00e9 nordique \u2661.<\/p>\n<p>Contenu de la bo\u00eete cadeau :<br \/>\n- Couverture en coton<br \/>\n- Chaussettes douces en blanc avec ruban de satin<br \/>\n- Tisane \u201eSois impertinente, sauvage &amp; merveilleuse\u201c<br \/>\n- Tasse en fa\u00efence<br \/>\n- Bouteille d'eau aux pierres pr\u00e9cieuses avec couvercle en bambou<br \/>\n- Passoire \u00e0 th\u00e9 c\u0153ur dor\u00e9<br \/>\n- Serviettes avec un c\u0153ur<br \/>\n- Carte postale surprise<\/p>\n<p>Tous nos coffrets cadeaux ont \u00e9t\u00e9 cr\u00e9\u00e9s avec beaucoup d'amour et le plus grand soin pour offrir des moments de g\u00e2terie, de d\u00e9tente et de petits moments de bonheur. Ils sont parfaits pour remercier, pour un anniversaire, pour un ami, un collaborateur ou simplement pour faire plaisir \u00e0 quelqu'un de sp\u00e9cial \u2661.<\/p>\n<p>Emball\u00e9e dans un carton magn\u00e9tique solide de haute qualit\u00e9 avec un joli n\u0153ud, elle est imm\u00e9diatement pr\u00eate \u00e0 \u00eatre offerte et reste longtemps une bo\u00eete de rangement \u00e9l\u00e9gante \u2661.<\/p>","protected":false},"excerpt":{"rendered":"<p>Cette bo\u00eete cadeau r\u00e9unit tout ce dont tu as besoin pour un moment de bien-\u00eatre confortable. Des textiles chauds, de d\u00e9licieux moments de th\u00e9 et une \u00e9l\u00e9gante bouteille en verre avec un compartiment pour les pierres pr\u00e9cieuses en font un compagnon sp\u00e9cial pour les petites pauses.<\/p>","protected":false},"featured_media":72166,"template":"","meta":[],"product_brand":[],"product_cat":[53,48,1176,52,1224],"product_tag":[1222],"woo-feed-brand":[],"class_list":{"0":"post-72167","1":"product","2":"type-product","3":"status-publish","4":"has-post-thumbnail","6":"product_cat-geschenksets","7":"product_cat-bad-wellness","8":"product_cat-wohlbefinden","9":"product_cat-geschenke","10":"product_cat-beauty-wellness","11":"product_tag-oykami-in-a-box","13":"first","14":"instock","15":"taxable","16":"shipping-taxable","17":"purchasable","18":"product-type-simple"},"_links":{"self":[{"href":"https:\/\/www.fleurop-home.ch\/fr-ch\/wp-json\/wp\/v2\/product\/72167","targetHints":{"allow":["GET"]}}],"collection":[{"href":"https:\/\/www.fleurop-home.ch\/fr-ch\/wp-json\/wp\/v2\/product"}],"about":[{"href":"https:\/\/www.fleurop-home.ch\/fr-ch\/wp-json\/wp\/v2\/types\/product"}],"wp:featuredmedia":[{"embeddable":true,"href":"https:\/\/www.fleurop-home.ch\/fr-ch\/wp-json\/wp\/v2\/media\/72166"}],"wp:attachment":[{"href":"https:\/\/www.fleurop-home.ch\/fr-ch\/wp-json\/wp\/v2\/media?parent=72167"}],"wp:term":[{"taxonomy":"product_brand","embeddable":true,"href":"https:\/\/www.fleurop-home.ch\/fr-ch\/wp-json\/wp\/v2\/product_brand?post=72167"},{"taxonomy":"product_cat","embeddable":true,"href":"https:\/\/www.fleurop-home.ch\/fr-ch\/wp-json\/wp\/v2\/product_cat?post=72167"},{"taxonomy":"product_tag","embeddable":true,"href":"https:\/\/www.fleurop-home.ch\/fr-ch\/wp-json\/wp\/v2\/product_tag?post=72167"},{"taxonomy":"woo-feed-brand","embeddable":true,"href":"https:\/\/www.fleurop-home.ch\/fr-ch\/wp-json\/wp\/v2\/woo-feed-brand?post=72167"}],"curies":[{"name":"wp","href":"https:\/\/api.w.org\/{rel}","templated":true}]}}