{"id":72159,"date":"2026-02-10T08:11:57","date_gmt":"2026-02-10T07:11:57","guid":{"rendered":"https:\/\/www.fleurop-home.ch\/de-ch\/p\/baby-erinnerungsbuch-mein-erstes-jahr-mit-miffy-rassel-blumen"},"modified":"2026-02-17T08:31:48","modified_gmt":"2026-02-17T07:31:48","slug":"livre-souvenir-de-bebe-ma-premiere-annee-avec-miffy-hochet-fleurs","status":"publish","type":"product","link":"https:\/\/www.fleurop-home.ch\/fr-ch\/p\/baby-erinnerungsbuch-mein-erstes-jahr-mit-miffy-rassel-blumen","title":{"rendered":"Livre de souvenirs de b\u00e9b\u00e9 \u00abma premi\u00e8re ann\u00e9e\u00bb avec le hochet Miffy fleurs"},"content":{"rendered":"<p>Le cadeau de naissance parfait - livre pour b\u00e9b\u00e9 con\u00e7u avec amour<\/p>\n<p>Cet \u00e9l\u00e9gant livre de b\u00e9b\u00e9 (en allemand) accompagne la premi\u00e8re ann\u00e9e de vie d'un enfant d'une mani\u00e8re tr\u00e8s sp\u00e9ciale. Les photos souvenirs, les \u00e9tapes importantes et de nombreux bons moments partag\u00e9s y trouvent leur place. Le livre est en allemand et a beaucoup de beaux extras \u00e0 l'int\u00e9rieur. Avec beaucoup d'espace pour coller, \u00e9crire et s'accrocher, il cr\u00e9e un tr\u00e9sor de souvenirs personnels qui fera plaisir pendant des ann\u00e9es. Il est accompagn\u00e9 du hochet Miffy avec des boules \u00e0 l'int\u00e9rieur qui r\u00e9sonnent de mani\u00e8re passionnante pour les b\u00e9b\u00e9s.<\/p>\n<p>Ce qui est particuli\u00e8rement g\u00e9nial, c'est que l'album est ficel\u00e9 avec amour avec l'adorable hochet Miffy et envoy\u00e9 comme un joli cadeau - pr\u00eat \u00e0 \u00eatre offert ou \u00e0 garder pour soi.<\/p>","protected":false},"excerpt":{"rendered":"<p>Cet \u00e9l\u00e9gant livre de b\u00e9b\u00e9 (en allemand) accompagne la premi\u00e8re ann\u00e9e de vie d'un enfant d'une mani\u00e8re tr\u00e8s sp\u00e9ciale. Les photos souvenirs, les \u00e9tapes importantes et de nombreux bons moments partag\u00e9s y trouvent leur place.<\/p>","protected":false},"featured_media":72158,"template":"","meta":[],"product_brand":[],"product_cat":[1234,59,1228,1227,52,53],"product_tag":[1222],"woo-feed-brand":[],"class_list":{"0":"post-72159","1":"product","2":"type-product","3":"status-publish","4":"has-post-thumbnail","6":"product_cat-baby-girls","7":"product_cat-kids","8":"product_cat-babys","9":"product_cat-geschenkboxen","10":"product_cat-geschenke","11":"product_cat-geschenksets","12":"product_tag-oykami-in-a-box","14":"first","15":"instock","16":"taxable","17":"shipping-taxable","18":"purchasable","19":"product-type-simple"},"_links":{"self":[{"href":"https:\/\/www.fleurop-home.ch\/fr-ch\/wp-json\/wp\/v2\/product\/72159","targetHints":{"allow":["GET"]}}],"collection":[{"href":"https:\/\/www.fleurop-home.ch\/fr-ch\/wp-json\/wp\/v2\/product"}],"about":[{"href":"https:\/\/www.fleurop-home.ch\/fr-ch\/wp-json\/wp\/v2\/types\/product"}],"wp:featuredmedia":[{"embeddable":true,"href":"https:\/\/www.fleurop-home.ch\/fr-ch\/wp-json\/wp\/v2\/media\/72158"}],"wp:attachment":[{"href":"https:\/\/www.fleurop-home.ch\/fr-ch\/wp-json\/wp\/v2\/media?parent=72159"}],"wp:term":[{"taxonomy":"product_brand","embeddable":true,"href":"https:\/\/www.fleurop-home.ch\/fr-ch\/wp-json\/wp\/v2\/product_brand?post=72159"},{"taxonomy":"product_cat","embeddable":true,"href":"https:\/\/www.fleurop-home.ch\/fr-ch\/wp-json\/wp\/v2\/product_cat?post=72159"},{"taxonomy":"product_tag","embeddable":true,"href":"https:\/\/www.fleurop-home.ch\/fr-ch\/wp-json\/wp\/v2\/product_tag?post=72159"},{"taxonomy":"woo-feed-brand","embeddable":true,"href":"https:\/\/www.fleurop-home.ch\/fr-ch\/wp-json\/wp\/v2\/woo-feed-brand?post=72159"}],"curies":[{"name":"wp","href":"https:\/\/api.w.org\/{rel}","templated":true}]}}