{"id":72136,"date":"2026-02-10T08:11:58","date_gmt":"2026-02-10T07:11:58","guid":{"rendered":"https:\/\/www.fleurop-home.ch\/de-ch\/p\/geschenkset-duftkerze-im-baumwollbeutel-r-carlton"},"modified":"2026-02-10T08:11:58","modified_gmt":"2026-02-10T07:11:58","slug":"set-cadeau-bougie-parfumee-dans-un-sac-en-coton-r-carlton","status":"publish","type":"product","link":"https:\/\/www.fleurop-home.ch\/fr-ch\/p\/geschenkset-duftkerze-im-baumwollbeutel-r-carlton","title":{"rendered":"Set cadeau bougie parfum\u00e9e dans un sac en coton - R. Carlton"},"content":{"rendered":"<p>Profite d'un parfum luxueux avec notre bougie OYKAMI en cire de soja 100%. Le parfum raffin\u00e9 du Ritz Carlton transforme ton int\u00e9rieur en une oasis de bien-\u00eatre pleine de style. Chaque bougie est livr\u00e9e en kit cadeau avec un sac en coton, des allumettes et un couvercle en bois - parfait pour offrir ou se faire plaisir. Durable, \u00e9l\u00e9gante et durable - une touche de luxe pour chaque moment.<\/p>\n<p>Caract\u00e9ristiques particuli\u00e8res de notre bougie parfum\u00e9e OYKAMI :<br \/>\n- 100% Cire de soja : naturelle, durable et avec une combustion propre et longue.<br \/>\n- Parfum de luxe : \u201eRitz Carlton\u201c.\u201c<br \/>\n- \u00e9l\u00e9gante, styl\u00e9e et inspir\u00e9e des h\u00f4tels les plus raffin\u00e9s.<br \/>\n- Design \u00e9l\u00e9gant : simple, intemporel et parfait comme cadeau ou accessoire.<br \/>\n- Durable : une finition de haute qualit\u00e9 pour de nombreuses heures de plaisir olfactif.<\/p>\n<p>Transforme ta maison en une oasis de calme et d'\u00e9l\u00e9gance - avec la bougie parfum\u00e9e OYKAMI Ritz Carlton.<\/p>\n<p>120 grammes<br \/>\nH : 8cm, L : 7cm.<br \/>\n100% Cire de soja<br \/>\nLivr\u00e9 avec un couvercle en bois et un carton.<\/p>\n<p><strong>AVERTISSEMENT - BOUGIE<\/strong><\/p>\n<p>Consignes de s\u00e9curit\u00e9 :<br \/>\n- Ne laisse jamais une bougie allum\u00e9e sans surveillance.<br \/>\n- Garde la bougie hors de port\u00e9e des enfants et des animaux domestiques.<br \/>\n- Place la bougie sur une surface r\u00e9sistante \u00e0 la chaleur, stable et non inflammable.<br \/>\n- \u00c9vite les courants d'air pour emp\u00eacher les suintements ou les gouttes incontr\u00f4lables.<br \/>\n- Respecte une distance minimale de 10 cm entre les bougies allum\u00e9es.<br \/>\n- Eteins la bougie avant qu'elle ne soit compl\u00e8tement consum\u00e9e (au moins 1 cm de cire restante).<br \/>\n- N'utilise pas de jet d'eau pour \u00e9teindre le feu<br \/>\n- Risque d'\u00e9claboussures et de fissures dans le verre !<\/p>\n<p>Attention : risque d'incendie ! A utiliser de mani\u00e8re responsable, s'il te pla\u00eet.<\/p>","protected":false},"excerpt":{"rendered":"<p>Profite d'un parfum luxueux avec notre bougie OYKAMI en cire de soja 100%. Le parfum raffin\u00e9 du Ritz Carlton transforme ton int\u00e9rieur en une oasis de bien-\u00eatre pleine de style.<\/p>","protected":false},"featured_media":72135,"template":"","meta":[],"product_brand":[],"product_cat":[99,23,28,52,1224,53],"product_tag":[1222],"woo-feed-brand":[],"class_list":{"0":"post-72136","1":"product","2":"type-product","3":"status-publish","4":"has-post-thumbnail","6":"product_cat-duftkerzen","7":"product_cat-home-living","8":"product_cat-kerzen-lichter","9":"product_cat-geschenke","10":"product_cat-beauty-wellness","11":"product_cat-geschenksets","12":"product_tag-oykami-in-a-box","14":"first","15":"instock","16":"taxable","17":"shipping-taxable","18":"purchasable","19":"product-type-simple"},"_links":{"self":[{"href":"https:\/\/www.fleurop-home.ch\/fr-ch\/wp-json\/wp\/v2\/product\/72136","targetHints":{"allow":["GET"]}}],"collection":[{"href":"https:\/\/www.fleurop-home.ch\/fr-ch\/wp-json\/wp\/v2\/product"}],"about":[{"href":"https:\/\/www.fleurop-home.ch\/fr-ch\/wp-json\/wp\/v2\/types\/product"}],"wp:featuredmedia":[{"embeddable":true,"href":"https:\/\/www.fleurop-home.ch\/fr-ch\/wp-json\/wp\/v2\/media\/72135"}],"wp:attachment":[{"href":"https:\/\/www.fleurop-home.ch\/fr-ch\/wp-json\/wp\/v2\/media?parent=72136"}],"wp:term":[{"taxonomy":"product_brand","embeddable":true,"href":"https:\/\/www.fleurop-home.ch\/fr-ch\/wp-json\/wp\/v2\/product_brand?post=72136"},{"taxonomy":"product_cat","embeddable":true,"href":"https:\/\/www.fleurop-home.ch\/fr-ch\/wp-json\/wp\/v2\/product_cat?post=72136"},{"taxonomy":"product_tag","embeddable":true,"href":"https:\/\/www.fleurop-home.ch\/fr-ch\/wp-json\/wp\/v2\/product_tag?post=72136"},{"taxonomy":"woo-feed-brand","embeddable":true,"href":"https:\/\/www.fleurop-home.ch\/fr-ch\/wp-json\/wp\/v2\/woo-feed-brand?post=72136"}],"curies":[{"name":"wp","href":"https:\/\/api.w.org\/{rel}","templated":true}]}}