{"id":72133,"date":"2026-02-10T08:11:58","date_gmt":"2026-02-10T07:11:58","guid":{"rendered":"https:\/\/www.fleurop-home.ch\/de-ch\/p\/geschenkset-home-spray-duftrichtung-hermes-land"},"modified":"2026-02-10T08:11:58","modified_gmt":"2026-02-10T07:11:58","slug":"set-cadeau-home-spray-parfum-hermes-land","status":"publish","type":"product","link":"https:\/\/www.fleurop-home.ch\/fr-ch\/p\/geschenkset-home-spray-duftrichtung-hermes-land","title":{"rendered":"Set cadeau Home Spray parfum Hermes Land"},"content":{"rendered":"<p>Fais entrer le luxe chez toi : le spray OYKAMI Home au parfum Hermes Land conf\u00e8re \u00e0 chaque pi\u00e8ce une atmosph\u00e8re \u00e9l\u00e9gante et apaisante. Une ou deux vaporisations suffisent pour que ta maison sente imm\u00e9diatement le frais, le raffin\u00e9 et l'accueillant - parfait pour le salon, la chambre \u00e0 coucher ou la salle de bain ainsi que pour ton bureau.<\/p>\n<p>Chaque bouteille en verre est livr\u00e9e dans un petit sac en coton de haute qualit\u00e9 - \u00e9l\u00e9gant, durable et id\u00e9al aussi comme cadeau. Gr\u00e2ce aux ingr\u00e9dients soigneusement s\u00e9lectionn\u00e9s, le parfum reste longtemps dans l'air et cr\u00e9e une ambiance sp\u00e9ciale qui te ravira, toi et tes invit\u00e9s.<\/p>\n<p>D\u00e9tails :<br \/>\n- Bouteille en verre de 30 ml<br \/>\n- Livr\u00e9 dans un sac en coton et une bo\u00eete en carton<\/p>\n<p><strong>CONSIGNES DE S\u00c9CURIT\u00c9 ET AVERTISSEMENTS - SPRAY MAISON \/ SPRAY PARFUM\u00c9<\/strong><\/p>\n<p>Mode d'emploi :<br \/>\n- Bien agiter avant utilisation.<br \/>\n- Vaporise le produit dans l'air (1 pulv\u00e9risation) et \u00e9vite le contact direct avec les surfaces, les textiles et la peau.<br \/>\n- Ne pas vaporiser en direction des personnes ou des animaux.<\/p>\n<p>Mesures de s\u00e9curit\u00e9 :<br \/>\n- Ne pas avaler ! En cas d'ingestion, demander imm\u00e9diatement conseil \u00e0 un m\u00e9decin et lui montrer l'emballage.<br \/>\n- Ne pas respirer l'a\u00e9rosol. Utiliser uniquement dans des zones bien ventil\u00e9es.<br \/>\n- \u00c9viter le contact avec les yeux et la peau. En cas de contact, rincer abondamment \u00e0 l'eau et consulter un m\u00e9decin si n\u00e9cessaire.<br \/>\n- Tenir \u00e0 l'\u00e9cart des enfants et des animaux domestiques.<br \/>\n- Ne pas vaporiser \u00e0 proximit\u00e9 de flammes nues ou de surfaces chaudes - Inflammable !<br \/>\n- Prot\u00e9ger le r\u00e9cipient de la lumi\u00e8re directe du soleil et des temp\u00e9ratures sup\u00e9rieures \u00e0 50\u00b0C.<br \/>\n- Ne pas vaporiser sur les surfaces peintes ou sensibles - risque de formation de taches.<\/p>\n<p>Danger : Peut provoquer des r\u00e9actions allergiques. En cas de doute, cesser l'utilisation.<\/p>\n<p>\u00c9limination des d\u00e9chets :<br \/>\n- \u00c9liminer les r\u00e9cipients vides conform\u00e9ment aux r\u00e9glementations locales.<br \/>\n- Utilise-le de mani\u00e8re responsable.<\/p>","protected":false},"excerpt":{"rendered":"<p>Fais entrer le luxe chez toi : le spray OYKAMI Home au parfum Hermes Land conf\u00e8re \u00e0 chaque pi\u00e8ce une atmosph\u00e8re \u00e9l\u00e9gante et apaisante. Une ou deux vaporisations suffisent pour que ta maison sente imm\u00e9diatement le frais, le raffin\u00e9 et l'accueillant - parfait pour le salon, la chambre \u00e0 coucher ou la salle de bain ainsi que pour ton bureau.<\/p>","protected":false},"featured_media":72132,"template":"","meta":[],"product_brand":[],"product_cat":[51,48],"product_tag":[1222],"woo-feed-brand":[],"class_list":{"0":"post-72133","1":"product","2":"type-product","3":"status-publish","4":"has-post-thumbnail","6":"product_cat-raumduefte","7":"product_cat-bad-wellness","8":"product_tag-oykami-in-a-box","10":"first","11":"instock","12":"taxable","13":"shipping-taxable","14":"purchasable","15":"product-type-simple"},"_links":{"self":[{"href":"https:\/\/www.fleurop-home.ch\/fr-ch\/wp-json\/wp\/v2\/product\/72133","targetHints":{"allow":["GET"]}}],"collection":[{"href":"https:\/\/www.fleurop-home.ch\/fr-ch\/wp-json\/wp\/v2\/product"}],"about":[{"href":"https:\/\/www.fleurop-home.ch\/fr-ch\/wp-json\/wp\/v2\/types\/product"}],"wp:featuredmedia":[{"embeddable":true,"href":"https:\/\/www.fleurop-home.ch\/fr-ch\/wp-json\/wp\/v2\/media\/72132"}],"wp:attachment":[{"href":"https:\/\/www.fleurop-home.ch\/fr-ch\/wp-json\/wp\/v2\/media?parent=72133"}],"wp:term":[{"taxonomy":"product_brand","embeddable":true,"href":"https:\/\/www.fleurop-home.ch\/fr-ch\/wp-json\/wp\/v2\/product_brand?post=72133"},{"taxonomy":"product_cat","embeddable":true,"href":"https:\/\/www.fleurop-home.ch\/fr-ch\/wp-json\/wp\/v2\/product_cat?post=72133"},{"taxonomy":"product_tag","embeddable":true,"href":"https:\/\/www.fleurop-home.ch\/fr-ch\/wp-json\/wp\/v2\/product_tag?post=72133"},{"taxonomy":"woo-feed-brand","embeddable":true,"href":"https:\/\/www.fleurop-home.ch\/fr-ch\/wp-json\/wp\/v2\/woo-feed-brand?post=72133"}],"curies":[{"name":"wp","href":"https:\/\/api.w.org\/{rel}","templated":true}]}}