{"id":72103,"date":"2026-02-10T08:12:01","date_gmt":"2026-02-10T07:12:01","guid":{"rendered":"https:\/\/www.fleurop-home.ch\/de-ch\/p\/geschenkset-zeit-fuer-mich"},"modified":"2026-03-16T08:27:41","modified_gmt":"2026-03-16T07:27:41","slug":"set-cadeau-temps-pour-moi","status":"publish","type":"product","link":"https:\/\/www.fleurop-home.ch\/fr-ch\/p\/geschenkset-zeit-fuer-mich","title":{"rendered":"Set cadeau \u00abDu temps pour moi\u00bb"},"content":{"rendered":"<p>Petite pause selfcare pour des moments de d\u00e9tente.<\/p>\n<p>Une invitation \u00e0 se faire du bien. Le coffret cadeau \u00abDu temps pour moi\u00bb est le petit rituel de temps en temps - pour une peau douce, une sensation de bien-\u00eatre et un moment rien que pour toi.<\/p>\n<p><strong>Contenu :<\/strong><br \/>\n- ALTUM Loofah \u00e9ponge<br \/>\n- Bandeau de beaut\u00e9 doux<br \/>\n- Lot de 4 foulards pour le visage nou\u00e9s avec un ruban de satin<br \/>\n- Rouleau pour le visage au quartz rose<\/p>\n<p>L'ensemble est soigneusement emball\u00e9 dans un joli sac en coton et envoy\u00e9 directement \u00e0 toi ou \u00e0 la personne qui le re\u00e7oit - pr\u00eat \u00e0 faire plaisir.<\/p>","protected":false},"excerpt":{"rendered":"<p>Petite pause selfcare pour des moments de d\u00e9tente. Une invitation \u00e0 se faire du bien.<\/p>","protected":false},"featured_media":75785,"template":"","meta":[],"product_brand":[],"product_cat":[1176,48,52,1224,53],"product_tag":[1222],"woo-feed-brand":[],"class_list":{"0":"post-72103","1":"product","2":"type-product","3":"status-publish","4":"has-post-thumbnail","6":"product_cat-wohlbefinden","7":"product_cat-bad-wellness","8":"product_cat-geschenke","9":"product_cat-beauty-wellness","10":"product_cat-geschenksets","11":"product_tag-oykami-in-a-box","13":"first","14":"instock","15":"taxable","16":"shipping-taxable","17":"purchasable","18":"product-type-simple"},"_links":{"self":[{"href":"https:\/\/www.fleurop-home.ch\/fr-ch\/wp-json\/wp\/v2\/product\/72103","targetHints":{"allow":["GET"]}}],"collection":[{"href":"https:\/\/www.fleurop-home.ch\/fr-ch\/wp-json\/wp\/v2\/product"}],"about":[{"href":"https:\/\/www.fleurop-home.ch\/fr-ch\/wp-json\/wp\/v2\/types\/product"}],"wp:featuredmedia":[{"embeddable":true,"href":"https:\/\/www.fleurop-home.ch\/fr-ch\/wp-json\/wp\/v2\/media\/75785"}],"wp:attachment":[{"href":"https:\/\/www.fleurop-home.ch\/fr-ch\/wp-json\/wp\/v2\/media?parent=72103"}],"wp:term":[{"taxonomy":"product_brand","embeddable":true,"href":"https:\/\/www.fleurop-home.ch\/fr-ch\/wp-json\/wp\/v2\/product_brand?post=72103"},{"taxonomy":"product_cat","embeddable":true,"href":"https:\/\/www.fleurop-home.ch\/fr-ch\/wp-json\/wp\/v2\/product_cat?post=72103"},{"taxonomy":"product_tag","embeddable":true,"href":"https:\/\/www.fleurop-home.ch\/fr-ch\/wp-json\/wp\/v2\/product_tag?post=72103"},{"taxonomy":"woo-feed-brand","embeddable":true,"href":"https:\/\/www.fleurop-home.ch\/fr-ch\/wp-json\/wp\/v2\/woo-feed-brand?post=72103"}],"curies":[{"name":"wp","href":"https:\/\/api.w.org\/{rel}","templated":true}]}}