{"id":72093,"date":"2026-02-10T08:12:03","date_gmt":"2026-02-10T07:12:03","guid":{"rendered":"https:\/\/www.fleurop-home.ch\/de-ch\/p\/geschenkset-kleine-teepause"},"modified":"2026-03-16T08:25:36","modified_gmt":"2026-03-16T07:25:36","slug":"set-cadeau-petite-pause-the","status":"publish","type":"product","link":"https:\/\/www.fleurop-home.ch\/fr-ch\/p\/geschenkset-kleine-teepause","title":{"rendered":"Set cadeau \u00abPetite pause th\u00e9\u00bb"},"content":{"rendered":"<p>Set de th\u00e9 plein d'amour pour des moments de plaisir relaxants<\/p>\n<p>Un moment pour toi - avec ton th\u00e9 pr\u00e9f\u00e9r\u00e9 et du temps pour respirer. Le set cadeau \u00abPetite pause th\u00e9\u00bb combine un design nordique avec un confort douillet et une touche d'or.<\/p>\n<p><strong>Contenu :<\/strong><br \/>\n- Tasse en fa\u00efence naturelle<br \/>\n- Tamis \u00e0 th\u00e9 en forme de c\u0153ur en acier inoxydable<br \/>\n- Cuill\u00e8re \u00e0 caf\u00e9 dor\u00e9e<br \/>\n- Infusion de fruits \u201eSois insolente, sauvage &amp; merveilleuse\u201c.\u201c<\/p>\n<p>L'ensemble est soigneusement emball\u00e9 dans un joli sac en coton et envoy\u00e9 directement \u00e0 toi ou \u00e0 la personne qui le re\u00e7oit - pr\u00eat \u00e0 faire plaisir.<\/p>","protected":false},"excerpt":{"rendered":"<p>Un moment pour toi - avec ton th\u00e9 pr\u00e9f\u00e9r\u00e9 et du temps pour respirer. Le set cadeau \u00abPetite pause th\u00e9\u00bb combine un design nordique avec un confort douillet et une touche d'or.<\/p>","protected":false},"featured_media":75783,"template":"","meta":[],"product_brand":[],"product_cat":[956,42,885,52,1225,53],"product_tag":[1222],"woo-feed-brand":[],"class_list":{"0":"post-72093","1":"product","2":"type-product","3":"status-publish","4":"has-post-thumbnail","6":"product_cat-tee","7":"product_cat-kueche","8":"product_cat-koestlichkeiten","9":"product_cat-geschenke","10":"product_cat-genuss","11":"product_cat-geschenksets","12":"product_tag-oykami-in-a-box","14":"first","15":"instock","16":"taxable","17":"shipping-taxable","18":"purchasable","19":"product-type-simple"},"_links":{"self":[{"href":"https:\/\/www.fleurop-home.ch\/fr-ch\/wp-json\/wp\/v2\/product\/72093","targetHints":{"allow":["GET"]}}],"collection":[{"href":"https:\/\/www.fleurop-home.ch\/fr-ch\/wp-json\/wp\/v2\/product"}],"about":[{"href":"https:\/\/www.fleurop-home.ch\/fr-ch\/wp-json\/wp\/v2\/types\/product"}],"wp:featuredmedia":[{"embeddable":true,"href":"https:\/\/www.fleurop-home.ch\/fr-ch\/wp-json\/wp\/v2\/media\/75783"}],"wp:attachment":[{"href":"https:\/\/www.fleurop-home.ch\/fr-ch\/wp-json\/wp\/v2\/media?parent=72093"}],"wp:term":[{"taxonomy":"product_brand","embeddable":true,"href":"https:\/\/www.fleurop-home.ch\/fr-ch\/wp-json\/wp\/v2\/product_brand?post=72093"},{"taxonomy":"product_cat","embeddable":true,"href":"https:\/\/www.fleurop-home.ch\/fr-ch\/wp-json\/wp\/v2\/product_cat?post=72093"},{"taxonomy":"product_tag","embeddable":true,"href":"https:\/\/www.fleurop-home.ch\/fr-ch\/wp-json\/wp\/v2\/product_tag?post=72093"},{"taxonomy":"woo-feed-brand","embeddable":true,"href":"https:\/\/www.fleurop-home.ch\/fr-ch\/wp-json\/wp\/v2\/woo-feed-brand?post=72093"}],"curies":[{"name":"wp","href":"https:\/\/api.w.org\/{rel}","templated":true}]}}