{"id":72087,"date":"2026-02-10T08:12:04","date_gmt":"2026-02-10T07:12:04","guid":{"rendered":"https:\/\/www.fleurop-home.ch\/de-ch\/p\/geschenkset-cozy-teeritual"},"modified":"2026-03-16T08:30:58","modified_gmt":"2026-03-16T07:30:58","slug":"set-cadeau-cozy-teeritual","status":"publish","type":"product","link":"https:\/\/www.fleurop-home.ch\/fr-ch\/p\/geschenkset-cozy-teeritual","title":{"rendered":"Set-cadeau \u00abCozy Teeritual\u00bb (rituel du th\u00e9)\u00bb"},"content":{"rendered":"<p>Un set cadeau simple pour des moments de th\u00e9 attentifs.<\/p>\n<p>Pour les amatrices de th\u00e9 et tous ceux qui recherchent la tranquillit\u00e9. Le coffret cadeau \u00abCozy Teeritual\u00bb est le compagnon id\u00e9al pour les petites pauses - naturel, styl\u00e9 et avec une touche de luxe.<\/p>\n<p><strong>Contenu :<\/strong><br \/>\n- Bouteille en verre avec passoire \u00e0 th\u00e9 et couvercle en bambou<br \/>\n- Infusion de fruits \u201eSois insolente, sauvage &amp; merveilleuse\u201c.\u201c<br \/>\n- Tamis \u00e0 th\u00e9 en forme de c\u0153ur<br \/>\n- Chaussettes douillettes<\/p>\n<p>L'ensemble est soigneusement emball\u00e9 dans un joli sac en coton et envoy\u00e9 directement \u00e0 toi ou \u00e0 la personne qui le re\u00e7oit - pr\u00eat \u00e0 faire plaisir.<\/p>","protected":false},"excerpt":{"rendered":"<p>Un set cadeau sobre pour des moments de th\u00e9 attentifs. Pour les amatrices de th\u00e9 et tous ceux qui recherchent la tranquillit\u00e9.<\/p>","protected":false},"featured_media":75789,"template":"","meta":[],"product_brand":[],"product_cat":[956,42,885,52,1225,53],"product_tag":[1222],"woo-feed-brand":[],"class_list":{"0":"post-72087","1":"product","2":"type-product","3":"status-publish","4":"has-post-thumbnail","6":"product_cat-tee","7":"product_cat-kueche","8":"product_cat-koestlichkeiten","9":"product_cat-geschenke","10":"product_cat-genuss","11":"product_cat-geschenksets","12":"product_tag-oykami-in-a-box","14":"first","15":"instock","16":"taxable","17":"shipping-taxable","18":"purchasable","19":"product-type-simple"},"_links":{"self":[{"href":"https:\/\/www.fleurop-home.ch\/fr-ch\/wp-json\/wp\/v2\/product\/72087","targetHints":{"allow":["GET"]}}],"collection":[{"href":"https:\/\/www.fleurop-home.ch\/fr-ch\/wp-json\/wp\/v2\/product"}],"about":[{"href":"https:\/\/www.fleurop-home.ch\/fr-ch\/wp-json\/wp\/v2\/types\/product"}],"wp:featuredmedia":[{"embeddable":true,"href":"https:\/\/www.fleurop-home.ch\/fr-ch\/wp-json\/wp\/v2\/media\/75789"}],"wp:attachment":[{"href":"https:\/\/www.fleurop-home.ch\/fr-ch\/wp-json\/wp\/v2\/media?parent=72087"}],"wp:term":[{"taxonomy":"product_brand","embeddable":true,"href":"https:\/\/www.fleurop-home.ch\/fr-ch\/wp-json\/wp\/v2\/product_brand?post=72087"},{"taxonomy":"product_cat","embeddable":true,"href":"https:\/\/www.fleurop-home.ch\/fr-ch\/wp-json\/wp\/v2\/product_cat?post=72087"},{"taxonomy":"product_tag","embeddable":true,"href":"https:\/\/www.fleurop-home.ch\/fr-ch\/wp-json\/wp\/v2\/product_tag?post=72087"},{"taxonomy":"woo-feed-brand","embeddable":true,"href":"https:\/\/www.fleurop-home.ch\/fr-ch\/wp-json\/wp\/v2\/woo-feed-brand?post=72087"}],"curies":[{"name":"wp","href":"https:\/\/api.w.org\/{rel}","templated":true}]}}