{"id":72085,"date":"2026-02-10T08:12:04","date_gmt":"2026-02-10T07:12:04","guid":{"rendered":"https:\/\/www.fleurop-home.ch\/de-ch\/p\/geschenkset-sanfte-harmonie"},"modified":"2026-03-16T08:32:07","modified_gmt":"2026-03-16T07:32:07","slug":"set-cadeau-douce-harmonie","status":"publish","type":"product","link":"https:\/\/www.fleurop-home.ch\/fr-ch\/p\/geschenkset-sanfte-harmonie","title":{"rendered":"Set cadeau \u00abDouce harmonie\u00bb"},"content":{"rendered":"<p>Parfum, th\u00e9 &amp; design - pour une tranquillit\u00e9 \u00e9l\u00e9gante au quotidien.<\/p>\n<p>Un set qui respire la s\u00e9r\u00e9nit\u00e9. Le coffret cadeau \u00abDouce harmonie\u00bb associe des formes claires, des parfums doux et des mat\u00e9riaux naturels - un cadeau pour tous ceux qui aiment les moments de calme.<\/p>\n<p><strong>Contenu :<\/strong><br \/>\n- OYKAMI Parfum d'int\u00e9rieur<br \/>\n- Tasse en fa\u00efence au design deux tons<br \/>\n- Th\u00e9 bio Organic Nettle de Rhoeco<br \/>\n- Porte-cl\u00e9s en cuir<br \/>\n- B\u00e2tonnets diffuseurs noirs<\/p>\n<p>L'ensemble est soigneusement arrang\u00e9, emball\u00e9 dans du papier de soie et livr\u00e9 pr\u00eat \u00e0 \u00eatre offert - \u00e9l\u00e9gant, simple et pr\u00eat \u00e0 faire plaisir.<\/p>","protected":false},"excerpt":{"rendered":"<p>Parfum, th\u00e9 &amp; design - pour une tranquillit\u00e9 \u00e9l\u00e9gante au quotidien. Un ensemble qui respire la s\u00e9r\u00e9nit\u00e9.<\/p>","protected":false},"featured_media":75790,"template":"","meta":[],"product_brand":[],"product_cat":[956,42,885,52,1225,53],"product_tag":[1222],"woo-feed-brand":[],"class_list":{"0":"post-72085","1":"product","2":"type-product","3":"status-publish","4":"has-post-thumbnail","6":"product_cat-tee","7":"product_cat-kueche","8":"product_cat-koestlichkeiten","9":"product_cat-geschenke","10":"product_cat-genuss","11":"product_cat-geschenksets","12":"product_tag-oykami-in-a-box","14":"first","15":"instock","16":"taxable","17":"shipping-taxable","18":"purchasable","19":"product-type-simple"},"_links":{"self":[{"href":"https:\/\/www.fleurop-home.ch\/fr-ch\/wp-json\/wp\/v2\/product\/72085","targetHints":{"allow":["GET"]}}],"collection":[{"href":"https:\/\/www.fleurop-home.ch\/fr-ch\/wp-json\/wp\/v2\/product"}],"about":[{"href":"https:\/\/www.fleurop-home.ch\/fr-ch\/wp-json\/wp\/v2\/types\/product"}],"wp:featuredmedia":[{"embeddable":true,"href":"https:\/\/www.fleurop-home.ch\/fr-ch\/wp-json\/wp\/v2\/media\/75790"}],"wp:attachment":[{"href":"https:\/\/www.fleurop-home.ch\/fr-ch\/wp-json\/wp\/v2\/media?parent=72085"}],"wp:term":[{"taxonomy":"product_brand","embeddable":true,"href":"https:\/\/www.fleurop-home.ch\/fr-ch\/wp-json\/wp\/v2\/product_brand?post=72085"},{"taxonomy":"product_cat","embeddable":true,"href":"https:\/\/www.fleurop-home.ch\/fr-ch\/wp-json\/wp\/v2\/product_cat?post=72085"},{"taxonomy":"product_tag","embeddable":true,"href":"https:\/\/www.fleurop-home.ch\/fr-ch\/wp-json\/wp\/v2\/product_tag?post=72085"},{"taxonomy":"woo-feed-brand","embeddable":true,"href":"https:\/\/www.fleurop-home.ch\/fr-ch\/wp-json\/wp\/v2\/woo-feed-brand?post=72085"}],"curies":[{"name":"wp","href":"https:\/\/api.w.org\/{rel}","templated":true}]}}