{"id":72081,"date":"2026-02-10T08:12:05","date_gmt":"2026-02-10T07:12:05","guid":{"rendered":"https:\/\/www.fleurop-home.ch\/de-ch\/p\/geschenkset-kleine-auszeit"},"modified":"2026-03-13T14:38:20","modified_gmt":"2026-03-13T13:38:20","slug":"set-cadeau-petit-temps-de-repos","status":"publish","type":"product","link":"https:\/\/www.fleurop-home.ch\/fr-ch\/p\/geschenkset-kleine-auszeit","title":{"rendered":"Set cadeau \u00abPetit temps d'arr\u00eat\u00bb"},"content":{"rendered":"<p>Set de th\u00e9 pour des moments agr\u00e9ables et des pens\u00e9es chaleureuses.<\/p>\n<p>Un petit remerciement, une marque d'appr\u00e9ciation - le set cadeau \u00abPetite pause\u00bb offre de la chaleur, du calme et un moment pour respirer.<\/p>\n<p>Contenu :<br \/>\n- Tasse en fa\u00efence naturelle<br \/>\n- Tamis \u00e0 th\u00e9 en forme de c\u0153ur en or<br \/>\n- Th\u00e9 bio Organic Nettle de Rhoeco<br \/>\n- M\u00e9lange de th\u00e9 Petit temps d'arr\u00eat<\/p>\n<p>Le set est emball\u00e9 avec soin, envelopp\u00e9 dans du papier de soie et livr\u00e9 pr\u00eat \u00e0 l'emploi comme cadeau - parfait pour les amies, les collaboratrices ou tout simplement pour toi.<\/p>","protected":false},"excerpt":{"rendered":"<p>Set de th\u00e9 pour des moments agr\u00e9ables et des pens\u00e9es chaleureuses. Un petit remerciement, un signe d'appr\u00e9ciation - le set cadeau \u00abPetite pause\u00bb offre de la chaleur, du calme et un moment pour respirer.<\/p>","protected":false},"featured_media":75748,"template":"","meta":[],"product_brand":[],"product_cat":[956,42,885,52,1225,53,132],"product_tag":[1222],"woo-feed-brand":[],"class_list":{"0":"post-72081","1":"product","2":"type-product","3":"status-publish","4":"has-post-thumbnail","6":"product_cat-tee","7":"product_cat-kueche","8":"product_cat-koestlichkeiten","9":"product_cat-geschenke","10":"product_cat-genuss","11":"product_cat-geschenksets","12":"product_cat-neu","13":"product_tag-oykami-in-a-box","15":"first","16":"instock","17":"taxable","18":"shipping-taxable","19":"purchasable","20":"product-type-simple"},"_links":{"self":[{"href":"https:\/\/www.fleurop-home.ch\/fr-ch\/wp-json\/wp\/v2\/product\/72081","targetHints":{"allow":["GET"]}}],"collection":[{"href":"https:\/\/www.fleurop-home.ch\/fr-ch\/wp-json\/wp\/v2\/product"}],"about":[{"href":"https:\/\/www.fleurop-home.ch\/fr-ch\/wp-json\/wp\/v2\/types\/product"}],"wp:featuredmedia":[{"embeddable":true,"href":"https:\/\/www.fleurop-home.ch\/fr-ch\/wp-json\/wp\/v2\/media\/75748"}],"wp:attachment":[{"href":"https:\/\/www.fleurop-home.ch\/fr-ch\/wp-json\/wp\/v2\/media?parent=72081"}],"wp:term":[{"taxonomy":"product_brand","embeddable":true,"href":"https:\/\/www.fleurop-home.ch\/fr-ch\/wp-json\/wp\/v2\/product_brand?post=72081"},{"taxonomy":"product_cat","embeddable":true,"href":"https:\/\/www.fleurop-home.ch\/fr-ch\/wp-json\/wp\/v2\/product_cat?post=72081"},{"taxonomy":"product_tag","embeddable":true,"href":"https:\/\/www.fleurop-home.ch\/fr-ch\/wp-json\/wp\/v2\/product_tag?post=72081"},{"taxonomy":"woo-feed-brand","embeddable":true,"href":"https:\/\/www.fleurop-home.ch\/fr-ch\/wp-json\/wp\/v2\/woo-feed-brand?post=72081"}],"curies":[{"name":"wp","href":"https:\/\/api.w.org\/{rel}","templated":true}]}}