{"id":72054,"date":"2026-02-10T08:12:07","date_gmt":"2026-02-10T07:12:07","guid":{"rendered":"https:\/\/www.fleurop-home.ch\/de-ch\/p\/baby-geschenkbox-beige-phoenix-hase"},"modified":"2026-02-17T10:54:16","modified_gmt":"2026-02-17T09:54:16","slug":"coffret-cadeau-bebe-beige-phoenix-lapin","status":"publish","type":"product","link":"https:\/\/www.fleurop-home.ch\/fr-ch\/p\/baby-geschenkbox-beige-phoenix-hase","title":{"rendered":"Bo\u00eete cadeau b\u00e9b\u00e9 beige \u00abPhoenix\u00bb lapin"},"content":{"rendered":"<p>Bienvenue dans le monde, petit tr\u00e9sor !<\/p>\n<p>Une bo\u00eete cadeau pour b\u00e9b\u00e9 est sp\u00e9ciale car elle exprime la joie de l'arriv\u00e9e d'une nouvelle vie et cr\u00e9e un lien profond entre la famille, les amis et le b\u00e9b\u00e9. Ils expriment l'amour, les soins et l'affection qui accompagneront le b\u00e9b\u00e9 tout au long de sa vie. La naissance d'un b\u00e9b\u00e9 est quelque chose de tr\u00e8s sp\u00e9cial et nous t'aidons \u00e0 choisir et \u00e0 offrir un beau cadeau pour b\u00e9b\u00e9.<\/p>\n<p>Notre coffret cadeau pour b\u00e9b\u00e9 contient les produits suivants :<br \/>\n- Animal hochet \u00ablapin\u00bb au crochet \u00e0 la main avec clochette<br \/>\n- une plaquette en bois \u00abhello world\u00bb<br \/>\n- une cha\u00eene pour t\u00e9tine en beige<br \/>\n- Chaussettes tricot\u00e9es et douillettes pour b\u00e9b\u00e9<br \/>\n- Petit anneau de dentition en bois<br \/>\n- Carte postale surprise<\/p>\n<p>Emball\u00e9 avec soin dans une \u00e9l\u00e9gante bo\u00eete en carton blanc avec l'inscription \u201eDes cadeaux sp\u00e9ciaux pour des moments inoubliables\u201c et en plus un joli n\u0153ud cadeau - pr\u00eat \u00e0 \u00eatre offert.<\/p>\n<p>Un cadeau qui fait plaisir, dont on se souvient longtemps et qui est emball\u00e9 avec beaucoup d'amour en Suisse.<\/p>","protected":false},"excerpt":{"rendered":"<p>Bienvenue au monde petit tr\u00e9sor ! Une bo\u00eete cadeau pour les b\u00e9b\u00e9s est sp\u00e9ciale car elle exprime la joie de l'arriv\u00e9e d'une nouvelle vie et cr\u00e9e un lien profond entre la famille et les amis et le b\u00e9b\u00e9.<\/p>","protected":false},"featured_media":72053,"template":"","meta":[],"product_brand":[],"product_cat":[1233,59,1228,1227,52,53],"product_tag":[1222],"woo-feed-brand":[],"class_list":{"0":"post-72054","1":"product","2":"type-product","3":"status-publish","4":"has-post-thumbnail","6":"product_cat-neutral","7":"product_cat-kids","8":"product_cat-babys","9":"product_cat-geschenkboxen","10":"product_cat-geschenke","11":"product_cat-geschenksets","12":"product_tag-oykami-in-a-box","14":"first","15":"instock","16":"taxable","17":"shipping-taxable","18":"purchasable","19":"product-type-simple"},"_links":{"self":[{"href":"https:\/\/www.fleurop-home.ch\/fr-ch\/wp-json\/wp\/v2\/product\/72054","targetHints":{"allow":["GET"]}}],"collection":[{"href":"https:\/\/www.fleurop-home.ch\/fr-ch\/wp-json\/wp\/v2\/product"}],"about":[{"href":"https:\/\/www.fleurop-home.ch\/fr-ch\/wp-json\/wp\/v2\/types\/product"}],"wp:featuredmedia":[{"embeddable":true,"href":"https:\/\/www.fleurop-home.ch\/fr-ch\/wp-json\/wp\/v2\/media\/72053"}],"wp:attachment":[{"href":"https:\/\/www.fleurop-home.ch\/fr-ch\/wp-json\/wp\/v2\/media?parent=72054"}],"wp:term":[{"taxonomy":"product_brand","embeddable":true,"href":"https:\/\/www.fleurop-home.ch\/fr-ch\/wp-json\/wp\/v2\/product_brand?post=72054"},{"taxonomy":"product_cat","embeddable":true,"href":"https:\/\/www.fleurop-home.ch\/fr-ch\/wp-json\/wp\/v2\/product_cat?post=72054"},{"taxonomy":"product_tag","embeddable":true,"href":"https:\/\/www.fleurop-home.ch\/fr-ch\/wp-json\/wp\/v2\/product_tag?post=72054"},{"taxonomy":"woo-feed-brand","embeddable":true,"href":"https:\/\/www.fleurop-home.ch\/fr-ch\/wp-json\/wp\/v2\/woo-feed-brand?post=72054"}],"curies":[{"name":"wp","href":"https:\/\/api.w.org\/{rel}","templated":true}]}}