{"id":72042,"date":"2026-02-10T08:12:08","date_gmt":"2026-02-10T07:12:08","guid":{"rendered":"https:\/\/www.fleurop-home.ch\/de-ch\/p\/baby-geschenkbox-blau-oslo-koala"},"modified":"2026-02-17T10:45:43","modified_gmt":"2026-02-17T09:45:43","slug":"coffret-cadeau-bebe-bleu-oslo-koala","status":"publish","type":"product","link":"https:\/\/www.fleurop-home.ch\/fr-ch\/p\/baby-geschenkbox-blau-oslo-koala","title":{"rendered":"Bo\u00eete cadeau pour b\u00e9b\u00e9 Bleu \u00abOslo\u00bb Koala"},"content":{"rendered":"<p>Un cadeau sp\u00e9cial pour un petit miracle sp\u00e9cial. Notre bo\u00eete cadeau OYKAMI \u201eOslo\u201c associe des couleurs douces, des mat\u00e9riaux de qualit\u00e9 et une touche de simplicit\u00e9 nordique - id\u00e9ale pour une naissance, une f\u00eate de b\u00e9b\u00e9 ou simplement comme attention affectueuse pour les nouveaux parents.<\/p>\n<p>Notre coffret cadeau pour b\u00e9b\u00e9 contient les produits suivants :<br \/>\n- Animal hochet \u00abKoala\u00bb au crochet \u00e0 la main avec une cloche \u00e0 l'int\u00e9rieur<br \/>\n- un doudou bleu en mousseline BIO de la marque nordique \u00abFilibabba\u00bb.\u00bb<br \/>\n- Gobelet en silicone 2 en 1 : peut \u00eatre transform\u00e9 de gobelet en gobelet \u00e0 snacks en changeant simplement l'embout.<br \/>\n- Carte postale surprise<\/p>\n<p>Emball\u00e9 avec soin dans une \u00e9l\u00e9gante bo\u00eete en carton blanc avec l'inscription \u201eDes cadeaux sp\u00e9ciaux pour des moments inoubliables\u201c et en plus un joli n\u0153ud cadeau - pr\u00eat \u00e0 \u00eatre offert.<\/p>\n<p>Un cadeau qui fait plaisir, dont on se souvient longtemps et qui est emball\u00e9 avec beaucoup d'amour en Suisse.<\/p>","protected":false},"excerpt":{"rendered":"<p>Un cadeau sp\u00e9cial pour un petit miracle sp\u00e9cial. Notre bo\u00eete cadeau OYKAMI \u201eOslo\u201c associe des couleurs douces, des mat\u00e9riaux de qualit\u00e9 et une touche de simplicit\u00e9 nordique - id\u00e9ale pour une naissance, une f\u00eate de b\u00e9b\u00e9 ou simplement comme attention affectueuse pour les nouveaux parents.<\/p>","protected":false},"featured_media":72041,"template":"","meta":[],"product_brand":[],"product_cat":[1235,59,1228,1227,52,53],"product_tag":[1222],"woo-feed-brand":[],"class_list":{"0":"post-72042","1":"product","2":"type-product","3":"status-publish","4":"has-post-thumbnail","6":"product_cat-baby-boys","7":"product_cat-kids","8":"product_cat-babys","9":"product_cat-geschenkboxen","10":"product_cat-geschenke","11":"product_cat-geschenksets","12":"product_tag-oykami-in-a-box","14":"first","15":"instock","16":"taxable","17":"shipping-taxable","18":"purchasable","19":"product-type-simple"},"_links":{"self":[{"href":"https:\/\/www.fleurop-home.ch\/fr-ch\/wp-json\/wp\/v2\/product\/72042","targetHints":{"allow":["GET"]}}],"collection":[{"href":"https:\/\/www.fleurop-home.ch\/fr-ch\/wp-json\/wp\/v2\/product"}],"about":[{"href":"https:\/\/www.fleurop-home.ch\/fr-ch\/wp-json\/wp\/v2\/types\/product"}],"wp:featuredmedia":[{"embeddable":true,"href":"https:\/\/www.fleurop-home.ch\/fr-ch\/wp-json\/wp\/v2\/media\/72041"}],"wp:attachment":[{"href":"https:\/\/www.fleurop-home.ch\/fr-ch\/wp-json\/wp\/v2\/media?parent=72042"}],"wp:term":[{"taxonomy":"product_brand","embeddable":true,"href":"https:\/\/www.fleurop-home.ch\/fr-ch\/wp-json\/wp\/v2\/product_brand?post=72042"},{"taxonomy":"product_cat","embeddable":true,"href":"https:\/\/www.fleurop-home.ch\/fr-ch\/wp-json\/wp\/v2\/product_cat?post=72042"},{"taxonomy":"product_tag","embeddable":true,"href":"https:\/\/www.fleurop-home.ch\/fr-ch\/wp-json\/wp\/v2\/product_tag?post=72042"},{"taxonomy":"woo-feed-brand","embeddable":true,"href":"https:\/\/www.fleurop-home.ch\/fr-ch\/wp-json\/wp\/v2\/woo-feed-brand?post=72042"}],"curies":[{"name":"wp","href":"https:\/\/api.w.org\/{rel}","templated":true}]}}