{"id":72000,"date":"2026-02-10T08:12:11","date_gmt":"2026-02-10T07:12:11","guid":{"rendered":"https:\/\/www.fleurop-home.ch\/de-ch\/p\/baby-geschenkbox-rosa-helsinki-hase"},"modified":"2026-02-17T09:20:47","modified_gmt":"2026-02-17T08:20:47","slug":"coffret-cadeau-bebe-rose-lapin-dhelsinki","status":"publish","type":"product","link":"https:\/\/www.fleurop-home.ch\/fr-ch\/p\/baby-geschenkbox-rosa-helsinki-hase","title":{"rendered":"Bo\u00eete cadeau b\u00e9b\u00e9 rose \u00abHelsinki\u00bb lapin"},"content":{"rendered":"<p>Notre bo\u00eete cadeau OYKAMI \u201eHelsinki\u201c est le cadeau de bienvenue parfait pour un nouveau-n\u00e9 - d\u00e9licat, de haute qualit\u00e9 et au charme nordique. Chaque pi\u00e8ce a \u00e9t\u00e9 choisie avec soin pour faire plaisir aux parents comme au b\u00e9b\u00e9.<\/p>\n<p>Contenu :<br \/>\n- Jouet \u00e0 attraper en bois fait \u00e0 la main avec des boules (lapin)<br \/>\n- Douce mousseline en coton 100 % de la marque nordique \u00abFilibabba\u00bb.\u00bb<br \/>\n- Brosse de soin pour b\u00e9b\u00e9 en poils naturels et manche en bois<br \/>\n- \u00c9toile de pr\u00e9hension au crochet avec anneau en bois<\/p>\n<p>Emball\u00e9 avec soin dans une \u00e9l\u00e9gante bo\u00eete en carton blanc avec l'inscription \u201eDes cadeaux sp\u00e9ciaux pour des moments inoubliables\u201c et en plus un joli n\u0153ud cadeau - pr\u00eat \u00e0 \u00eatre offert.<\/p>\n<p>Un cadeau qui fait plaisir, dont on se souvient longtemps et qui est emball\u00e9 avec beaucoup d'amour en Suisse.<\/p>","protected":false},"excerpt":{"rendered":"<p>Notre bo\u00eete cadeau OYKAMI \u201eHelsinki\u201c est le cadeau de bienvenue parfait pour un nouveau-n\u00e9 - d\u00e9licat, de haute qualit\u00e9 et au charme nordique. Chaque pi\u00e8ce a \u00e9t\u00e9 choisie avec soin pour faire plaisir aux parents comme au b\u00e9b\u00e9.<\/p>","protected":false},"featured_media":71999,"template":"","meta":[],"product_brand":[],"product_cat":[1234,59,1228,1227,52,53],"product_tag":[1222],"woo-feed-brand":[],"class_list":{"0":"post-72000","1":"product","2":"type-product","3":"status-publish","4":"has-post-thumbnail","6":"product_cat-baby-girls","7":"product_cat-kids","8":"product_cat-babys","9":"product_cat-geschenkboxen","10":"product_cat-geschenke","11":"product_cat-geschenksets","12":"product_tag-oykami-in-a-box","14":"first","15":"instock","16":"taxable","17":"shipping-taxable","18":"purchasable","19":"product-type-simple"},"_links":{"self":[{"href":"https:\/\/www.fleurop-home.ch\/fr-ch\/wp-json\/wp\/v2\/product\/72000","targetHints":{"allow":["GET"]}}],"collection":[{"href":"https:\/\/www.fleurop-home.ch\/fr-ch\/wp-json\/wp\/v2\/product"}],"about":[{"href":"https:\/\/www.fleurop-home.ch\/fr-ch\/wp-json\/wp\/v2\/types\/product"}],"wp:featuredmedia":[{"embeddable":true,"href":"https:\/\/www.fleurop-home.ch\/fr-ch\/wp-json\/wp\/v2\/media\/71999"}],"wp:attachment":[{"href":"https:\/\/www.fleurop-home.ch\/fr-ch\/wp-json\/wp\/v2\/media?parent=72000"}],"wp:term":[{"taxonomy":"product_brand","embeddable":true,"href":"https:\/\/www.fleurop-home.ch\/fr-ch\/wp-json\/wp\/v2\/product_brand?post=72000"},{"taxonomy":"product_cat","embeddable":true,"href":"https:\/\/www.fleurop-home.ch\/fr-ch\/wp-json\/wp\/v2\/product_cat?post=72000"},{"taxonomy":"product_tag","embeddable":true,"href":"https:\/\/www.fleurop-home.ch\/fr-ch\/wp-json\/wp\/v2\/product_tag?post=72000"},{"taxonomy":"woo-feed-brand","embeddable":true,"href":"https:\/\/www.fleurop-home.ch\/fr-ch\/wp-json\/wp\/v2\/woo-feed-brand?post=72000"}],"curies":[{"name":"wp","href":"https:\/\/api.w.org\/{rel}","templated":true}]}}