{"id":71979,"date":"2026-01-21T19:45:08","date_gmt":"2026-01-21T18:45:08","guid":{"rendered":"https:\/\/www.fleurop-home.ch\/de-ch\/?post_type=product&#038;p=71979"},"modified":"2026-04-15T16:23:25","modified_gmt":"2026-04-15T14:23:25","slug":"set-cadeau-burner-sparkles-noir-cire-parfumee-opus-illusion","status":"publish","type":"product","link":"https:\/\/www.fleurop-home.ch\/fr-ch\/p\/geschenkset-burner-sparkles-schwarz-duftwachs-opus-illusion","title":{"rendered":"Set cadeau Burner Sparkles noir &amp; cire parfum\u00e9e Opus Illusion"},"content":{"rendered":"<div class=\"info-block--item\">\n<div>\n<h3 data-pm-slice=\"1 1 []\">Opus Illusion - L'art de la s\u00e9duction<\/h3>\n<p><strong>Opus Illusion<\/strong> est un parfum qui joue avec les sens et cr\u00e9e une aura de myst\u00e8re et d'\u00e9l\u00e9gance intemporelle. Comme une composition artistique, cette cire parfum\u00e9e se d\u00e9ploie couche apr\u00e8s couche et transforme ton espace en un monde de profondeur et d'inspiration.<\/p>\n<ul>\n<li><strong>Le caract\u00e8re :<\/strong> Myst\u00e9rieux, opulent, balsamique et l\u00e9g\u00e8rement \u00e9pic\u00e9.<\/li>\n<li><strong>Effet du parfum :<\/strong> La combinaison de notes chaudes et bois\u00e9es et d'une touche d'\u00e9pices orientales est \u00e0 la fois terreuse et fascinante. Opus Illusion cr\u00e9e une atmosph\u00e8re qui invite \u00e0 la r\u00e9flexion et \u00e0 la d\u00e9tente - parfait pour tous ceux qui recherchent quelque chose de sp\u00e9cial.<\/li>\n<li><strong>Id\u00e9al pour :<\/strong> Les longues soir\u00e9es dans le salon, les biblioth\u00e8ques ou les pi\u00e8ces o\u00f9 il doit r\u00e9gner une ambiance exceptionnelle et luxueuse.<\/li>\n<\/ul>\n<p><strong>Un parfum comme une illusion : \u00e0 port\u00e9e de main et pourtant plein de secrets.<\/strong><\/p>\n<h3 data-pm-slice=\"1 1 []\"><strong style=\"font-size: 16px;\">Instructions :<\/strong><\/h3>\n<\/div>\n<\/div>\n<div class=\"info-block--item\">\n<div>Utilise au moins trois bonbons de cire parfum\u00e9e. Place les bonbons de cire parfum\u00e9e dans le haut du br\u00fbleur \u00e0 cire. Place le br\u00fbleur de cire sur une surface plane. Allume une bougie chauffe-plat en bas du br\u00fbleur, laisse fondre les chocolats de cire parfum\u00e9e et profite des d\u00e9licieux parfums.<\/div>\n<\/div>","protected":false},"excerpt":{"rendered":"<p>Un super set cadeau avec le br\u00fbleur de cire parfum\u00e9e classique associ\u00e9 aux pralines de cire parfum\u00e9e modernes.<\/p>","protected":false},"featured_media":71985,"template":"","meta":[],"product_brand":[],"product_cat":[99,23,28,52,1224,53],"product_tag":[1094],"woo-feed-brand":[],"class_list":{"0":"post-71979","1":"product","2":"type-product","3":"status-publish","4":"has-post-thumbnail","6":"product_cat-duftkerzen","7":"product_cat-home-living","8":"product_cat-kerzen-lichter","9":"product_cat-geschenke","10":"product_cat-beauty-wellness","11":"product_cat-geschenksets","12":"product_tag-corinas","14":"first","15":"instock","16":"taxable","17":"shipping-taxable","18":"purchasable","19":"product-type-simple"},"_links":{"self":[{"href":"https:\/\/www.fleurop-home.ch\/fr-ch\/wp-json\/wp\/v2\/product\/71979","targetHints":{"allow":["GET"]}}],"collection":[{"href":"https:\/\/www.fleurop-home.ch\/fr-ch\/wp-json\/wp\/v2\/product"}],"about":[{"href":"https:\/\/www.fleurop-home.ch\/fr-ch\/wp-json\/wp\/v2\/types\/product"}],"wp:featuredmedia":[{"embeddable":true,"href":"https:\/\/www.fleurop-home.ch\/fr-ch\/wp-json\/wp\/v2\/media\/71985"}],"wp:attachment":[{"href":"https:\/\/www.fleurop-home.ch\/fr-ch\/wp-json\/wp\/v2\/media?parent=71979"}],"wp:term":[{"taxonomy":"product_brand","embeddable":true,"href":"https:\/\/www.fleurop-home.ch\/fr-ch\/wp-json\/wp\/v2\/product_brand?post=71979"},{"taxonomy":"product_cat","embeddable":true,"href":"https:\/\/www.fleurop-home.ch\/fr-ch\/wp-json\/wp\/v2\/product_cat?post=71979"},{"taxonomy":"product_tag","embeddable":true,"href":"https:\/\/www.fleurop-home.ch\/fr-ch\/wp-json\/wp\/v2\/product_tag?post=71979"},{"taxonomy":"woo-feed-brand","embeddable":true,"href":"https:\/\/www.fleurop-home.ch\/fr-ch\/wp-json\/wp\/v2\/woo-feed-brand?post=71979"}],"curies":[{"name":"wp","href":"https:\/\/api.w.org\/{rel}","templated":true}]}}