{"id":7193,"date":"2020-12-08T14:48:42","date_gmt":"2020-12-08T13:48:42","guid":{"rendered":"https:\/\/www.fleurop-home.ch\/?product=kosmee-cosmos-bipinnatus-1709029863"},"modified":"2026-05-12T09:18:32","modified_gmt":"2026-05-12T07:18:32","slug":"cosmee-cosmos-bipinnatus-6","status":"publish","type":"product","link":"https:\/\/www.fleurop-home.ch\/fr-ch\/p\/kosmee-cosmos-bipinnatus-6","title":{"rendered":"Cosmos - Cosmos bipinnatus"},"content":{"rendered":"<p>La Kosmee Sonata Pink convainc en tant que plante ornementale \u00e0 fleurs expressive par sa splendeur florale de longue dur\u00e9e. Elle est id\u00e9ale pour les emplacements ensoleill\u00e9s dans les bordures mixtes, les parterres de fleurs ou les bacs \u00e0 plantes sur la terrasse et le balcon. Avec une hauteur pouvant atteindre 80 cm, elle apporte des accents de couleur rose en filigrane et offre une nourriture bienvenue aux abeilles et \u00e0 de nombreux autres insectes gr\u00e2ce \u00e0 ses fleurs abondantes. La cosmos pr\u00e9f\u00e8re les sols perm\u00e9ables, supporte des intervalles d'arrosage mod\u00e9r\u00e9s et d\u00e9ploie toute sa beaut\u00e9 si tu lui offres un emplacement chaud et lumineux. Les plantes proviennent d'une production suisse 100 % et sont synonymes de splendeur florale de haute qualit\u00e9 issue de la v\u00e9ritable force originelle suisse.<\/p>\n<p>Hauteur : 80 cm<br \/>\nTaille du pot : pot de 25<br \/>\nR\u00e9sistance au froid : pas de r\u00e9sistance au froid<br \/>\nLumi\u00e8re : ensoleill\u00e9e<br \/>\nP\u00e9riode de floraison : de mai \u00e0 septembre<br \/>\nSol : perm\u00e9able<\/p>","protected":false},"excerpt":{"rendered":"<p>Kosmee Sonata Pink - plante saisonni\u00e8re \u00e0 la floraison abondante et qui aime les insectes<\/p>","protected":false},"featured_media":34128,"template":"","meta":[],"product_brand":[],"product_cat":[109,34,41],"product_tag":[299],"woo-feed-brand":[],"class_list":{"0":"post-7193","1":"product","2":"type-product","3":"status-publish","4":"has-post-thumbnail","6":"product_cat-saisonale-pflanzen","7":"product_cat-garten-balkon","8":"product_cat-outdoorpflanzen","9":"product_tag-santispracht","11":"first","12":"instock","13":"taxable","14":"shipping-taxable","15":"purchasable","16":"product-type-simple"},"_links":{"self":[{"href":"https:\/\/www.fleurop-home.ch\/fr-ch\/wp-json\/wp\/v2\/product\/7193","targetHints":{"allow":["GET"]}}],"collection":[{"href":"https:\/\/www.fleurop-home.ch\/fr-ch\/wp-json\/wp\/v2\/product"}],"about":[{"href":"https:\/\/www.fleurop-home.ch\/fr-ch\/wp-json\/wp\/v2\/types\/product"}],"wp:featuredmedia":[{"embeddable":true,"href":"https:\/\/www.fleurop-home.ch\/fr-ch\/wp-json\/wp\/v2\/media\/34128"}],"wp:attachment":[{"href":"https:\/\/www.fleurop-home.ch\/fr-ch\/wp-json\/wp\/v2\/media?parent=7193"}],"wp:term":[{"taxonomy":"product_brand","embeddable":true,"href":"https:\/\/www.fleurop-home.ch\/fr-ch\/wp-json\/wp\/v2\/product_brand?post=7193"},{"taxonomy":"product_cat","embeddable":true,"href":"https:\/\/www.fleurop-home.ch\/fr-ch\/wp-json\/wp\/v2\/product_cat?post=7193"},{"taxonomy":"product_tag","embeddable":true,"href":"https:\/\/www.fleurop-home.ch\/fr-ch\/wp-json\/wp\/v2\/product_tag?post=7193"},{"taxonomy":"woo-feed-brand","embeddable":true,"href":"https:\/\/www.fleurop-home.ch\/fr-ch\/wp-json\/wp\/v2\/woo-feed-brand?post=7193"}],"curies":[{"name":"wp","href":"https:\/\/api.w.org\/{rel}","templated":true}]}}