{"id":71862,"date":"2026-01-13T15:35:41","date_gmt":"2026-01-13T14:35:41","guid":{"rendered":"https:\/\/www.fleurop-home.ch\/fr-ch\/?post_type=product&#038;p=71862"},"modified":"2026-04-15T16:23:19","modified_gmt":"2026-04-15T14:23:19","slug":"le-coeur-rouge-de-la-cloche","status":"publish","type":"product","link":"https:\/\/www.fleurop-home.ch\/fr-ch\/p\/das-rote-glockenherz","title":{"rendered":"Le c\u0153ur rouge de la cloche"},"content":{"rendered":"<p>Cette cloche en verre avec un c\u0153ur au sommet, compos\u00e9e d'une rose rouge conserv\u00e9e et d'autres plantes, ne n\u00e9cessite aucun entretien et dure plusieurs ann\u00e9es. Un magnifique cadeau pour la Saint-Valentin, la f\u00eate des m\u00e8res ou toute autre occasion.<br \/>\n24 cm de haut et 14 cm de diam\u00e8tre.<\/p>","protected":false},"excerpt":{"rendered":"<p>Cloche en verre dans les tons rouges<\/p>","protected":false},"featured_media":71863,"template":"","meta":[],"product_brand":[],"product_cat":[102,23,1000,999,26],"product_tag":[1135],"woo-feed-brand":[],"class_list":{"0":"post-71862","1":"product","2":"type-product","3":"status-publish","4":"has-post-thumbnail","6":"product_cat-infinity-rosen","7":"product_cat-home-living","8":"product_cat-valentinstagsdeko","9":"product_cat-valentinstag","10":"product_cat-blumen-pflanzen","11":"product_tag-mon-reve-fleuri","13":"first","14":"instock","15":"taxable","16":"shipping-taxable","17":"purchasable","18":"product-type-simple"},"_links":{"self":[{"href":"https:\/\/www.fleurop-home.ch\/fr-ch\/wp-json\/wp\/v2\/product\/71862","targetHints":{"allow":["GET"]}}],"collection":[{"href":"https:\/\/www.fleurop-home.ch\/fr-ch\/wp-json\/wp\/v2\/product"}],"about":[{"href":"https:\/\/www.fleurop-home.ch\/fr-ch\/wp-json\/wp\/v2\/types\/product"}],"wp:featuredmedia":[{"embeddable":true,"href":"https:\/\/www.fleurop-home.ch\/fr-ch\/wp-json\/wp\/v2\/media\/71863"}],"wp:attachment":[{"href":"https:\/\/www.fleurop-home.ch\/fr-ch\/wp-json\/wp\/v2\/media?parent=71862"}],"wp:term":[{"taxonomy":"product_brand","embeddable":true,"href":"https:\/\/www.fleurop-home.ch\/fr-ch\/wp-json\/wp\/v2\/product_brand?post=71862"},{"taxonomy":"product_cat","embeddable":true,"href":"https:\/\/www.fleurop-home.ch\/fr-ch\/wp-json\/wp\/v2\/product_cat?post=71862"},{"taxonomy":"product_tag","embeddable":true,"href":"https:\/\/www.fleurop-home.ch\/fr-ch\/wp-json\/wp\/v2\/product_tag?post=71862"},{"taxonomy":"woo-feed-brand","embeddable":true,"href":"https:\/\/www.fleurop-home.ch\/fr-ch\/wp-json\/wp\/v2\/woo-feed-brand?post=71862"}],"curies":[{"name":"wp","href":"https:\/\/api.w.org\/{rel}","templated":true}]}}