{"id":71846,"date":"2026-01-13T14:47:43","date_gmt":"2026-01-13T13:47:43","guid":{"rendered":"https:\/\/www.fleurop-home.ch\/fr-ch\/?post_type=product&#038;p=71846"},"modified":"2026-04-15T16:22:50","modified_gmt":"2026-04-15T14:22:50","slug":"boite-a-roses-infinity-2","status":"publish","type":"product","link":"https:\/\/www.fleurop-home.ch\/fr-ch\/p\/infinity-rosenschachtel","title":{"rendered":"Bo\u00eete \u00e0 roses Infinity"},"content":{"rendered":"<p>Cette magnifique bo\u00eete blanche contient 12 roses saumon, 6 roses rouges, des plantes conserv\u00e9es et d'autres plantes. Elle ne n\u00e9cessite aucun entretien et dure plusieurs ann\u00e9es. Un magnifique cadeau pour la Saint-Valentin, la f\u00eate des m\u00e8res ou toute autre occasion.<\/p>","protected":false},"excerpt":{"rendered":"<p>Bo\u00eete blanche avec 12 roses de couleur saumon et 6 petites roses rouges.<\/p>","protected":false},"featured_media":71847,"template":"","meta":[],"product_brand":[],"product_cat":[102,23,1003,999,26],"product_tag":[1135],"woo-feed-brand":[],"class_list":{"0":"post-71846","1":"product","2":"type-product","3":"status-publish","4":"has-post-thumbnail","6":"product_cat-infinity-rosen","7":"product_cat-home-living","8":"product_cat-fuer-sie","9":"product_cat-valentinstag","10":"product_cat-blumen-pflanzen","11":"product_tag-mon-reve-fleuri","13":"first","14":"instock","15":"taxable","16":"shipping-taxable","17":"purchasable","18":"product-type-simple"},"_links":{"self":[{"href":"https:\/\/www.fleurop-home.ch\/fr-ch\/wp-json\/wp\/v2\/product\/71846","targetHints":{"allow":["GET"]}}],"collection":[{"href":"https:\/\/www.fleurop-home.ch\/fr-ch\/wp-json\/wp\/v2\/product"}],"about":[{"href":"https:\/\/www.fleurop-home.ch\/fr-ch\/wp-json\/wp\/v2\/types\/product"}],"wp:featuredmedia":[{"embeddable":true,"href":"https:\/\/www.fleurop-home.ch\/fr-ch\/wp-json\/wp\/v2\/media\/71847"}],"wp:attachment":[{"href":"https:\/\/www.fleurop-home.ch\/fr-ch\/wp-json\/wp\/v2\/media?parent=71846"}],"wp:term":[{"taxonomy":"product_brand","embeddable":true,"href":"https:\/\/www.fleurop-home.ch\/fr-ch\/wp-json\/wp\/v2\/product_brand?post=71846"},{"taxonomy":"product_cat","embeddable":true,"href":"https:\/\/www.fleurop-home.ch\/fr-ch\/wp-json\/wp\/v2\/product_cat?post=71846"},{"taxonomy":"product_tag","embeddable":true,"href":"https:\/\/www.fleurop-home.ch\/fr-ch\/wp-json\/wp\/v2\/product_tag?post=71846"},{"taxonomy":"woo-feed-brand","embeddable":true,"href":"https:\/\/www.fleurop-home.ch\/fr-ch\/wp-json\/wp\/v2\/woo-feed-brand?post=71846"}],"curies":[{"name":"wp","href":"https:\/\/api.w.org\/{rel}","templated":true}]}}