{"id":71838,"date":"2026-01-13T14:08:57","date_gmt":"2026-01-13T13:08:57","guid":{"rendered":"https:\/\/www.fleurop-home.ch\/fr-ch\/?post_type=product&#038;p=71838"},"modified":"2026-04-15T16:22:19","modified_gmt":"2026-04-15T14:22:19","slug":"coeur-de-cloche-blanc","status":"publish","type":"product","link":"https:\/\/www.fleurop-home.ch\/fr-ch\/p\/weisse-glockenherz","title":{"rendered":"C\u0153ur de cloche blanc"},"content":{"rendered":"<p>Cette cloche en verre avec un c\u0153ur au sommet, compos\u00e9e de deux roses blanches conserv\u00e9es et d'autres plantes, ne n\u00e9cessite aucun entretien et dure plusieurs ann\u00e9es. Un magnifique cadeau pour la Saint-Valentin, la f\u00eate des m\u00e8res ou toute autre occasion.<br \/>\n23 cm de haut et 14 cm de diam\u00e8tre.<\/p>","protected":false},"excerpt":{"rendered":"<p>Cloche en verre dans les tons blancs<\/p>","protected":false},"featured_media":71839,"template":"","meta":[],"product_brand":[],"product_cat":[102,23,1000,999,26],"product_tag":[1135],"woo-feed-brand":[],"class_list":{"0":"post-71838","1":"product","2":"type-product","3":"status-publish","4":"has-post-thumbnail","6":"product_cat-infinity-rosen","7":"product_cat-home-living","8":"product_cat-valentinstagsdeko","9":"product_cat-valentinstag","10":"product_cat-blumen-pflanzen","11":"product_tag-mon-reve-fleuri","13":"first","14":"instock","15":"taxable","16":"shipping-taxable","17":"purchasable","18":"product-type-simple"},"_links":{"self":[{"href":"https:\/\/www.fleurop-home.ch\/fr-ch\/wp-json\/wp\/v2\/product\/71838","targetHints":{"allow":["GET"]}}],"collection":[{"href":"https:\/\/www.fleurop-home.ch\/fr-ch\/wp-json\/wp\/v2\/product"}],"about":[{"href":"https:\/\/www.fleurop-home.ch\/fr-ch\/wp-json\/wp\/v2\/types\/product"}],"wp:featuredmedia":[{"embeddable":true,"href":"https:\/\/www.fleurop-home.ch\/fr-ch\/wp-json\/wp\/v2\/media\/71839"}],"wp:attachment":[{"href":"https:\/\/www.fleurop-home.ch\/fr-ch\/wp-json\/wp\/v2\/media?parent=71838"}],"wp:term":[{"taxonomy":"product_brand","embeddable":true,"href":"https:\/\/www.fleurop-home.ch\/fr-ch\/wp-json\/wp\/v2\/product_brand?post=71838"},{"taxonomy":"product_cat","embeddable":true,"href":"https:\/\/www.fleurop-home.ch\/fr-ch\/wp-json\/wp\/v2\/product_cat?post=71838"},{"taxonomy":"product_tag","embeddable":true,"href":"https:\/\/www.fleurop-home.ch\/fr-ch\/wp-json\/wp\/v2\/product_tag?post=71838"},{"taxonomy":"woo-feed-brand","embeddable":true,"href":"https:\/\/www.fleurop-home.ch\/fr-ch\/wp-json\/wp\/v2\/woo-feed-brand?post=71838"}],"curies":[{"name":"wp","href":"https:\/\/api.w.org\/{rel}","templated":true}]}}