{"id":71795,"date":"2026-01-11T13:52:34","date_gmt":"2026-01-11T12:52:34","guid":{"rendered":"https:\/\/www.fleurop-home.ch\/de-ch\/?post_type=product&#038;p=71795"},"modified":"2026-04-15T16:22:10","modified_gmt":"2026-04-15T14:22:10","slug":"set-cadeau-burner-blanc-cire-parfumee-a-la-citronnelle","status":"publish","type":"product","link":"https:\/\/www.fleurop-home.ch\/fr-ch\/p\/geschenkset-burner-weiss-duftwachs-citronella","title":{"rendered":"Set cadeau Burner blanc &amp; cire parfum\u00e9e \u00e0 la citronnelle"},"content":{"rendered":"<div class=\"info-block--item\">\n<div>\n<h3 data-pm-slice=\"1 1 []\">Citronella - fra\u00eecheur estivale p\u00e9tillante<\/h3>\n<p>La citronnelle est l'incarnation de l'\u00e9nergie et de la l\u00e9g\u00e8ret\u00e9 estivale. Le parfum se distingue par sa note d'agrumes p\u00e9tillante et puissante qui diffuse une fra\u00eecheur imm\u00e9diate et revigore les esprits fatigu\u00e9s. Avec son caract\u00e8re pur et clair, elle cr\u00e9e une atmosph\u00e8re harmonieuse qui apporte de la vitalit\u00e9, surtout pendant les journ\u00e9es chaudes. En plus de son effet rafra\u00eechissant, la citronnelle est le compagnon id\u00e9al des douces soir\u00e9es d'\u00e9t\u00e9 sur la terrasse ou le balcon, car elle favorise naturellement un environnement ext\u00e9rieur insouciant. Que ce soit dans la cuisine, dans le jardin d'hiver ou dans le jardin, ce parfum apporte une fra\u00eecheur \u00e9clatante \u00e0 chaque instant.<\/p>\n<\/div>\n<\/div>\n<div class=\"info-block--item\">\n<div><strong>Instructions :<\/strong><\/div>\n<div>Utilise au moins trois bonbons de cire parfum\u00e9e. Place les bonbons de cire parfum\u00e9e dans le haut du br\u00fbleur \u00e0 cire. Place le br\u00fbleur de cire sur une surface plane. Allume une bougie chauffe-plat en bas du br\u00fbleur, laisse fondre les chocolats de cire parfum\u00e9e et profite des d\u00e9licieux parfums.<\/div>\n<\/div>","protected":false},"excerpt":{"rendered":"<p>Un super set cadeau avec le br\u00fbleur de cire parfum\u00e9e classique associ\u00e9 aux pralines de cire parfum\u00e9e modernes.<\/p>","protected":false},"featured_media":71796,"template":"","meta":[],"product_brand":[],"product_cat":[99,23,1023,797,28,52,53],"product_tag":[1094],"woo-feed-brand":[],"class_list":{"0":"post-71795","1":"product","2":"type-product","3":"status-publish","4":"has-post-thumbnail","6":"product_cat-duftkerzen","7":"product_cat-home-living","8":"product_cat-fuer-mama","9":"product_cat-muttertag","10":"product_cat-kerzen-lichter","11":"product_cat-geschenke","12":"product_cat-geschenksets","13":"product_tag-corinas","15":"first","16":"instock","17":"taxable","18":"shipping-taxable","19":"purchasable","20":"product-type-simple"},"_links":{"self":[{"href":"https:\/\/www.fleurop-home.ch\/fr-ch\/wp-json\/wp\/v2\/product\/71795","targetHints":{"allow":["GET"]}}],"collection":[{"href":"https:\/\/www.fleurop-home.ch\/fr-ch\/wp-json\/wp\/v2\/product"}],"about":[{"href":"https:\/\/www.fleurop-home.ch\/fr-ch\/wp-json\/wp\/v2\/types\/product"}],"wp:featuredmedia":[{"embeddable":true,"href":"https:\/\/www.fleurop-home.ch\/fr-ch\/wp-json\/wp\/v2\/media\/71796"}],"wp:attachment":[{"href":"https:\/\/www.fleurop-home.ch\/fr-ch\/wp-json\/wp\/v2\/media?parent=71795"}],"wp:term":[{"taxonomy":"product_brand","embeddable":true,"href":"https:\/\/www.fleurop-home.ch\/fr-ch\/wp-json\/wp\/v2\/product_brand?post=71795"},{"taxonomy":"product_cat","embeddable":true,"href":"https:\/\/www.fleurop-home.ch\/fr-ch\/wp-json\/wp\/v2\/product_cat?post=71795"},{"taxonomy":"product_tag","embeddable":true,"href":"https:\/\/www.fleurop-home.ch\/fr-ch\/wp-json\/wp\/v2\/product_tag?post=71795"},{"taxonomy":"woo-feed-brand","embeddable":true,"href":"https:\/\/www.fleurop-home.ch\/fr-ch\/wp-json\/wp\/v2\/woo-feed-brand?post=71795"}],"curies":[{"name":"wp","href":"https:\/\/api.w.org\/{rel}","templated":true}]}}