{"id":71705,"date":"2026-01-08T14:30:36","date_gmt":"2026-01-08T13:30:36","guid":{"rendered":"https:\/\/www.fleurop-home.ch\/de-ch\/?post_type=product&#038;p=71705"},"modified":"2026-04-15T16:21:54","modified_gmt":"2026-04-15T14:21:54","slug":"lumiere-solaire-bug-light-ladybird","status":"publish","type":"product","link":"https:\/\/www.fleurop-home.ch\/fr-ch\/p\/solarlicht-bug-light-ladybird","title":{"rendered":"Lumi\u00e8re solaire Bug Light Ladybird"},"content":{"rendered":"<p>Donne \u00e0 ton jardin ou \u00e0 ton balcon une d\u00e9coration enchanteresse avec notre suspension lumineuse en forme de coccinelle. Cette charmante suspension lumineuse s'int\u00e8gre parfaitement dans la nature et cr\u00e9e une atmosph\u00e8re ludique.<\/p>\n<p>Taille : 11.5 x 12.5 x 12 cm<\/p>","protected":false},"excerpt":{"rendered":"<p>Taille : 11.5 x 12.5 x 12 cm<\/p>","protected":false},"featured_media":71706,"template":"","meta":[],"product_brand":[],"product_cat":[35,34],"product_tag":[973],"woo-feed-brand":[],"class_list":{"0":"post-71705","1":"product","2":"type-product","3":"status-publish","4":"has-post-thumbnail","6":"product_cat-gartendeko","7":"product_cat-garten-balkon","8":"product_tag-samen-mauser","10":"first","11":"instock","12":"taxable","13":"shipping-taxable","14":"purchasable","15":"product-type-simple"},"_links":{"self":[{"href":"https:\/\/www.fleurop-home.ch\/fr-ch\/wp-json\/wp\/v2\/product\/71705","targetHints":{"allow":["GET"]}}],"collection":[{"href":"https:\/\/www.fleurop-home.ch\/fr-ch\/wp-json\/wp\/v2\/product"}],"about":[{"href":"https:\/\/www.fleurop-home.ch\/fr-ch\/wp-json\/wp\/v2\/types\/product"}],"wp:featuredmedia":[{"embeddable":true,"href":"https:\/\/www.fleurop-home.ch\/fr-ch\/wp-json\/wp\/v2\/media\/71706"}],"wp:attachment":[{"href":"https:\/\/www.fleurop-home.ch\/fr-ch\/wp-json\/wp\/v2\/media?parent=71705"}],"wp:term":[{"taxonomy":"product_brand","embeddable":true,"href":"https:\/\/www.fleurop-home.ch\/fr-ch\/wp-json\/wp\/v2\/product_brand?post=71705"},{"taxonomy":"product_cat","embeddable":true,"href":"https:\/\/www.fleurop-home.ch\/fr-ch\/wp-json\/wp\/v2\/product_cat?post=71705"},{"taxonomy":"product_tag","embeddable":true,"href":"https:\/\/www.fleurop-home.ch\/fr-ch\/wp-json\/wp\/v2\/product_tag?post=71705"},{"taxonomy":"woo-feed-brand","embeddable":true,"href":"https:\/\/www.fleurop-home.ch\/fr-ch\/wp-json\/wp\/v2\/woo-feed-brand?post=71705"}],"curies":[{"name":"wp","href":"https:\/\/api.w.org\/{rel}","templated":true}]}}