{"id":71701,"date":"2026-01-08T14:22:17","date_gmt":"2026-01-08T13:22:17","guid":{"rendered":"https:\/\/www.fleurop-home.ch\/de-ch\/?post_type=product&#038;p=71701"},"modified":"2026-04-15T16:21:48","modified_gmt":"2026-04-15T14:21:48","slug":"lampe-solaire-silhouette-daisy-cow","status":"publish","type":"product","link":"https:\/\/www.fleurop-home.ch\/fr-ch\/p\/solar-silhouette-lampe-daisy-cow","title":{"rendered":"Lampe solaire Silhouette Daisy Cow"},"content":{"rendered":"<p>Vache d\u00e9corative unique en m\u00e9tal, fabriqu\u00e9e \u00e0 la main, avec de beaux d\u00e9tails d\u00e9coup\u00e9s. D\u00e9coration de jardin le jour et lumi\u00e8re de silhouette la nuit. Id\u00e9al pour les tables de jardin, les terrasses ou les rev\u00eatements de terrasse. S'illumine en blanc et en couleur, cr\u00e9e un motif d\u00e9coratif en volutes sur n'importe quelle surface.<\/p>\n<p>Taille : environ 26 x 39 x 23 cm<\/p>","protected":false},"excerpt":{"rendered":"<p>Taille : environ 26 x 39 x 23 cm<\/p>","protected":false},"featured_media":71702,"template":"","meta":[],"product_brand":[],"product_cat":[35,34],"product_tag":[973],"woo-feed-brand":[],"class_list":{"0":"post-71701","1":"product","2":"type-product","3":"status-publish","4":"has-post-thumbnail","6":"product_cat-gartendeko","7":"product_cat-garten-balkon","8":"product_tag-samen-mauser","10":"first","11":"instock","12":"taxable","13":"shipping-taxable","14":"purchasable","15":"product-type-simple"},"_links":{"self":[{"href":"https:\/\/www.fleurop-home.ch\/fr-ch\/wp-json\/wp\/v2\/product\/71701","targetHints":{"allow":["GET"]}}],"collection":[{"href":"https:\/\/www.fleurop-home.ch\/fr-ch\/wp-json\/wp\/v2\/product"}],"about":[{"href":"https:\/\/www.fleurop-home.ch\/fr-ch\/wp-json\/wp\/v2\/types\/product"}],"wp:featuredmedia":[{"embeddable":true,"href":"https:\/\/www.fleurop-home.ch\/fr-ch\/wp-json\/wp\/v2\/media\/71702"}],"wp:attachment":[{"href":"https:\/\/www.fleurop-home.ch\/fr-ch\/wp-json\/wp\/v2\/media?parent=71701"}],"wp:term":[{"taxonomy":"product_brand","embeddable":true,"href":"https:\/\/www.fleurop-home.ch\/fr-ch\/wp-json\/wp\/v2\/product_brand?post=71701"},{"taxonomy":"product_cat","embeddable":true,"href":"https:\/\/www.fleurop-home.ch\/fr-ch\/wp-json\/wp\/v2\/product_cat?post=71701"},{"taxonomy":"product_tag","embeddable":true,"href":"https:\/\/www.fleurop-home.ch\/fr-ch\/wp-json\/wp\/v2\/product_tag?post=71701"},{"taxonomy":"woo-feed-brand","embeddable":true,"href":"https:\/\/www.fleurop-home.ch\/fr-ch\/wp-json\/wp\/v2\/woo-feed-brand?post=71701"}],"curies":[{"name":"wp","href":"https:\/\/api.w.org\/{rel}","templated":true}]}}