{"id":71699,"date":"2026-01-08T14:19:43","date_gmt":"2026-01-08T13:19:43","guid":{"rendered":"https:\/\/www.fleurop-home.ch\/de-ch\/?post_type=product&#038;p=71699"},"modified":"2026-04-15T16:24:09","modified_gmt":"2026-04-15T14:24:09","slug":"lampe-solaire-silhouette-dolly-sheep","status":"publish","type":"product","link":"https:\/\/www.fleurop-home.ch\/fr-ch\/p\/solar-silhouette-lampe-dolly-sheep","title":{"rendered":"Lampe solaire silhouette Dolly Sheep"},"content":{"rendered":"<p>Mouton d\u00e9coratif unique en m\u00e9tal, fabriqu\u00e9 \u00e0 la main, avec de beaux d\u00e9tails d\u00e9coup\u00e9s. D\u00e9coration de jardin le jour et lumi\u00e8re de silhouette la nuit. Id\u00e9al pour les tables de jardin, les terrasses ou les rev\u00eatements de terrasse. S'illumine en blanc et en couleur, cr\u00e9e un motif d\u00e9coratif en volutes sur n'importe quelle surface.<\/p>\n<p>hauteur environ 28cm<\/p>","protected":false},"excerpt":{"rendered":"<p>hauteur environ 28cm<\/p>","protected":false},"featured_media":71700,"template":"","meta":[],"product_brand":[],"product_cat":[35,34],"product_tag":[973],"woo-feed-brand":[],"class_list":{"0":"post-71699","1":"product","2":"type-product","3":"status-publish","4":"has-post-thumbnail","6":"product_cat-gartendeko","7":"product_cat-garten-balkon","8":"product_tag-samen-mauser","10":"first","11":"instock","12":"taxable","13":"shipping-taxable","14":"purchasable","15":"product-type-simple"},"_links":{"self":[{"href":"https:\/\/www.fleurop-home.ch\/fr-ch\/wp-json\/wp\/v2\/product\/71699","targetHints":{"allow":["GET"]}}],"collection":[{"href":"https:\/\/www.fleurop-home.ch\/fr-ch\/wp-json\/wp\/v2\/product"}],"about":[{"href":"https:\/\/www.fleurop-home.ch\/fr-ch\/wp-json\/wp\/v2\/types\/product"}],"wp:featuredmedia":[{"embeddable":true,"href":"https:\/\/www.fleurop-home.ch\/fr-ch\/wp-json\/wp\/v2\/media\/71700"}],"wp:attachment":[{"href":"https:\/\/www.fleurop-home.ch\/fr-ch\/wp-json\/wp\/v2\/media?parent=71699"}],"wp:term":[{"taxonomy":"product_brand","embeddable":true,"href":"https:\/\/www.fleurop-home.ch\/fr-ch\/wp-json\/wp\/v2\/product_brand?post=71699"},{"taxonomy":"product_cat","embeddable":true,"href":"https:\/\/www.fleurop-home.ch\/fr-ch\/wp-json\/wp\/v2\/product_cat?post=71699"},{"taxonomy":"product_tag","embeddable":true,"href":"https:\/\/www.fleurop-home.ch\/fr-ch\/wp-json\/wp\/v2\/product_tag?post=71699"},{"taxonomy":"woo-feed-brand","embeddable":true,"href":"https:\/\/www.fleurop-home.ch\/fr-ch\/wp-json\/wp\/v2\/woo-feed-brand?post=71699"}],"curies":[{"name":"wp","href":"https:\/\/api.w.org\/{rel}","templated":true}]}}