{"id":71640,"date":"2026-01-08T11:28:41","date_gmt":"2026-01-08T10:28:41","guid":{"rendered":"https:\/\/www.fleurop-home.ch\/de-ch\/?post_type=product&#038;p=71640"},"modified":"2026-04-15T16:21:33","modified_gmt":"2026-04-15T14:21:33","slug":"genouillere-pliable","status":"publish","type":"product","link":"https:\/\/www.fleurop-home.ch\/fr-ch\/p\/klappbare-kniebank","title":{"rendered":"Banc \u00e0 genoux pliable"},"content":{"rendered":"<p>Le jardinage ne doit pas \u00eatre fatigant - avec le pratique Kneelerseat, chaque activit\u00e9 dans la nature devient nettement plus confortable. \u00c9quip\u00e9 d'un cadre m\u00e9tallique robuste et d'un coussin pour les genoux bien rembourr\u00e9, cet outil multifonctionnel prot\u00e8ge tes genoux et ton dos. Le Kneelerseat se plie en un clin d'\u0153il et se range de mani\u00e8re peu encombrante - id\u00e9al pour chaque abri de jardin ou balcon. Que ce soit comme si\u00e8ge pour planter ou comme aide pour les genoux lors du d\u00e9sherbage, cette aide est flexible et rend le jardinage beaucoup plus agr\u00e9able.<\/p>\n<p>Dimensions : 50 x 60 x 27 cm<\/p>","protected":false},"excerpt":{"rendered":"<p>Dimensions : 50 x 60 x 27 cm<\/p>","protected":false},"featured_media":71641,"template":"","meta":[],"product_brand":[],"product_cat":[1062,34,39],"product_tag":[973],"woo-feed-brand":[],"class_list":{"0":"post-71640","1":"product","2":"type-product","3":"status-publish","4":"has-post-thumbnail","6":"product_cat-gartenwerkzeug","7":"product_cat-garten-balkon","8":"product_cat-gartenzubehoer","9":"product_tag-samen-mauser","11":"first","12":"instock","13":"taxable","14":"shipping-taxable","15":"purchasable","16":"product-type-simple"},"_links":{"self":[{"href":"https:\/\/www.fleurop-home.ch\/fr-ch\/wp-json\/wp\/v2\/product\/71640","targetHints":{"allow":["GET"]}}],"collection":[{"href":"https:\/\/www.fleurop-home.ch\/fr-ch\/wp-json\/wp\/v2\/product"}],"about":[{"href":"https:\/\/www.fleurop-home.ch\/fr-ch\/wp-json\/wp\/v2\/types\/product"}],"wp:featuredmedia":[{"embeddable":true,"href":"https:\/\/www.fleurop-home.ch\/fr-ch\/wp-json\/wp\/v2\/media\/71641"}],"wp:attachment":[{"href":"https:\/\/www.fleurop-home.ch\/fr-ch\/wp-json\/wp\/v2\/media?parent=71640"}],"wp:term":[{"taxonomy":"product_brand","embeddable":true,"href":"https:\/\/www.fleurop-home.ch\/fr-ch\/wp-json\/wp\/v2\/product_brand?post=71640"},{"taxonomy":"product_cat","embeddable":true,"href":"https:\/\/www.fleurop-home.ch\/fr-ch\/wp-json\/wp\/v2\/product_cat?post=71640"},{"taxonomy":"product_tag","embeddable":true,"href":"https:\/\/www.fleurop-home.ch\/fr-ch\/wp-json\/wp\/v2\/product_tag?post=71640"},{"taxonomy":"woo-feed-brand","embeddable":true,"href":"https:\/\/www.fleurop-home.ch\/fr-ch\/wp-json\/wp\/v2\/woo-feed-brand?post=71640"}],"curies":[{"name":"wp","href":"https:\/\/api.w.org\/{rel}","templated":true}]}}